{"id":863,"date":"2017-08-24T02:37:06","date_gmt":"2017-08-24T02:37:06","guid":{"rendered":"http:\/\/themes.g5plus.net\/ruby-build\/?page_id=863"},"modified":"2026-01-22T22:55:48","modified_gmt":"2026-01-22T19:55:48","slug":"nirxen-sazi","status":"publish","type":"page","link":"https:\/\/sulekablo.com.tr\/ku\/nirxen-sazi\/","title":{"rendered":"Nirx\u00ean Me y\u00ean Saz\u00ee"},"content":{"rendered":"<p>[vc_row equal_height=&#8221;yes&#8221;][vc_column width=&#8221;1\/2&#8243; offset=&#8221;vc_col-md-4&#8243;][gsf_icon_box icon_font=&#8221;flaticon-tools-1&#8243; title=&#8221;B\u00eak\u00eamasiya Operasyonel&#8221; description=&#8221;P\u00eavajoya hilber\u00eena berhem\u00ean me, di bin kontrola standard\u00ean bilind de \u00fb bi giringiya kal\u00eetey\u00ea bi baldar\u00ee hatiye plankirin. Hem\u00fb organ\u00eezasyon, bi armanca b\u00eak\u00eamasiy\u00ea kar\u00ean xwe dime\u015f\u00eene.&#8221; box_shadow_hover=&#8221;&#8221; link=&#8221;url:%23|||&#8221; el_class=&#8221;&#8221;][\/vc_column][vc_column el_class=&#8221;xs-mg-top-40&#8243; width=&#8221;1\/2&#8243; offset=&#8221;vc_col-md-4&#8243;][gsf_icon_box icon_font=&#8221;flaticon-drawing&#8221; title=&#8221;P\u00ea\u015fketina Berdewam&#8221; description=&#8221;Em ge\u015fedan\u00ean sektor\u00ea ji n\u00eaz ve di\u015fop\u00eenin \u00fb bi lihevkirina n\u00fbjeniy\u00ean teknoloj\u00eek re p\u00eavajoy\u00ean kar\u00ean xwe her tim p\u00ea\u015f dixin. Bi v\u00ee reng\u00ee, em dikarin her tim \u00e7areseriy\u00ean n\u00fbjen \u00fb bibandor p\u00ea\u015fk\u00ea\u015f\u00ee mi\u015fteriy\u00ean xwe bikin.&#8221; box_shadow_hover=&#8221;&#8221; link=&#8221;url:%23|||&#8221; el_class=&#8221;&#8221;][\/vc_column][vc_column el_class=&#8221;sm-mg-top-50,xs-mg-top-40&#8243; width=&#8221;1\/2&#8243; offset=&#8221;vc_col-md-4&#8243;][gsf_icon_box icon_font=&#8221;flaticon-laptop&#8221; title=&#8221;Berhem\u00ean Kal\u00eeteya Bilind&#8221; description=&#8221;Di dema hilber\u00een\u00ea de \u00fb pi\u015ft\u00ee w\u00ea, em p\u00eavajoy\u00ean kontrolkirina kal\u00eetey\u00ea ya berhem\u00ean xwe bi baldar\u00ee p\u00eak t\u00eenin \u00fb em qet taw\u00eezan ji kal\u00eetey\u00ea nadin. Dab\u00eenkirina kal\u00eeteya bilind di her qonax\u00ea de, ji bo f\u00eermaya me p\u00ea\u015f\u00eeniya sereke ye.&#8221; box_shadow_hover=&#8221;&#8221; link=&#8221;url:%23|||&#8221; el_class=&#8221;&#8221;][\/vc_column][vc_column el_class=&#8221;mg-top-50&#8243; width=&#8221;1\/2&#8243; offset=&#8221;vc_col-md-4&#8243;][gsf_icon_box icon_font=&#8221;flaticon-tree&#8221; title=&#8221;R\u00eazgirtina Xwezay\u00ea&#8221; description=&#8221;Di p\u00eavajoy\u00ean hilber\u00een\u00ea de em r\u00eaz\u00ea li xwezay\u00ea digirin \u00fb bi prens\u00eeba domdariy\u00ea \u00e7alakiy\u00ean veguher\u00een\u00ea p\u00eak t\u00eenin. Em tu car\u00ee r\u00ea nadin rew\u015fek ku zirar\u00ea bide pa\u015feroja mirovahiy\u00ea \u00fb em berpirsiyariy\u00ean xwe y\u00ean j\u00eengeh\u00ea bi cih t\u00eenin.&#8221; box_shadow_hover=&#8221;&#8221; link=&#8221;url:%23|||&#8221; el_class=&#8221;&#8221;][\/vc_column][vc_column el_class=&#8221;mg-top-50,xs-mg-top-40&#8243; width=&#8221;1\/2&#8243; offset=&#8221;vc_col-md-4&#8243;][gsf_icon_box icon_font=&#8221;flaticon-broker&#8221; title=&#8221;Mi\u015fter\u00ee-Navend&#8221; description=&#8221;Bi mi\u015fteriy\u00ean xwe re ber\u00ee hilber\u00een\u00ea \u00fb di dema hilber\u00een\u00ea de hevd\u00eetin\u00ean h\u00fbr\u00fbgul p\u00eak t\u00eenin \u00fb em hilber\u00eena berheman li gor\u00ee hewcedariy\u00ean wan dab\u00een dikin. Bi giringiya dilxwe\u015fiya mi\u015fteriyan, em di her qonax\u00ea de \u00e7areseriy\u00ean mi\u015fter\u00ee-navend p\u00ea\u015fk\u00ea\u015f dikin.&#8221; box_shadow_hover=&#8221;&#8221; link=&#8221;url:%23|||&#8221; el_class=&#8221;&#8221;][\/vc_column][vc_column el_class=&#8221;mg-top-50,xs-mg-top-40&#8243; width=&#8221;1\/2&#8243; offset=&#8221;vc_col-md-4&#8243;][gsf_icon_box icon_font=&#8221;flaticon-flags-crossed&#8221; title=&#8221;Pi\u015ftgiriya Pi\u015ft\u00ee Firotin\u00ea&#8221; description=&#8221;Pi\u015ft\u00ee firotin\u00ea j\u00ee em xwed\u00ee li berhem\u00ean xwe derdikevin \u00fb ji bo dab\u00eenkirina dilxwe\u015fiya mi\u015fteriyan di asta her\u00ee bilind de xebat\u00ean xwe didom\u00eenin. Dilxwe\u015fiya ji berhem\u00ean me, ji bo me yek ji armanc\u00ean her\u00ee giring e.&#8221; box_shadow_hover=&#8221;&#8221; link=&#8221;url:%23|||&#8221; el_class=&#8221;&#8221;][\/vc_column][vc_column el_class=&#8221;mg-top-50&#8243; width=&#8221;1\/2&#8243; offset=&#8221;vc_col-md-4&#8243;][\/vc_column][vc_column el_class=&#8221;mg-top-50,xs-mg-top-40&#8243; width=&#8221;1\/2&#8243; offset=&#8221;vc_col-md-4&#8243;][\/vc_column][\/vc_row]<\/p>\n","protected":false},"excerpt":{"rendered":"<p>[vc_row equal_height=&#8221;yes&#8221;][vc_column width=&#8221;1\/2&#8243; offset=&#8221;vc_col-md-4&#8243;][gsf_icon_box icon_font=&#8221;flaticon-tools-1&#8243; title=&#8221;B\u00eak\u00eamasiya Operasyonel&#8221; description=&#8221;P\u00eavajoya hilber\u00eena berhem\u00ean me, di bin kontrola standard\u00ean bilind de \u00fb bi giringiya kal\u00eetey\u00ea bi baldar\u00ee hatiye plankirin. Hem\u00fb organ\u00eezasyon, bi armanca b\u00eak\u00eamasiy\u00ea kar\u00ean xwe dime\u015f\u00eene.&#8221; box_shadow_hover=&#8221;&#8221; link=&#8221;url:%23|||&#8221; el_class=&#8221;&#8221;][\/vc_column][vc_column el_class=&#8221;xs-mg-top-40&#8243; width=&#8221;1\/2&#8243; offset=&#8221;vc_col-md-4&#8243;][gsf_icon_box icon_font=&#8221;flaticon-drawing&#8221; title=&#8221;P\u00ea\u015fketina Berdewam&#8221; description=&#8221;Em ge\u015fedan\u00ean sektor\u00ea ji n\u00eaz ve di\u015fop\u00eenin \u00fb bi lihevkirina n\u00fbjeniy\u00ean teknoloj\u00eek re [&hellip;]<\/p>\n","protected":false},"author":1,"featured_media":0,"parent":0,"menu_order":0,"comment_status":"closed","ping_status":"closed","template":"","meta":{"_acf_changed":false,"footnotes":""},"class_list":["post-863","page","type-page","status-publish","hentry"],"acf":[],"yoast_head":"<!-- This site is optimized with the Yoast SEO plugin v27.0 - https:\/\/yoast.com\/product\/yoast-seo-wordpress\/ -->\n<title>Nirx\u00ean Me y\u00ean Saz\u00ee - \u015eule Kablo - Kurd\u00ee<\/title>\n<meta name=\"description\" content=\"Nirx\u00ean saz\u00ee y\u00ean \u015eule Kablo: B\u00eak\u00eamasiya operasyonel, p\u00ea\u015fketina berdewam, r\u00eazgirtina xwezay\u00ea \u00fb pi\u015ftgiriya pi\u015ft\u00ee firotin\u00ea. Ji bo \u00e7areseriy\u00ean...\" \/>\n<meta name=\"robots\" content=\"index, follow, max-snippet:-1, max-image-preview:large, max-video-preview:-1\" \/>\n<link rel=\"canonical\" href=\"https:\/\/sulekablo.com.tr\/ku\/nirxen-sazi\/\" \/>\n<meta property=\"og:locale\" content=\"tr_TR\" \/>\n<meta property=\"og:type\" content=\"article\" \/>\n<meta property=\"og:title\" content=\"Nirx\u00ean Me y\u00ean Saz\u00ee - \u015eule Kablo - Kurd\u00ee\" \/>\n<meta property=\"og:description\" content=\"Nirx\u00ean saz\u00ee y\u00ean \u015eule Kablo: B\u00eak\u00eamasiya operasyonel, p\u00ea\u015fketina berdewam, r\u00eazgirtina xwezay\u00ea \u00fb pi\u015ftgiriya pi\u015ft\u00ee firotin\u00ea. Ji bo \u00e7areseriy\u00ean...\" \/>\n<meta property=\"og:url\" content=\"https:\/\/sulekablo.com.tr\/ku\/nirxen-sazi\/\" \/>\n<meta property=\"og:site_name\" content=\"\u015eule Kablo - Kurd\u00ee\" \/>\n<meta property=\"article:modified_time\" content=\"2026-01-22T19:55:48+00:00\" \/>\n<meta name=\"twitter:card\" content=\"summary_large_image\" \/>\n<meta name=\"twitter:label1\" content=\"Tahmini okuma s\u00fcresi\" \/>\n\t<meta name=\"twitter:data1\" content=\"2 dakika\" \/>\n<script type=\"application\/ld+json\" class=\"yoast-schema-graph\">{\"@context\":\"https:\/\/schema.org\",\"@graph\":[{\"@type\":\"WebPage\",\"@id\":\"https:\/\/sulekablo.com.tr\/ku\/nirxen-sazi\/\",\"url\":\"https:\/\/sulekablo.com.tr\/ku\/nirxen-sazi\/\",\"name\":\"Nirx\u00ean Me y\u00ean Saz\u00ee - \u015eule Kablo - Kurd\u00ee\",\"isPartOf\":{\"@id\":\"https:\/\/sulekablo.com.tr\/ku\/#website\"},\"datePublished\":\"2017-08-24T02:37:06+00:00\",\"dateModified\":\"2026-01-22T19:55:48+00:00\",\"description\":\"Nirx\u00ean saz\u00ee y\u00ean \u015eule Kablo: B\u00eak\u00eamasiya operasyonel, p\u00ea\u015fketina berdewam, r\u00eazgirtina xwezay\u00ea \u00fb pi\u015ftgiriya pi\u015ft\u00ee firotin\u00ea. Ji bo \u00e7areseriy\u00ean...\",\"breadcrumb\":{\"@id\":\"https:\/\/sulekablo.com.tr\/ku\/nirxen-sazi\/#breadcrumb\"},\"inLanguage\":\"tr\",\"potentialAction\":[{\"@type\":\"ReadAction\",\"target\":[\"https:\/\/sulekablo.com.tr\/ku\/nirxen-sazi\/\"]}]},{\"@type\":\"BreadcrumbList\",\"@id\":\"https:\/\/sulekablo.com.tr\/ku\/nirxen-sazi\/#breadcrumb\",\"itemListElement\":[{\"@type\":\"ListItem\",\"position\":1,\"name\":\"Home\",\"item\":\"https:\/\/sulekablo.com.tr\/ku\/\"},{\"@type\":\"ListItem\",\"position\":2,\"name\":\"Nirx\u00ean Me y\u00ean Saz\u00ee\"}]},{\"@type\":\"WebSite\",\"@id\":\"https:\/\/sulekablo.com.tr\/ku\/#website\",\"url\":\"https:\/\/sulekablo.com.tr\/ku\/\",\"name\":\"\u015eule Kablo - Kurd\u00ee\",\"description\":\"Teknolojiya Daw\u00een di \u00c7\u00eakirina Kabloyan de\",\"potentialAction\":[{\"@type\":\"SearchAction\",\"target\":{\"@type\":\"EntryPoint\",\"urlTemplate\":\"https:\/\/sulekablo.com.tr\/ku\/?s={search_term_string}\"},\"query-input\":{\"@type\":\"PropertyValueSpecification\",\"valueRequired\":true,\"valueName\":\"search_term_string\"}}],\"inLanguage\":\"tr\"}]}<\/script>\n<!-- \/ Yoast SEO plugin. -->","yoast_head_json":{"title":"Nirx\u00ean Me y\u00ean Saz\u00ee - \u015eule Kablo - Kurd\u00ee","description":"Nirx\u00ean saz\u00ee y\u00ean \u015eule Kablo: B\u00eak\u00eamasiya operasyonel, p\u00ea\u015fketina berdewam, r\u00eazgirtina xwezay\u00ea \u00fb pi\u015ftgiriya pi\u015ft\u00ee firotin\u00ea. Ji bo \u00e7areseriy\u00ean...","robots":{"index":"index","follow":"follow","max-snippet":"max-snippet:-1","max-image-preview":"max-image-preview:large","max-video-preview":"max-video-preview:-1"},"canonical":"https:\/\/sulekablo.com.tr\/ku\/nirxen-sazi\/","og_locale":"tr_TR","og_type":"article","og_title":"Nirx\u00ean Me y\u00ean Saz\u00ee - \u015eule Kablo - Kurd\u00ee","og_description":"Nirx\u00ean saz\u00ee y\u00ean \u015eule Kablo: B\u00eak\u00eamasiya operasyonel, p\u00ea\u015fketina berdewam, r\u00eazgirtina xwezay\u00ea \u00fb pi\u015ftgiriya pi\u015ft\u00ee firotin\u00ea. Ji bo \u00e7areseriy\u00ean...","og_url":"https:\/\/sulekablo.com.tr\/ku\/nirxen-sazi\/","og_site_name":"\u015eule Kablo - Kurd\u00ee","article_modified_time":"2026-01-22T19:55:48+00:00","twitter_card":"summary_large_image","twitter_misc":{"Tahmini okuma s\u00fcresi":"2 dakika"},"schema":{"@context":"https:\/\/schema.org","@graph":[{"@type":"WebPage","@id":"https:\/\/sulekablo.com.tr\/ku\/nirxen-sazi\/","url":"https:\/\/sulekablo.com.tr\/ku\/nirxen-sazi\/","name":"Nirx\u00ean Me y\u00ean Saz\u00ee - \u015eule Kablo - Kurd\u00ee","isPartOf":{"@id":"https:\/\/sulekablo.com.tr\/ku\/#website"},"datePublished":"2017-08-24T02:37:06+00:00","dateModified":"2026-01-22T19:55:48+00:00","description":"Nirx\u00ean saz\u00ee y\u00ean \u015eule Kablo: B\u00eak\u00eamasiya operasyonel, p\u00ea\u015fketina berdewam, r\u00eazgirtina xwezay\u00ea \u00fb pi\u015ftgiriya pi\u015ft\u00ee firotin\u00ea. Ji bo \u00e7areseriy\u00ean...","breadcrumb":{"@id":"https:\/\/sulekablo.com.tr\/ku\/nirxen-sazi\/#breadcrumb"},"inLanguage":"tr","potentialAction":[{"@type":"ReadAction","target":["https:\/\/sulekablo.com.tr\/ku\/nirxen-sazi\/"]}]},{"@type":"BreadcrumbList","@id":"https:\/\/sulekablo.com.tr\/ku\/nirxen-sazi\/#breadcrumb","itemListElement":[{"@type":"ListItem","position":1,"name":"Home","item":"https:\/\/sulekablo.com.tr\/ku\/"},{"@type":"ListItem","position":2,"name":"Nirx\u00ean Me y\u00ean Saz\u00ee"}]},{"@type":"WebSite","@id":"https:\/\/sulekablo.com.tr\/ku\/#website","url":"https:\/\/sulekablo.com.tr\/ku\/","name":"\u015eule Kablo - Kurd\u00ee","description":"Teknolojiya Daw\u00een di \u00c7\u00eakirina Kabloyan de","potentialAction":[{"@type":"SearchAction","target":{"@type":"EntryPoint","urlTemplate":"https:\/\/sulekablo.com.tr\/ku\/?s={search_term_string}"},"query-input":{"@type":"PropertyValueSpecification","valueRequired":true,"valueName":"search_term_string"}}],"inLanguage":"tr"}]}},"_links":{"self":[{"href":"https:\/\/sulekablo.com.tr\/ku\/wp-json\/wp\/v2\/pages\/863","targetHints":{"allow":["GET"]}}],"collection":[{"href":"https:\/\/sulekablo.com.tr\/ku\/wp-json\/wp\/v2\/pages"}],"about":[{"href":"https:\/\/sulekablo.com.tr\/ku\/wp-json\/wp\/v2\/types\/page"}],"author":[{"embeddable":true,"href":"https:\/\/sulekablo.com.tr\/ku\/wp-json\/wp\/v2\/users\/1"}],"replies":[{"embeddable":true,"href":"https:\/\/sulekablo.com.tr\/ku\/wp-json\/wp\/v2\/comments?post=863"}],"version-history":[{"count":8,"href":"https:\/\/sulekablo.com.tr\/ku\/wp-json\/wp\/v2\/pages\/863\/revisions"}],"predecessor-version":[{"id":3369,"href":"https:\/\/sulekablo.com.tr\/ku\/wp-json\/wp\/v2\/pages\/863\/revisions\/3369"}],"wp:attachment":[{"href":"https:\/\/sulekablo.com.tr\/ku\/wp-json\/wp\/v2\/media?parent=863"}],"curies":[{"name":"wp","href":"https:\/\/api.w.org\/{rel}","templated":true}]}}