{"id":786,"date":"2017-08-23T03:42:16","date_gmt":"2017-08-23T03:42:16","guid":{"rendered":"http:\/\/themes.g5plus.net\/ruby-build\/?page_id=786"},"modified":"2021-03-28T14:31:22","modified_gmt":"2021-03-28T14:31:22","slug":"urunlerimiz","status":"publish","type":"page","link":"https:\/\/sulekablo.com.tr\/ku\/urunlerimiz\/","title":{"rendered":"\u00dcr\u00fcnlerimiz"},"content":{"rendered":"","protected":false},"excerpt":{"rendered":"","protected":false},"author":1,"featured_media":0,"parent":0,"menu_order":0,"comment_status":"closed","ping_status":"closed","template":"","meta":{"_acf_changed":false,"footnotes":""},"class_list":["post-786","page","type-page","status-publish","hentry"],"acf":[],"yoast_head":"<!-- This site is optimized with the Yoast SEO plugin v27.0 - https:\/\/yoast.com\/product\/yoast-seo-wordpress\/ -->\n<title>\u00dcr\u00fcnlerimiz - \u015eule Kablo - Kurd\u00ee<\/title>\n<meta name=\"robots\" content=\"index, follow, max-snippet:-1, max-image-preview:large, max-video-preview:-1\" \/>\n<link rel=\"canonical\" href=\"https:\/\/sulekablo.com.tr\/ku\/urunlerimiz\/\" \/>\n<meta property=\"og:locale\" content=\"tr_TR\" \/>\n<meta property=\"og:type\" content=\"article\" \/>\n<meta property=\"og:title\" content=\"\u00dcr\u00fcnlerimiz - \u015eule Kablo - Kurd\u00ee\" \/>\n<meta property=\"og:url\" content=\"https:\/\/sulekablo.com.tr\/ku\/urunlerimiz\/\" \/>\n<meta property=\"og:site_name\" content=\"\u015eule Kablo - Kurd\u00ee\" \/>\n<meta property=\"article:modified_time\" content=\"2021-03-28T14:31:22+00:00\" \/>\n<meta name=\"twitter:card\" content=\"summary_large_image\" \/>\n<script type=\"application\/ld+json\" class=\"yoast-schema-graph\">{\"@context\":\"https:\/\/schema.org\",\"@graph\":[{\"@type\":\"WebPage\",\"@id\":\"https:\/\/sulekablo.com.tr\/ku\/urunlerimiz\/\",\"url\":\"https:\/\/sulekablo.com.tr\/ku\/urunlerimiz\/\",\"name\":\"\u00dcr\u00fcnlerimiz - \u015eule Kablo - Kurd\u00ee\",\"isPartOf\":{\"@id\":\"https:\/\/sulekablo.com.tr\/ku\/#website\"},\"datePublished\":\"2017-08-23T03:42:16+00:00\",\"dateModified\":\"2021-03-28T14:31:22+00:00\",\"breadcrumb\":{\"@id\":\"https:\/\/sulekablo.com.tr\/ku\/urunlerimiz\/#breadcrumb\"},\"inLanguage\":\"tr\",\"potentialAction\":[{\"@type\":\"ReadAction\",\"target\":[\"https:\/\/sulekablo.com.tr\/ku\/urunlerimiz\/\"]}]},{\"@type\":\"BreadcrumbList\",\"@id\":\"https:\/\/sulekablo.com.tr\/ku\/urunlerimiz\/#breadcrumb\",\"itemListElement\":[{\"@type\":\"ListItem\",\"position\":1,\"name\":\"Home\",\"item\":\"https:\/\/sulekablo.com.tr\/ku\/\"},{\"@type\":\"ListItem\",\"position\":2,\"name\":\"\u00dcr\u00fcnlerimiz\"}]},{\"@type\":\"WebSite\",\"@id\":\"https:\/\/sulekablo.com.tr\/ku\/#website\",\"url\":\"https:\/\/sulekablo.com.tr\/ku\/\",\"name\":\"\u015eule Kablo - Kurd\u00ee\",\"description\":\"Teknolojiya Daw\u00een di \u00c7\u00eakirina Kabloyan de\",\"potentialAction\":[{\"@type\":\"SearchAction\",\"target\":{\"@type\":\"EntryPoint\",\"urlTemplate\":\"https:\/\/sulekablo.com.tr\/ku\/?s={search_term_string}\"},\"query-input\":{\"@type\":\"PropertyValueSpecification\",\"valueRequired\":true,\"valueName\":\"search_term_string\"}}],\"inLanguage\":\"tr\"}]}<\/script>\n<!-- \/ Yoast SEO plugin. -->","yoast_head_json":{"title":"\u00dcr\u00fcnlerimiz - \u015eule Kablo - Kurd\u00ee","robots":{"index":"index","follow":"follow","max-snippet":"max-snippet:-1","max-image-preview":"max-image-preview:large","max-video-preview":"max-video-preview:-1"},"canonical":"https:\/\/sulekablo.com.tr\/ku\/urunlerimiz\/","og_locale":"tr_TR","og_type":"article","og_title":"\u00dcr\u00fcnlerimiz - \u015eule Kablo - Kurd\u00ee","og_url":"https:\/\/sulekablo.com.tr\/ku\/urunlerimiz\/","og_site_name":"\u015eule Kablo - Kurd\u00ee","article_modified_time":"2021-03-28T14:31:22+00:00","twitter_card":"summary_large_image","schema":{"@context":"https:\/\/schema.org","@graph":[{"@type":"WebPage","@id":"https:\/\/sulekablo.com.tr\/ku\/urunlerimiz\/","url":"https:\/\/sulekablo.com.tr\/ku\/urunlerimiz\/","name":"\u00dcr\u00fcnlerimiz - \u015eule Kablo - Kurd\u00ee","isPartOf":{"@id":"https:\/\/sulekablo.com.tr\/ku\/#website"},"datePublished":"2017-08-23T03:42:16+00:00","dateModified":"2021-03-28T14:31:22+00:00","breadcrumb":{"@id":"https:\/\/sulekablo.com.tr\/ku\/urunlerimiz\/#breadcrumb"},"inLanguage":"tr","potentialAction":[{"@type":"ReadAction","target":["https:\/\/sulekablo.com.tr\/ku\/urunlerimiz\/"]}]},{"@type":"BreadcrumbList","@id":"https:\/\/sulekablo.com.tr\/ku\/urunlerimiz\/#breadcrumb","itemListElement":[{"@type":"ListItem","position":1,"name":"Home","item":"https:\/\/sulekablo.com.tr\/ku\/"},{"@type":"ListItem","position":2,"name":"\u00dcr\u00fcnlerimiz"}]},{"@type":"WebSite","@id":"https:\/\/sulekablo.com.tr\/ku\/#website","url":"https:\/\/sulekablo.com.tr\/ku\/","name":"\u015eule Kablo - Kurd\u00ee","description":"Teknolojiya Daw\u00een di \u00c7\u00eakirina Kabloyan de","potentialAction":[{"@type":"SearchAction","target":{"@type":"EntryPoint","urlTemplate":"https:\/\/sulekablo.com.tr\/ku\/?s={search_term_string}"},"query-input":{"@type":"PropertyValueSpecification","valueRequired":true,"valueName":"search_term_string"}}],"inLanguage":"tr"}]}},"_links":{"self":[{"href":"https:\/\/sulekablo.com.tr\/ku\/wp-json\/wp\/v2\/pages\/786","targetHints":{"allow":["GET"]}}],"collection":[{"href":"https:\/\/sulekablo.com.tr\/ku\/wp-json\/wp\/v2\/pages"}],"about":[{"href":"https:\/\/sulekablo.com.tr\/ku\/wp-json\/wp\/v2\/types\/page"}],"author":[{"embeddable":true,"href":"https:\/\/sulekablo.com.tr\/ku\/wp-json\/wp\/v2\/users\/1"}],"replies":[{"embeddable":true,"href":"https:\/\/sulekablo.com.tr\/ku\/wp-json\/wp\/v2\/comments?post=786"}],"version-history":[{"count":10,"href":"https:\/\/sulekablo.com.tr\/ku\/wp-json\/wp\/v2\/pages\/786\/revisions"}],"predecessor-version":[{"id":2358,"href":"https:\/\/sulekablo.com.tr\/ku\/wp-json\/wp\/v2\/pages\/786\/revisions\/2358"}],"wp:attachment":[{"href":"https:\/\/sulekablo.com.tr\/ku\/wp-json\/wp\/v2\/media?parent=786"}],"curies":[{"name":"wp","href":"https:\/\/api.w.org\/{rel}","templated":true}]}}