{"id":3388,"date":"2026-01-25T23:11:26","date_gmt":"2026-01-25T20:11:26","guid":{"rendered":"https:\/\/sulekablo.com.tr\/ku\/?page_id=3388"},"modified":"2026-02-06T13:16:20","modified_gmt":"2026-02-06T10:16:20","slug":"kabloyen-motore-servo","status":"publish","type":"page","link":"https:\/\/sulekablo.com.tr\/ku\/kabloyen-motore-servo\/","title":{"rendered":"Kabloy\u00ean Motor\u00ea Servo"},"content":{"rendered":"<p>[vc_row full_width=&#8221;stretch_row&#8221; css=&#8221;.vc_custom_1665011000001{padding-top: 60px !important;padding-bottom: 60px !important;background-color: #2c3e50 !important;}&#8221;][vc_column][vc_custom_heading text=&#8221;Kabloy\u00ean Motor\u00ea Servo&#8221; font_container=&#8221;tag:h2|text_align:center|color:%23ffffff&#8221; use_theme_fonts=&#8221;yes&#8221;][vc_column_text]<\/p>\n<p style=\"text-align: center; color: #ffffff; max-width: 700px; margin: auto;\">\u00c7areseriy\u00ean me y\u00ean kabloy\u00ean servo y\u00ean nerm \u00fb p\u00eabawer, ku xwed\u00ee lihevkirina elektromanyet\u00eek a bilind (EMC) in \u00fb bi taybet\u00ee ji bo konvertor\u00ean frekans\u00ea \u00fb pergal\u00ean ajoker\u00ean motor\u00ea servo hatine s\u00eawirandin.<\/p>\n<p>[\/vc_column_text][\/vc_column][\/vc_row][vc_row][vc_column css=&#8221;.vc_custom_1665012000002{padding-top: 50px !important;padding-bottom: 50px !important;}&#8221;][vc_accordion style=&#8221;modern&#8221; c_icon=&#8221;chevron&#8221; c_position=&#8221;right&#8221; css_animation=&#8221;fadeInUp&#8221; active_tab=&#8221;false&#8221;][vc_accordion_tab title=&#8221;2YSLCY-JB Kabloya Motor\u00ea Servo (Gewr)&#8221;][vc_column_text el_class=&#8221;&#8221;]<\/p>\n<p style=\"text-align: center;\"><img loading=\"lazy\" decoding=\"async\" src=\"https:\/\/sulekablo.com.tr\/wp-content\/uploads\/2025\/12\/Servo-2YSLCY-JB.jpg\" alt=\"2YSLCY-JB Kabloya Motor\u00ea Servo Gewr\" width=\"800\" height=\"400\" \/><\/p>\n<p><strong>2YSLCY-JB (Gewr)<\/strong>, di otomasyona endustriyal de ji bo veguhestina h\u00eaz\u00ea ya di navbera konvertor\u00ean frekans\u00ea (VFD) \u00fb motor\u00ean servo de hatiye s\u00eawirandin. Avahiya w\u00ea ya bi ekrana c\u00fbte (Folyoya al\u00fbm\u00eeny\u00fbm + Tevna sifir\u00ea tenekekir\u00ee), deng\u00ea elektromanyet\u00eek (EMI) ku ajoker\u00ean motor\u00ea diafir\u00eenin asteng dike \u00fb yekpareb\u00fbna s\u00eenyal\u00ea dipar\u00eaze. Bi saya avahiya xwe ya nerm, di par\u00e7ey\u00ean mak\u00eeney\u00ea y\u00ean livdar \u00fb kanal\u00ean kabloy\u00ea de \u00eemkan\u00ea montaja h\u00easan dab\u00een dike.<\/p>\n<p>Ji bo bikaran\u00eena li mekan\u00ean hundir\u00een \u00ean hi\u015fk, \u015fil an \u015filope guncav e. Bi taybetmendiya kapas\u00eetansa nizm, di navbera motor \u00fb ajoker de veguhestina enerjiy\u00ea ya b\u00eawindah\u00ee p\u00ea\u015fk\u00ea\u015f dike.<\/p>\n<p><strong>Ji bo taybetmendiy\u00ean tekn\u00eek\u00ee y\u00ean h\u00fbrgul\u00ee, agahiy\u00ean k\u00ea\u015fey\u00ea \u00fb sipar\u00ee\u015f\u00ea, ji <a href=\"https:\/\/sulekablo.com.tr\/ku\/tekili\/\">r\u00fbpela t\u00eakiliy\u00ea<\/a> an j\u00ee <a href=\"https:\/\/wa.me\/905078314535\" target=\"_blank\" rel=\"noopener\">ser Whatsapp\u00ea<\/a> bigih\u00eejin me.<\/strong><\/p>\n<p>[\/vc_column_text][\/vc_accordion_tab][vc_accordion_tab title=&#8221;2YSLCY-JB Kabloya Motor\u00ea Servo (Re\u015f)&#8221;][vc_column_text el_class=&#8221;&#8221;]<\/p>\n<p style=\"text-align: center;\"><img loading=\"lazy\" decoding=\"async\" src=\"https:\/\/sulekablo.com.tr\/wp-content\/uploads\/2025\/12\/Servo-2YSLCY-JB-Black.jpg\" alt=\"2YSLCY-JB Kabloya Motor\u00ea Servo Re\u015f\" width=\"800\" height=\"400\" \/><\/p>\n<p><strong>2YSLCY-JB (Re\u015f)<\/strong>, xwed\u00ee heman taybetmendiy\u00ean elektr\u00eek\u00ee y\u00ean bilind (parastina EMC, ekranlama c\u00fbte) e ku di kabloy\u00ean servo y\u00ean gewr \u00ean standart de hene. Bi saya kiliy\u00ea xwe y\u00ea derve y\u00ea re\u015f, di sehne, st\u00fbdyo an s\u00eawiran\u00ean mak\u00eeney\u00ea de ku p\u00eadiviy\u00ean estet\u00eek hene t\u00ea terc\u00eeh kirin.<\/p>\n<p>Bi nermb\u00fbna bilind, parastina tam a li hember paraz\u00eet\u00ean elektromanyet\u00eek \u00fb avahiya kiliy\u00ea derve y\u00ea berxwed\u00ear, di sepan\u00ean motor\u00ea servo, ajoker\u00ean m\u00eel \u00fb endezyariya mak\u00eeney\u00ea de \u00e7areseriyek demdir\u00eaj p\u00ea\u015fk\u00ea\u015f dike.<\/p>\n<p><strong>Ji bo taybetmendiy\u00ean tekn\u00eek\u00ee y\u00ean h\u00fbrgul\u00ee, agahiy\u00ean k\u00ea\u015fey\u00ea \u00fb sipar\u00ee\u015f\u00ea, ji <a href=\"https:\/\/sulekablo.com.tr\/ku\/tekili\/\">r\u00fbpela t\u00eakiliy\u00ea<\/a> an j\u00ee <a href=\"https:\/\/wa.me\/905078314535\" target=\"_blank\" rel=\"noopener\">ser Whatsapp\u00ea<\/a> bigih\u00eejin me.<\/strong>[\/vc_column_text][\/vc_accordion_tab][\/vc_accordion][\/vc_column][\/vc_row][vc_row full_width=&#8221;stretch_row&#8221; css=&#8221;.vc_custom_1665013000003{padding-top: 50px !important;padding-bottom: 50px !important;background-color: #f7f7f7 !important;}&#8221;][vc_column][vc_cta h2=&#8221;Ma We Ya Ku H\u00fbn L\u00ea Digerin Ned\u00eet?&#8221; h4=&#8221;An j\u00ee ji bo projeya we \u00e7areseriyek taybet hewce ye?&#8221; txt_align=&#8221;center&#8221; add_button=&#8221;bottom&#8221; btn_title=&#8221;Bi Me Re T\u00eakevin T\u00eakiliy\u00ea&#8221; btn_style=&#8221;classic&#8221; btn_shape=&#8221;round&#8221; btn_color=&#8221;primary&#8221; btn_align=&#8221;center&#8221; btn_link=&#8221;url:https%3A%2F%2Fsulekablo.com.tr%2Fku%2Ftekili%2F|title:T\u00eakil\u00ee&#8221;][\/vc_cta][\/vc_column][\/vc_row]<\/p>\n","protected":false},"excerpt":{"rendered":"<p>[vc_row full_width=&#8221;stretch_row&#8221; css=&#8221;.vc_custom_1665011000001{padding-top: 60px !important;padding-bottom: 60px !important;background-color: #2c3e50 !important;}&#8221;][vc_column][vc_custom_heading text=&#8221;Kabloy\u00ean Motor\u00ea Servo&#8221; font_container=&#8221;tag:h2|text_align:center|color:%23ffffff&#8221; use_theme_fonts=&#8221;yes&#8221;][vc_column_text] \u00c7areseriy\u00ean me y\u00ean kabloy\u00ean servo y\u00ean nerm \u00fb p\u00eabawer, ku xwed\u00ee lihevkirina elektromanyet\u00eek a bilind (EMC) in \u00fb bi taybet\u00ee ji bo konvertor\u00ean frekans\u00ea \u00fb pergal\u00ean ajoker\u00ean motor\u00ea servo hatine s\u00eawirandin. [\/vc_column_text][\/vc_column][\/vc_row][vc_row][vc_column css=&#8221;.vc_custom_1665012000002{padding-top: 50px !important;padding-bottom: 50px !important;}&#8221;][vc_accordion style=&#8221;modern&#8221; c_icon=&#8221;chevron&#8221; c_position=&#8221;right&#8221; css_animation=&#8221;fadeInUp&#8221; [&hellip;]<\/p>\n","protected":false},"author":1,"featured_media":0,"parent":0,"menu_order":0,"comment_status":"closed","ping_status":"closed","template":"","meta":{"_acf_changed":false,"footnotes":""},"class_list":["post-3388","page","type-page","status-publish","hentry"],"acf":[],"yoast_head":"<!-- This site is optimized with the Yoast SEO plugin v27.0 - https:\/\/yoast.com\/product\/yoast-seo-wordpress\/ -->\n<title>Kabloy\u00ean Motor\u00ea Servo - \u015eule Kablo - Kurd\u00ee<\/title>\n<meta name=\"description\" content=\"Kabloy\u00ean motor\u00ea servo y\u00ean \u015eule Kablo; model\u00ean 2YSLCY y\u00ean Gewr \u00fb Re\u015f. Ji bo konvertor\u00ean frekans\u00ea \u00fb motoran, parastina EMC, avahiya nerm \u00fb...\" \/>\n<meta name=\"robots\" content=\"index, follow, max-snippet:-1, max-image-preview:large, max-video-preview:-1\" \/>\n<link rel=\"canonical\" href=\"https:\/\/sulekablo.com.tr\/ku\/kabloyen-motore-servo\/\" \/>\n<meta property=\"og:locale\" content=\"tr_TR\" \/>\n<meta property=\"og:type\" content=\"article\" \/>\n<meta property=\"og:title\" content=\"Kabloy\u00ean Motor\u00ea Servo - \u015eule Kablo - Kurd\u00ee\" \/>\n<meta property=\"og:description\" content=\"Kabloy\u00ean motor\u00ea servo y\u00ean \u015eule Kablo; model\u00ean 2YSLCY y\u00ean Gewr \u00fb Re\u015f. Ji bo konvertor\u00ean frekans\u00ea \u00fb motoran, parastina EMC, avahiya nerm \u00fb...\" \/>\n<meta property=\"og:url\" content=\"https:\/\/sulekablo.com.tr\/ku\/kabloyen-motore-servo\/\" \/>\n<meta property=\"og:site_name\" content=\"\u015eule Kablo - Kurd\u00ee\" \/>\n<meta property=\"article:modified_time\" content=\"2026-02-06T10:16:20+00:00\" \/>\n<meta property=\"og:image\" content=\"https:\/\/sulekablo.com.tr\/wp-content\/uploads\/2025\/12\/Servo-2YSLCY-JB.jpg\" \/>\n<meta name=\"twitter:card\" content=\"summary_large_image\" \/>\n<meta name=\"twitter:label1\" content=\"Tahmini okuma s\u00fcresi\" \/>\n\t<meta name=\"twitter:data1\" content=\"3 dakika\" \/>\n<script type=\"application\/ld+json\" class=\"yoast-schema-graph\">{\"@context\":\"https:\/\/schema.org\",\"@graph\":[{\"@type\":\"WebPage\",\"@id\":\"https:\/\/sulekablo.com.tr\/ku\/kabloyen-motore-servo\/\",\"url\":\"https:\/\/sulekablo.com.tr\/ku\/kabloyen-motore-servo\/\",\"name\":\"Kabloy\u00ean Motor\u00ea Servo - \u015eule Kablo - Kurd\u00ee\",\"isPartOf\":{\"@id\":\"https:\/\/sulekablo.com.tr\/ku\/#website\"},\"primaryImageOfPage\":{\"@id\":\"https:\/\/sulekablo.com.tr\/ku\/kabloyen-motore-servo\/#primaryimage\"},\"image\":{\"@id\":\"https:\/\/sulekablo.com.tr\/ku\/kabloyen-motore-servo\/#primaryimage\"},\"thumbnailUrl\":\"https:\/\/sulekablo.com.tr\/wp-content\/uploads\/2025\/12\/Servo-2YSLCY-JB.jpg\",\"datePublished\":\"2026-01-25T20:11:26+00:00\",\"dateModified\":\"2026-02-06T10:16:20+00:00\",\"description\":\"Kabloy\u00ean motor\u00ea servo y\u00ean \u015eule Kablo; model\u00ean 2YSLCY y\u00ean Gewr \u00fb Re\u015f. Ji bo konvertor\u00ean frekans\u00ea \u00fb motoran, parastina EMC, avahiya nerm \u00fb...\",\"breadcrumb\":{\"@id\":\"https:\/\/sulekablo.com.tr\/ku\/kabloyen-motore-servo\/#breadcrumb\"},\"inLanguage\":\"tr\",\"potentialAction\":[{\"@type\":\"ReadAction\",\"target\":[\"https:\/\/sulekablo.com.tr\/ku\/kabloyen-motore-servo\/\"]}]},{\"@type\":\"ImageObject\",\"inLanguage\":\"tr\",\"@id\":\"https:\/\/sulekablo.com.tr\/ku\/kabloyen-motore-servo\/#primaryimage\",\"url\":\"https:\/\/sulekablo.com.tr\/wp-content\/uploads\/2025\/12\/Servo-2YSLCY-JB.jpg\",\"contentUrl\":\"https:\/\/sulekablo.com.tr\/wp-content\/uploads\/2025\/12\/Servo-2YSLCY-JB.jpg\"},{\"@type\":\"BreadcrumbList\",\"@id\":\"https:\/\/sulekablo.com.tr\/ku\/kabloyen-motore-servo\/#breadcrumb\",\"itemListElement\":[{\"@type\":\"ListItem\",\"position\":1,\"name\":\"Home\",\"item\":\"https:\/\/sulekablo.com.tr\/ku\/\"},{\"@type\":\"ListItem\",\"position\":2,\"name\":\"Kabloy\u00ean Motor\u00ea Servo\"}]},{\"@type\":\"WebSite\",\"@id\":\"https:\/\/sulekablo.com.tr\/ku\/#website\",\"url\":\"https:\/\/sulekablo.com.tr\/ku\/\",\"name\":\"\u015eule Kablo - Kurd\u00ee\",\"description\":\"Teknolojiya Daw\u00een di \u00c7\u00eakirina Kabloyan de\",\"potentialAction\":[{\"@type\":\"SearchAction\",\"target\":{\"@type\":\"EntryPoint\",\"urlTemplate\":\"https:\/\/sulekablo.com.tr\/ku\/?s={search_term_string}\"},\"query-input\":{\"@type\":\"PropertyValueSpecification\",\"valueRequired\":true,\"valueName\":\"search_term_string\"}}],\"inLanguage\":\"tr\"}]}<\/script>\n<!-- \/ Yoast SEO plugin. -->","yoast_head_json":{"title":"Kabloy\u00ean Motor\u00ea Servo - \u015eule Kablo - Kurd\u00ee","description":"Kabloy\u00ean motor\u00ea servo y\u00ean \u015eule Kablo; model\u00ean 2YSLCY y\u00ean Gewr \u00fb Re\u015f. Ji bo konvertor\u00ean frekans\u00ea \u00fb motoran, parastina EMC, avahiya nerm \u00fb...","robots":{"index":"index","follow":"follow","max-snippet":"max-snippet:-1","max-image-preview":"max-image-preview:large","max-video-preview":"max-video-preview:-1"},"canonical":"https:\/\/sulekablo.com.tr\/ku\/kabloyen-motore-servo\/","og_locale":"tr_TR","og_type":"article","og_title":"Kabloy\u00ean Motor\u00ea Servo - \u015eule Kablo - Kurd\u00ee","og_description":"Kabloy\u00ean motor\u00ea servo y\u00ean \u015eule Kablo; model\u00ean 2YSLCY y\u00ean Gewr \u00fb Re\u015f. Ji bo konvertor\u00ean frekans\u00ea \u00fb motoran, parastina EMC, avahiya nerm \u00fb...","og_url":"https:\/\/sulekablo.com.tr\/ku\/kabloyen-motore-servo\/","og_site_name":"\u015eule Kablo - Kurd\u00ee","article_modified_time":"2026-02-06T10:16:20+00:00","og_image":[{"url":"https:\/\/sulekablo.com.tr\/wp-content\/uploads\/2025\/12\/Servo-2YSLCY-JB.jpg","type":"","width":"","height":""}],"twitter_card":"summary_large_image","twitter_misc":{"Tahmini okuma s\u00fcresi":"3 dakika"},"schema":{"@context":"https:\/\/schema.org","@graph":[{"@type":"WebPage","@id":"https:\/\/sulekablo.com.tr\/ku\/kabloyen-motore-servo\/","url":"https:\/\/sulekablo.com.tr\/ku\/kabloyen-motore-servo\/","name":"Kabloy\u00ean Motor\u00ea Servo - \u015eule Kablo - Kurd\u00ee","isPartOf":{"@id":"https:\/\/sulekablo.com.tr\/ku\/#website"},"primaryImageOfPage":{"@id":"https:\/\/sulekablo.com.tr\/ku\/kabloyen-motore-servo\/#primaryimage"},"image":{"@id":"https:\/\/sulekablo.com.tr\/ku\/kabloyen-motore-servo\/#primaryimage"},"thumbnailUrl":"https:\/\/sulekablo.com.tr\/wp-content\/uploads\/2025\/12\/Servo-2YSLCY-JB.jpg","datePublished":"2026-01-25T20:11:26+00:00","dateModified":"2026-02-06T10:16:20+00:00","description":"Kabloy\u00ean motor\u00ea servo y\u00ean \u015eule Kablo; model\u00ean 2YSLCY y\u00ean Gewr \u00fb Re\u015f. Ji bo konvertor\u00ean frekans\u00ea \u00fb motoran, parastina EMC, avahiya nerm \u00fb...","breadcrumb":{"@id":"https:\/\/sulekablo.com.tr\/ku\/kabloyen-motore-servo\/#breadcrumb"},"inLanguage":"tr","potentialAction":[{"@type":"ReadAction","target":["https:\/\/sulekablo.com.tr\/ku\/kabloyen-motore-servo\/"]}]},{"@type":"ImageObject","inLanguage":"tr","@id":"https:\/\/sulekablo.com.tr\/ku\/kabloyen-motore-servo\/#primaryimage","url":"https:\/\/sulekablo.com.tr\/wp-content\/uploads\/2025\/12\/Servo-2YSLCY-JB.jpg","contentUrl":"https:\/\/sulekablo.com.tr\/wp-content\/uploads\/2025\/12\/Servo-2YSLCY-JB.jpg"},{"@type":"BreadcrumbList","@id":"https:\/\/sulekablo.com.tr\/ku\/kabloyen-motore-servo\/#breadcrumb","itemListElement":[{"@type":"ListItem","position":1,"name":"Home","item":"https:\/\/sulekablo.com.tr\/ku\/"},{"@type":"ListItem","position":2,"name":"Kabloy\u00ean Motor\u00ea Servo"}]},{"@type":"WebSite","@id":"https:\/\/sulekablo.com.tr\/ku\/#website","url":"https:\/\/sulekablo.com.tr\/ku\/","name":"\u015eule Kablo - Kurd\u00ee","description":"Teknolojiya Daw\u00een di \u00c7\u00eakirina Kabloyan de","potentialAction":[{"@type":"SearchAction","target":{"@type":"EntryPoint","urlTemplate":"https:\/\/sulekablo.com.tr\/ku\/?s={search_term_string}"},"query-input":{"@type":"PropertyValueSpecification","valueRequired":true,"valueName":"search_term_string"}}],"inLanguage":"tr"}]}},"_links":{"self":[{"href":"https:\/\/sulekablo.com.tr\/ku\/wp-json\/wp\/v2\/pages\/3388","targetHints":{"allow":["GET"]}}],"collection":[{"href":"https:\/\/sulekablo.com.tr\/ku\/wp-json\/wp\/v2\/pages"}],"about":[{"href":"https:\/\/sulekablo.com.tr\/ku\/wp-json\/wp\/v2\/types\/page"}],"author":[{"embeddable":true,"href":"https:\/\/sulekablo.com.tr\/ku\/wp-json\/wp\/v2\/users\/1"}],"replies":[{"embeddable":true,"href":"https:\/\/sulekablo.com.tr\/ku\/wp-json\/wp\/v2\/comments?post=3388"}],"version-history":[{"count":3,"href":"https:\/\/sulekablo.com.tr\/ku\/wp-json\/wp\/v2\/pages\/3388\/revisions"}],"predecessor-version":[{"id":3444,"href":"https:\/\/sulekablo.com.tr\/ku\/wp-json\/wp\/v2\/pages\/3388\/revisions\/3444"}],"wp:attachment":[{"href":"https:\/\/sulekablo.com.tr\/ku\/wp-json\/wp\/v2\/media?parent=3388"}],"curies":[{"name":"wp","href":"https:\/\/api.w.org\/{rel}","templated":true}]}}