{"id":3289,"date":"2026-01-25T23:03:44","date_gmt":"2026-01-25T20:03:44","guid":{"rendered":"https:\/\/sulekablo.com.tr\/ku\/?page_id=3289"},"modified":"2026-02-06T13:13:37","modified_gmt":"2026-02-06T10:13:37","slug":"kabloyen-mikrofon-u-deng","status":"publish","type":"page","link":"https:\/\/sulekablo.com.tr\/ku\/kabloyen-mikrofon-u-deng\/","title":{"rendered":"Kabloy\u00ean M\u00eekrofon \u00fb Deng"},"content":{"rendered":"<p>[vc_row full_width=&#8221;stretch_row&#8221; css=&#8221;.vc_custom_1665011000001{padding-top: 60px !important;padding-bottom: 60px !important;background-color: #2c3e50 !important;}&#8221;][vc_column][vc_custom_heading text=&#8221;Kabloy\u00ean M\u00eekrofon \u00fb Deng&#8221; font_container=&#8221;tag:h2|text_align:center|color:%23ffffff&#8221; use_theme_fonts=&#8221;yes&#8221;][vc_column_text]<\/p>\n<p style=\"text-align: center; color: #ffffff; max-width: 700px; margin: auto;\">Kabloy\u00ean me y\u00ean m\u00eekrofon\u00ea y\u00ean ku ji bo tomar\u00ean st\u00fbdyoy\u00ea y\u00ean profesyonel, performans\u00ean sehne \u00fb pergal\u00ean deng hatine s\u00eawirandin, veguhestina deng a biqal\u00eete bilind \u00fb b\u00eaparaz\u00eet dab\u00een dikin.<\/p>\n<p>[\/vc_column_text][\/vc_column][\/vc_row][vc_row][vc_column css=&#8221;.vc_custom_1665012000002{padding-top: 50px !important;padding-bottom: 50px !important;}&#8221;][vc_accordion style=&#8221;modern&#8221; c_icon=&#8221;chevron&#8221; c_position=&#8221;right&#8221; css_animation=&#8221;fadeInUp&#8221; active_tab=&#8221;false&#8221;][vc_accordion_tab title=&#8221;Kabloy\u00ean M\u00eekrofon\u00ea y\u00ean Profesyonel (Stereo\/Balanced)&#8221;][vc_column_text el_class=&#8221;&#8221;]<\/p>\n<p style=\"text-align: center;\"><img loading=\"lazy\" decoding=\"async\" src=\"https:\/\/sulekablo.com.tr\/wp-content\/uploads\/2025\/12\/Microphone-Cable.jpg\" alt=\"Kabloya M\u00eekrofon\u00ea ya Profesyonel\" width=\"800\" height=\"400\" \/><\/p>\n<p><strong>Kabloy\u00ean M\u00eekrofon\u00ea y\u00ean Profesyonel<\/strong>, ji bo hilgirtina herik\u00eena deng a asta s\u00eenyala nizm (m\u00eekrofon, am\u00fbr \u00fb hwd.) ber bi mesafey\u00ean dir\u00eaj ve b\u00eay\u00ee xerab\u00fbn hatine s\u00eawirandin. Bi saya avahiya xwe ya <strong>(Stereo \/ Balanced)<\/strong> ku ji du heb gih\u00eaner\u00ean hundir\u00een \u00ean \u00eezolekir\u00ee \u00fb ekrana tevna z\u00eade ya li dora wan p\u00eak t\u00ea, deng\u00ean (hum\/buzz) elektromanyet\u00eek asteng dike. Kiliy\u00ea w\u00ea y\u00ea derve y\u00ea nerm, di bikaran\u00eena sehne de komkirina h\u00easan a kabloy\u00ea dab\u00een dike \u00fb li hember zorl\u00eakirin\u00ean mekan\u00eek berxwed\u00ear e.<\/p>\n<h4>Varyant\u00ean Berhem\u00ea<\/h4>\n<table style=\"width: 100%; border-collapse: collapse;\">\n<thead>\n<tr style=\"background-color: #f4f4f4;\">\n<th style=\"border: 1px solid #ddd; padding: 8px; text-align: left;\">Nav\u00ea Berhem\u00ea<\/th>\n<th style=\"border: 1px solid #ddd; padding: 8px; text-align: left;\">Dir\u00eajah\u00ee (m)<\/th>\n<\/tr>\n<\/thead>\n<tbody>\n<tr>\n<td style=\"border: 1px solid #ddd; padding: 8px;\">Kabloya M\u00eekrofon\u00ea 2&#215;0.22mm\u00b2 (Stereo)<\/td>\n<td style=\"border: 1px solid #ddd; padding: 8px;\">100\/300<\/td>\n<\/tr>\n<\/tbody>\n<\/table>\n<p><strong>Ji bo agah\u00ee \u00fb sipar\u00ee\u015f\u00ea, ji <a href=\"https:\/\/sulekablo.com.tr\/ku\/tekili\/\">r\u00fbpela t\u00eakiliy\u00ea<\/a> an j\u00ee <a href=\"https:\/\/wa.me\/905078314535\" target=\"_blank\" rel=\"noopener\">ser Whatsapp\u00ea<\/a> bigih\u00eejin me.<\/strong><\/p>\n<p>[\/vc_column_text][\/vc_accordion_tab][\/vc_accordion][\/vc_column][\/vc_row][vc_row full_width=&#8221;stretch_row&#8221; css=&#8221;.vc_custom_1665013000003{padding-top: 50px !important;padding-bottom: 50px !important;background-color: #f7f7f7 !important;}&#8221;][vc_column][vc_cta h2=&#8221;Ma We Ya Ku H\u00fbn L\u00ea Digerin Ned\u00eet?&#8221; h4=&#8221;An j\u00ee ji bo projeya we \u00e7areseriyek taybet hewce ye?&#8221; txt_align=&#8221;center&#8221; add_button=&#8221;bottom&#8221; btn_title=&#8221;Bi Me Re T\u00eakevin T\u00eakiliy\u00ea&#8221; btn_style=&#8221;classic&#8221; btn_shape=&#8221;round&#8221; btn_color=&#8221;primary&#8221; btn_align=&#8221;center&#8221; btn_link=&#8221;url:https%3A%2F%2Fsulekablo.com.tr%2Fku%2Ftekili%2F|title:T\u00eakil\u00ee&#8221;][\/vc_cta][\/vc_column][\/vc_row]<\/p>\n","protected":false},"excerpt":{"rendered":"<p>[vc_row full_width=&#8221;stretch_row&#8221; css=&#8221;.vc_custom_1665011000001{padding-top: 60px !important;padding-bottom: 60px !important;background-color: #2c3e50 !important;}&#8221;][vc_column][vc_custom_heading text=&#8221;Kabloy\u00ean M\u00eekrofon \u00fb Deng&#8221; font_container=&#8221;tag:h2|text_align:center|color:%23ffffff&#8221; use_theme_fonts=&#8221;yes&#8221;][vc_column_text] Kabloy\u00ean me y\u00ean m\u00eekrofon\u00ea y\u00ean ku ji bo tomar\u00ean st\u00fbdyoy\u00ea y\u00ean profesyonel, performans\u00ean sehne \u00fb pergal\u00ean deng hatine s\u00eawirandin, veguhestina deng a biqal\u00eete bilind \u00fb b\u00eaparaz\u00eet dab\u00een dikin. [\/vc_column_text][\/vc_column][\/vc_row][vc_row][vc_column css=&#8221;.vc_custom_1665012000002{padding-top: 50px !important;padding-bottom: 50px !important;}&#8221;][vc_accordion style=&#8221;modern&#8221; c_icon=&#8221;chevron&#8221; c_position=&#8221;right&#8221; css_animation=&#8221;fadeInUp&#8221; active_tab=&#8221;false&#8221;][vc_accordion_tab title=&#8221;Kabloy\u00ean [&hellip;]<\/p>\n","protected":false},"author":1,"featured_media":0,"parent":0,"menu_order":0,"comment_status":"closed","ping_status":"closed","template":"","meta":{"_acf_changed":false,"footnotes":""},"class_list":["post-3289","page","type-page","status-publish","hentry"],"acf":[],"yoast_head":"<!-- This site is optimized with the Yoast SEO plugin v27.0 - https:\/\/yoast.com\/product\/yoast-seo-wordpress\/ -->\n<title>Kabloy\u00ean M\u00eekrofon \u00fb Deng - \u015eule Kablo - Kurd\u00ee<\/title>\n<meta name=\"description\" content=\"Kabloy\u00ean m\u00eekrofon\u00ea y\u00ean profesyonel \u00ean \u015eule Kablo. Ji bo st\u00fbdyo \u00fb performansa sehne; avahiya Stereo\/Balanced, veguhestina deng a b\u00eaparaz\u00eet...\" \/>\n<meta name=\"robots\" content=\"index, follow, max-snippet:-1, max-image-preview:large, max-video-preview:-1\" \/>\n<link rel=\"canonical\" href=\"https:\/\/sulekablo.com.tr\/ku\/kabloyen-mikrofon-u-deng\/\" \/>\n<meta property=\"og:locale\" content=\"tr_TR\" \/>\n<meta property=\"og:type\" content=\"article\" \/>\n<meta property=\"og:title\" content=\"Kabloy\u00ean M\u00eekrofon \u00fb Deng - \u015eule Kablo - Kurd\u00ee\" \/>\n<meta property=\"og:description\" content=\"Kabloy\u00ean m\u00eekrofon\u00ea y\u00ean profesyonel \u00ean \u015eule Kablo. Ji bo st\u00fbdyo \u00fb performansa sehne; avahiya Stereo\/Balanced, veguhestina deng a b\u00eaparaz\u00eet...\" \/>\n<meta property=\"og:url\" content=\"https:\/\/sulekablo.com.tr\/ku\/kabloyen-mikrofon-u-deng\/\" \/>\n<meta property=\"og:site_name\" content=\"\u015eule Kablo - Kurd\u00ee\" \/>\n<meta property=\"article:modified_time\" content=\"2026-02-06T10:13:37+00:00\" \/>\n<meta property=\"og:image\" content=\"https:\/\/sulekablo.com.tr\/wp-content\/uploads\/2025\/12\/Microphone-Cable.jpg\" \/>\n<meta name=\"twitter:card\" content=\"summary_large_image\" \/>\n<meta name=\"twitter:label1\" content=\"Tahmini okuma s\u00fcresi\" \/>\n\t<meta name=\"twitter:data1\" content=\"2 dakika\" \/>\n<script type=\"application\/ld+json\" class=\"yoast-schema-graph\">{\"@context\":\"https:\/\/schema.org\",\"@graph\":[{\"@type\":\"WebPage\",\"@id\":\"https:\/\/sulekablo.com.tr\/ku\/kabloyen-mikrofon-u-deng\/\",\"url\":\"https:\/\/sulekablo.com.tr\/ku\/kabloyen-mikrofon-u-deng\/\",\"name\":\"Kabloy\u00ean M\u00eekrofon \u00fb Deng - \u015eule Kablo - Kurd\u00ee\",\"isPartOf\":{\"@id\":\"https:\/\/sulekablo.com.tr\/ku\/#website\"},\"primaryImageOfPage\":{\"@id\":\"https:\/\/sulekablo.com.tr\/ku\/kabloyen-mikrofon-u-deng\/#primaryimage\"},\"image\":{\"@id\":\"https:\/\/sulekablo.com.tr\/ku\/kabloyen-mikrofon-u-deng\/#primaryimage\"},\"thumbnailUrl\":\"https:\/\/sulekablo.com.tr\/wp-content\/uploads\/2025\/12\/Microphone-Cable.jpg\",\"datePublished\":\"2026-01-25T20:03:44+00:00\",\"dateModified\":\"2026-02-06T10:13:37+00:00\",\"description\":\"Kabloy\u00ean m\u00eekrofon\u00ea y\u00ean profesyonel \u00ean \u015eule Kablo. Ji bo st\u00fbdyo \u00fb performansa sehne; avahiya Stereo\/Balanced, veguhestina deng a b\u00eaparaz\u00eet...\",\"breadcrumb\":{\"@id\":\"https:\/\/sulekablo.com.tr\/ku\/kabloyen-mikrofon-u-deng\/#breadcrumb\"},\"inLanguage\":\"tr\",\"potentialAction\":[{\"@type\":\"ReadAction\",\"target\":[\"https:\/\/sulekablo.com.tr\/ku\/kabloyen-mikrofon-u-deng\/\"]}]},{\"@type\":\"ImageObject\",\"inLanguage\":\"tr\",\"@id\":\"https:\/\/sulekablo.com.tr\/ku\/kabloyen-mikrofon-u-deng\/#primaryimage\",\"url\":\"https:\/\/sulekablo.com.tr\/wp-content\/uploads\/2025\/12\/Microphone-Cable.jpg\",\"contentUrl\":\"https:\/\/sulekablo.com.tr\/wp-content\/uploads\/2025\/12\/Microphone-Cable.jpg\"},{\"@type\":\"BreadcrumbList\",\"@id\":\"https:\/\/sulekablo.com.tr\/ku\/kabloyen-mikrofon-u-deng\/#breadcrumb\",\"itemListElement\":[{\"@type\":\"ListItem\",\"position\":1,\"name\":\"Home\",\"item\":\"https:\/\/sulekablo.com.tr\/ku\/\"},{\"@type\":\"ListItem\",\"position\":2,\"name\":\"Kabloy\u00ean M\u00eekrofon \u00fb Deng\"}]},{\"@type\":\"WebSite\",\"@id\":\"https:\/\/sulekablo.com.tr\/ku\/#website\",\"url\":\"https:\/\/sulekablo.com.tr\/ku\/\",\"name\":\"\u015eule Kablo - Kurd\u00ee\",\"description\":\"Teknolojiya Daw\u00een di \u00c7\u00eakirina Kabloyan de\",\"potentialAction\":[{\"@type\":\"SearchAction\",\"target\":{\"@type\":\"EntryPoint\",\"urlTemplate\":\"https:\/\/sulekablo.com.tr\/ku\/?s={search_term_string}\"},\"query-input\":{\"@type\":\"PropertyValueSpecification\",\"valueRequired\":true,\"valueName\":\"search_term_string\"}}],\"inLanguage\":\"tr\"}]}<\/script>\n<!-- \/ Yoast SEO plugin. -->","yoast_head_json":{"title":"Kabloy\u00ean M\u00eekrofon \u00fb Deng - \u015eule Kablo - Kurd\u00ee","description":"Kabloy\u00ean m\u00eekrofon\u00ea y\u00ean profesyonel \u00ean \u015eule Kablo. Ji bo st\u00fbdyo \u00fb performansa sehne; avahiya Stereo\/Balanced, veguhestina deng a b\u00eaparaz\u00eet...","robots":{"index":"index","follow":"follow","max-snippet":"max-snippet:-1","max-image-preview":"max-image-preview:large","max-video-preview":"max-video-preview:-1"},"canonical":"https:\/\/sulekablo.com.tr\/ku\/kabloyen-mikrofon-u-deng\/","og_locale":"tr_TR","og_type":"article","og_title":"Kabloy\u00ean M\u00eekrofon \u00fb Deng - \u015eule Kablo - Kurd\u00ee","og_description":"Kabloy\u00ean m\u00eekrofon\u00ea y\u00ean profesyonel \u00ean \u015eule Kablo. Ji bo st\u00fbdyo \u00fb performansa sehne; avahiya Stereo\/Balanced, veguhestina deng a b\u00eaparaz\u00eet...","og_url":"https:\/\/sulekablo.com.tr\/ku\/kabloyen-mikrofon-u-deng\/","og_site_name":"\u015eule Kablo - Kurd\u00ee","article_modified_time":"2026-02-06T10:13:37+00:00","og_image":[{"url":"https:\/\/sulekablo.com.tr\/wp-content\/uploads\/2025\/12\/Microphone-Cable.jpg","type":"","width":"","height":""}],"twitter_card":"summary_large_image","twitter_misc":{"Tahmini okuma s\u00fcresi":"2 dakika"},"schema":{"@context":"https:\/\/schema.org","@graph":[{"@type":"WebPage","@id":"https:\/\/sulekablo.com.tr\/ku\/kabloyen-mikrofon-u-deng\/","url":"https:\/\/sulekablo.com.tr\/ku\/kabloyen-mikrofon-u-deng\/","name":"Kabloy\u00ean M\u00eekrofon \u00fb Deng - \u015eule Kablo - Kurd\u00ee","isPartOf":{"@id":"https:\/\/sulekablo.com.tr\/ku\/#website"},"primaryImageOfPage":{"@id":"https:\/\/sulekablo.com.tr\/ku\/kabloyen-mikrofon-u-deng\/#primaryimage"},"image":{"@id":"https:\/\/sulekablo.com.tr\/ku\/kabloyen-mikrofon-u-deng\/#primaryimage"},"thumbnailUrl":"https:\/\/sulekablo.com.tr\/wp-content\/uploads\/2025\/12\/Microphone-Cable.jpg","datePublished":"2026-01-25T20:03:44+00:00","dateModified":"2026-02-06T10:13:37+00:00","description":"Kabloy\u00ean m\u00eekrofon\u00ea y\u00ean profesyonel \u00ean \u015eule Kablo. Ji bo st\u00fbdyo \u00fb performansa sehne; avahiya Stereo\/Balanced, veguhestina deng a b\u00eaparaz\u00eet...","breadcrumb":{"@id":"https:\/\/sulekablo.com.tr\/ku\/kabloyen-mikrofon-u-deng\/#breadcrumb"},"inLanguage":"tr","potentialAction":[{"@type":"ReadAction","target":["https:\/\/sulekablo.com.tr\/ku\/kabloyen-mikrofon-u-deng\/"]}]},{"@type":"ImageObject","inLanguage":"tr","@id":"https:\/\/sulekablo.com.tr\/ku\/kabloyen-mikrofon-u-deng\/#primaryimage","url":"https:\/\/sulekablo.com.tr\/wp-content\/uploads\/2025\/12\/Microphone-Cable.jpg","contentUrl":"https:\/\/sulekablo.com.tr\/wp-content\/uploads\/2025\/12\/Microphone-Cable.jpg"},{"@type":"BreadcrumbList","@id":"https:\/\/sulekablo.com.tr\/ku\/kabloyen-mikrofon-u-deng\/#breadcrumb","itemListElement":[{"@type":"ListItem","position":1,"name":"Home","item":"https:\/\/sulekablo.com.tr\/ku\/"},{"@type":"ListItem","position":2,"name":"Kabloy\u00ean M\u00eekrofon \u00fb Deng"}]},{"@type":"WebSite","@id":"https:\/\/sulekablo.com.tr\/ku\/#website","url":"https:\/\/sulekablo.com.tr\/ku\/","name":"\u015eule Kablo - Kurd\u00ee","description":"Teknolojiya Daw\u00een di \u00c7\u00eakirina Kabloyan de","potentialAction":[{"@type":"SearchAction","target":{"@type":"EntryPoint","urlTemplate":"https:\/\/sulekablo.com.tr\/ku\/?s={search_term_string}"},"query-input":{"@type":"PropertyValueSpecification","valueRequired":true,"valueName":"search_term_string"}}],"inLanguage":"tr"}]}},"_links":{"self":[{"href":"https:\/\/sulekablo.com.tr\/ku\/wp-json\/wp\/v2\/pages\/3289","targetHints":{"allow":["GET"]}}],"collection":[{"href":"https:\/\/sulekablo.com.tr\/ku\/wp-json\/wp\/v2\/pages"}],"about":[{"href":"https:\/\/sulekablo.com.tr\/ku\/wp-json\/wp\/v2\/types\/page"}],"author":[{"embeddable":true,"href":"https:\/\/sulekablo.com.tr\/ku\/wp-json\/wp\/v2\/users\/1"}],"replies":[{"embeddable":true,"href":"https:\/\/sulekablo.com.tr\/ku\/wp-json\/wp\/v2\/comments?post=3289"}],"version-history":[{"count":4,"href":"https:\/\/sulekablo.com.tr\/ku\/wp-json\/wp\/v2\/pages\/3289\/revisions"}],"predecessor-version":[{"id":3442,"href":"https:\/\/sulekablo.com.tr\/ku\/wp-json\/wp\/v2\/pages\/3289\/revisions\/3442"}],"wp:attachment":[{"href":"https:\/\/sulekablo.com.tr\/ku\/wp-json\/wp\/v2\/media?parent=3289"}],"curies":[{"name":"wp","href":"https:\/\/api.w.org\/{rel}","templated":true}]}}