{"id":3285,"date":"2026-01-25T23:07:59","date_gmt":"2026-01-25T20:07:59","guid":{"rendered":"https:\/\/sulekablo.com.tr\/ku\/?page_id=3285"},"modified":"2026-02-06T13:15:02","modified_gmt":"2026-02-06T10:15:02","slug":"kabloyen-otomotive","status":"publish","type":"page","link":"https:\/\/sulekablo.com.tr\/ku\/kabloyen-otomotive\/","title":{"rendered":"Kabloy\u00ean Otomot\u00eev\u00ea"},"content":{"rendered":"<p>[vc_row full_width=&#8221;stretch_row&#8221; css=&#8221;.vc_custom_1665011000001{padding-top: 60px !important;padding-bottom: 60px !important;background-color: #2c3e50 !important;}&#8221;][vc_column][vc_custom_heading text=&#8221;Kabloy\u00ean Otomot\u00eev\u00ea&#8221; font_container=&#8221;tag:h2|text_align:center|color:%23ffffff&#8221; use_theme_fonts=&#8221;yes&#8221;][vc_column_text]<\/p>\n<p style=\"text-align: center; color: #ffffff; max-width: 700px; margin: auto;\">Kabloy\u00ean me y\u00ean saz\u00fbmana wesay\u00eetan \u00ean li gor\u00ee standard\u00ean p\u00ee\u015fesaziya otomot\u00eev\u00ea, li hember germa z\u00eade berxwed\u00ear, d\u00eewar\u00ea wan tenik \u00fb xwed\u00ee avahiyeke nerm in, bikolin.<\/p>\n<p>[\/vc_column_text][\/vc_column][\/vc_row][vc_row][vc_column css=&#8221;.vc_custom_1665012000002{padding-top: 50px !important;padding-bottom: 50px !important;}&#8221;][vc_accordion style=&#8221;modern&#8221; c_icon=&#8221;chevron&#8221; c_position=&#8221;right&#8221; css_animation=&#8221;fadeInUp&#8221; active_tab=&#8221;false&#8221;][vc_accordion_tab title=&#8221;Kabloy\u00ean Otomot\u00eev\u00ea FLRY-A (Yek Tamar)&#8221;][vc_column_text el_class=&#8221;&#8221;]<\/p>\n<p style=\"text-align: center;\"><img loading=\"lazy\" decoding=\"async\" src=\"https:\/\/sulekablo.com.tr\/wp-content\/uploads\/2025\/12\/Automotive-Cable-FLRY-A-FLRY-B.jpg\" alt=\"Kabloya Otomot\u00eev\u00ea FLRY-A\" width=\"800\" height=\"400\" \/><\/p>\n<p>Kabloy\u00ean t\u00eepa <strong>FLRY-A<\/strong>, kabloy\u00ean yek tamar\u00ee ne ku di sektora otomot\u00eev\u00ea de t\u00eane bikaran\u00een, bi \u00eezolasyona PVC ya nerm, voltaja nizm \u00fb <strong>d\u00eewar\u00ea tenik<\/strong> in. T\u00eepa &#8220;A&#8221;, diyar dike ku t\u00eal\u00ean gih\u00eaner di avahiya s\u00eemetr\u00eek de ne. Li hember germahiy\u00ean di navbera -40\u00b0C \u00fb +105\u00b0C de berxwed\u00ear e. Di alav\u00ean kabloy\u00ean nava wesay\u00eet\u00ea de teser\u00fbfa c\u00eeh \u00fb avantaja giraniy\u00ea dab\u00een dike.<\/p>\n<h4>Varyant\u00ean Berhem\u00ea<\/h4>\n<table style=\"width: 100%; border-collapse: collapse;\">\n<thead>\n<tr style=\"background-color: #f4f4f4;\">\n<th style=\"border: 1px solid #ddd; padding: 8px; text-align: left;\">Nav\u00ea Berhem\u00ea<\/th>\n<th style=\"border: 1px solid #ddd; padding: 8px; text-align: left;\">Dir\u00eajah\u00ee (m)<\/th>\n<\/tr>\n<\/thead>\n<tbody>\n<tr>\n<td style=\"border: 1px solid #ddd; padding: 8px;\">FLRY-A 0.35 mm\u00b2<\/td>\n<td style=\"border: 1px solid #ddd; padding: 8px;\">100\/2000<\/td>\n<\/tr>\n<tr>\n<td style=\"border: 1px solid #ddd; padding: 8px;\">FLRY-A 0.50 mm\u00b2<\/td>\n<td style=\"border: 1px solid #ddd; padding: 8px;\">100\/2000<\/td>\n<\/tr>\n<tr>\n<td style=\"border: 1px solid #ddd; padding: 8px;\">FLRY-A 0.65 mm\u00b2<\/td>\n<td style=\"border: 1px solid #ddd; padding: 8px;\">100\/2000<\/td>\n<\/tr>\n<tr>\n<td style=\"border: 1px solid #ddd; padding: 8px;\">FLRY-A 0.75 mm\u00b2<\/td>\n<td style=\"border: 1px solid #ddd; padding: 8px;\">100\/2000<\/td>\n<\/tr>\n<tr>\n<td style=\"border: 1px solid #ddd; padding: 8px;\">FLRY-A 1.00 mm\u00b2<\/td>\n<td style=\"border: 1px solid #ddd; padding: 8px;\">100\/2000<\/td>\n<\/tr>\n<tr>\n<td style=\"border: 1px solid #ddd; padding: 8px;\">FLRY-A 1.50 mm\u00b2<\/td>\n<td style=\"border: 1px solid #ddd; padding: 8px;\">100\/2000<\/td>\n<\/tr>\n<tr>\n<td style=\"border: 1px solid #ddd; padding: 8px;\">FLRY-A 2.00 mm\u00b2<\/td>\n<td style=\"border: 1px solid #ddd; padding: 8px;\">100\/1500<\/td>\n<\/tr>\n<tr>\n<td style=\"border: 1px solid #ddd; padding: 8px;\">FLRY-A 2.50 mm\u00b2<\/td>\n<td style=\"border: 1px solid #ddd; padding: 8px;\">100\/1500<\/td>\n<\/tr>\n<tr>\n<td style=\"border: 1px solid #ddd; padding: 8px;\">FLRY-A 3.00 mm\u00b2<\/td>\n<td style=\"border: 1px solid #ddd; padding: 8px;\">100\/1500<\/td>\n<\/tr>\n<tr>\n<td style=\"border: 1px solid #ddd; padding: 8px;\">FLRY-A 4.00 mm\u00b2<\/td>\n<td style=\"border: 1px solid #ddd; padding: 8px;\">100\/1500<\/td>\n<\/tr>\n<tr>\n<td style=\"border: 1px solid #ddd; padding: 8px;\">FLRY-A 5.00 mm\u00b2<\/td>\n<td style=\"border: 1px solid #ddd; padding: 8px;\">100\/1000<\/td>\n<\/tr>\n<tr>\n<td style=\"border: 1px solid #ddd; padding: 8px;\">FLRY-A 6.00 mm\u00b2<\/td>\n<td style=\"border: 1px solid #ddd; padding: 8px;\">100\/1000<\/td>\n<\/tr>\n<\/tbody>\n<\/table>\n<p><strong>Ji bo agah\u00ee \u00fb sipar\u00ee\u015f\u00ea, ji <a href=\"https:\/\/sulekablo.com.tr\/ku\/tekili\/\">r\u00fbpela t\u00eakiliy\u00ea<\/a> an j\u00ee <a href=\"https:\/\/wa.me\/905078314535\" target=\"_blank\" rel=\"noopener\">ser Whatsapp\u00ea<\/a> bigih\u00eejin me.<\/strong><\/p>\n<p>[\/vc_column_text][\/vc_accordion_tab][vc_accordion_tab title=&#8221;Kabloy\u00ean Otomot\u00eev\u00ea FLRY-B (Yek Tamar)&#8221;][vc_column_text el_class=&#8221;&#8221;]<\/p>\n<p style=\"text-align: center;\"><img loading=\"lazy\" decoding=\"async\" src=\"https:\/\/sulekablo.com.tr\/wp-content\/uploads\/2025\/12\/Automotive-Cable-FLRY-A-FLRY-B.jpg\" alt=\"Kabloya Otomot\u00eev\u00ea FLRY-B\" width=\"800\" height=\"400\" \/><\/p>\n<p>Kabloy\u00ean t\u00eepa <strong>FLRY-B<\/strong>, m\u00eena FLRY-A d\u00eewar\u00ea tenik \u00fb bi \u00eezolasyona PVC ne, l\u00ea bel\u00ea avahiya t\u00eala gih\u00eaner c\u00fbda ye. T\u00eepa &#8220;B&#8221;, xwed\u00ee avahiyeke as\u00eemetr\u00eek e ku ji t\u00eal\u00ean ziravtir \u00fb pirjimar p\u00eak t\u00ea, ev j\u00ee <strong>nermb\u00fbna h\u00een bilindtir<\/strong> dide kabloy\u00ea. Di saz\u00fbmana nava wesay\u00eet\u00ea de, li xal\u00ean ku tewandin \u00fb liv\u00een z\u00eade ye t\u00ea terc\u00eeh kirin.<\/p>\n<h4>Varyant\u00ean Berhem\u00ea<\/h4>\n<table style=\"width: 100%; border-collapse: collapse;\">\n<thead>\n<tr style=\"background-color: #f4f4f4;\">\n<th style=\"border: 1px solid #ddd; padding: 8px; text-align: left;\">Nav\u00ea Berhem\u00ea<\/th>\n<th style=\"border: 1px solid #ddd; padding: 8px; text-align: left;\">Dir\u00eajah\u00ee (m)<\/th>\n<\/tr>\n<\/thead>\n<tbody>\n<tr>\n<td style=\"border: 1px solid #ddd; padding: 8px;\">FLRY-B 0.22 mm\u00b2<\/td>\n<td style=\"border: 1px solid #ddd; padding: 8px;\">100\/3000<\/td>\n<\/tr>\n<tr>\n<td style=\"border: 1px solid #ddd; padding: 8px;\">FLRY-B 0.35 mm\u00b2<\/td>\n<td style=\"border: 1px solid #ddd; padding: 8px;\">100\/3000<\/td>\n<\/tr>\n<tr>\n<td style=\"border: 1px solid #ddd; padding: 8px;\">FLRY-B 0.50 mm\u00b2<\/td>\n<td style=\"border: 1px solid #ddd; padding: 8px;\">100\/3000<\/td>\n<\/tr>\n<tr>\n<td style=\"border: 1px solid #ddd; padding: 8px;\">FLRY-B 0.75 mm\u00b2<\/td>\n<td style=\"border: 1px solid #ddd; padding: 8px;\">100\/2000<\/td>\n<\/tr>\n<tr>\n<td style=\"border: 1px solid #ddd; padding: 8px;\">FLRY-B 1.00 mm\u00b2<\/td>\n<td style=\"border: 1px solid #ddd; padding: 8px;\">100\/2000<\/td>\n<\/tr>\n<tr>\n<td style=\"border: 1px solid #ddd; padding: 8px;\">FLRY-B 1.50 mm\u00b2<\/td>\n<td style=\"border: 1px solid #ddd; padding: 8px;\">100\/2000<\/td>\n<\/tr>\n<tr>\n<td style=\"border: 1px solid #ddd; padding: 8px;\">FLRY-B 2.00 mm\u00b2<\/td>\n<td style=\"border: 1px solid #ddd; padding: 8px;\">100\/2000<\/td>\n<\/tr>\n<tr>\n<td style=\"border: 1px solid #ddd; padding: 8px;\">FLRY-B 2.50 mm\u00b2<\/td>\n<td style=\"border: 1px solid #ddd; padding: 8px;\">100\/1000<\/td>\n<\/tr>\n<tr>\n<td style=\"border: 1px solid #ddd; padding: 8px;\">FLRY-B 3.00 mm\u00b2<\/td>\n<td style=\"border: 1px solid #ddd; padding: 8px;\">100\/1000<\/td>\n<\/tr>\n<tr>\n<td style=\"border: 1px solid #ddd; padding: 8px;\">FLRY-B 4.00 mm\u00b2<\/td>\n<td style=\"border: 1px solid #ddd; padding: 8px;\">100\/1000<\/td>\n<\/tr>\n<tr>\n<td style=\"border: 1px solid #ddd; padding: 8px;\">FLRY-B 5.00 mm\u00b2<\/td>\n<td style=\"border: 1px solid #ddd; padding: 8px;\">100\/1000<\/td>\n<\/tr>\n<tr>\n<td style=\"border: 1px solid #ddd; padding: 8px;\">FLRY-B 6.00 mm\u00b2<\/td>\n<td style=\"border: 1px solid #ddd; padding: 8px;\">100\/1000<\/td>\n<\/tr>\n<tr>\n<td style=\"border: 1px solid #ddd; padding: 8px;\">FLRY-B 10.00 mm\u00b2<\/td>\n<td style=\"border: 1px solid #ddd; padding: 8px;\">100\/500<\/td>\n<\/tr>\n<tr>\n<td style=\"border: 1px solid #ddd; padding: 8px;\">FLRY-B 16.00 mm\u00b2<\/td>\n<td style=\"border: 1px solid #ddd; padding: 8px;\">100\/500<\/td>\n<\/tr>\n<tr>\n<td style=\"border: 1px solid #ddd; padding: 8px;\">FLRY-B 25.00 mm\u00b2<\/td>\n<td style=\"border: 1px solid #ddd; padding: 8px;\">100\/500<\/td>\n<\/tr>\n<\/tbody>\n<\/table>\n<p><strong>Ji bo agah\u00ee \u00fb sipar\u00ee\u015f\u00ea, ji <a href=\"https:\/\/sulekablo.com.tr\/ku\/tekili\/\">r\u00fbpela t\u00eakiliy\u00ea<\/a> an j\u00ee <a href=\"https:\/\/wa.me\/905078314535\" target=\"_blank\" rel=\"noopener\">ser Whatsapp\u00ea<\/a> bigih\u00eejin me.<\/strong><\/p>\n<p>[\/vc_column_text][\/vc_accordion_tab][vc_accordion_tab title=&#8221;Kabloy\u00ean Otomot\u00eev\u00ea FLRY-Y (Pir Tamar)&#8221;][vc_column_text el_class=&#8221;&#8221;]<\/p>\n<p style=\"text-align: center;\"><img loading=\"lazy\" decoding=\"async\" src=\"https:\/\/sulekablo.com.tr\/wp-content\/uploads\/2025\/12\/Automotive-Cable-FLRY-Y.jpg\" alt=\"Kabloya Otomot\u00eev\u00ea FLRY-Y Pir Tamar\" width=\"800\" height=\"400\" \/><\/p>\n<p><strong>FLRY-Y<\/strong>, kabloya otomot\u00eev\u00ea ya pir tamar e ku bi berhevkirina z\u00eadetir\u00ee yek tamara FLRY ve bi kiliy\u00ea derve y\u00ea PVC y\u00ea hevpar hatiye girtin. Ev avah\u00ee, dih\u00eale ku z\u00eadetir\u00ee yek dewrey\u00ea li ser yek xeta kabloy\u00ea bi awayek\u00ee bir\u00eak\u00fbp\u00eak \u00fb parast\u00ee were veguhastin. Di saz\u00fbman\u00ean elektr\u00eek\u00ea y\u00ean wesay\u00eetan, gir\u00eadan\u00ean romork\u00ea \u00fb pergal\u00ean s\u00eenyal\u00eezasyon\u00ea de t\u00ea bikaran\u00een.<\/p>\n<h4>Varyant\u00ean Berhem\u00ea<\/h4>\n<table style=\"width: 100%; border-collapse: collapse;\">\n<thead>\n<tr style=\"background-color: #f4f4f4;\">\n<th style=\"border: 1px solid #ddd; padding: 8px; text-align: left;\">Nav\u00ea Berhem\u00ea<\/th>\n<th style=\"border: 1px solid #ddd; padding: 8px; text-align: left;\">Dir\u00eajah\u00ee (m)<\/th>\n<\/tr>\n<\/thead>\n<tbody>\n<tr>\n<td style=\"border: 1px solid #ddd; padding: 8px;\">FLRY-Y 2&#215;0.50 mm\u00b2<\/td>\n<td style=\"border: 1px solid #ddd; padding: 8px;\">100<\/td>\n<\/tr>\n<tr>\n<td style=\"border: 1px solid #ddd; padding: 8px;\">FLRY-Y 3&#215;0.50 mm\u00b2<\/td>\n<td style=\"border: 1px solid #ddd; padding: 8px;\">100<\/td>\n<\/tr>\n<tr>\n<td style=\"border: 1px solid #ddd; padding: 8px;\">FLRY-Y 2&#215;0.75 mm\u00b2<\/td>\n<td style=\"border: 1px solid #ddd; padding: 8px;\">100<\/td>\n<\/tr>\n<tr>\n<td style=\"border: 1px solid #ddd; padding: 8px;\">FLRY-Y 3&#215;0.75 mm\u00b2<\/td>\n<td style=\"border: 1px solid #ddd; padding: 8px;\">100<\/td>\n<\/tr>\n<tr>\n<td style=\"border: 1px solid #ddd; padding: 8px;\">FLRY-Y 4&#215;0.75 mm\u00b2<\/td>\n<td style=\"border: 1px solid #ddd; padding: 8px;\">100<\/td>\n<\/tr>\n<tr>\n<td style=\"border: 1px solid #ddd; padding: 8px;\">FLRY-Y 5&#215;0.75 mm\u00b2<\/td>\n<td style=\"border: 1px solid #ddd; padding: 8px;\">100<\/td>\n<\/tr>\n<tr>\n<td style=\"border: 1px solid #ddd; padding: 8px;\">FLRY-Y 7&#215;0.75 mm\u00b2<\/td>\n<td style=\"border: 1px solid #ddd; padding: 8px;\">100<\/td>\n<\/tr>\n<tr>\n<td style=\"border: 1px solid #ddd; padding: 8px;\">FLRY-Y 2&#215;1.00 mm\u00b2<\/td>\n<td style=\"border: 1px solid #ddd; padding: 8px;\">100<\/td>\n<\/tr>\n<tr>\n<td style=\"border: 1px solid #ddd; padding: 8px;\">FLRY-Y 3&#215;1.00 mm\u00b2<\/td>\n<td style=\"border: 1px solid #ddd; padding: 8px;\">100<\/td>\n<\/tr>\n<tr>\n<td style=\"border: 1px solid #ddd; padding: 8px;\">FLRY-Y 4&#215;1.00 mm\u00b2<\/td>\n<td style=\"border: 1px solid #ddd; padding: 8px;\">100<\/td>\n<\/tr>\n<tr>\n<td style=\"border: 1px solid #ddd; padding: 8px;\">FLRY-Y 5&#215;1.00 mm\u00b2<\/td>\n<td style=\"border: 1px solid #ddd; padding: 8px;\">100<\/td>\n<\/tr>\n<tr>\n<td style=\"border: 1px solid #ddd; padding: 8px;\">FLRY-Y 7&#215;1.00 mm\u00b2<\/td>\n<td style=\"border: 1px solid #ddd; padding: 8px;\">100<\/td>\n<\/tr>\n<tr>\n<td style=\"border: 1px solid #ddd; padding: 8px;\">FLRY-Y 2&#215;1.50 mm\u00b2<\/td>\n<td style=\"border: 1px solid #ddd; padding: 8px;\">100<\/td>\n<\/tr>\n<tr>\n<td style=\"border: 1px solid #ddd; padding: 8px;\">FLRY-Y 3&#215;1.50 mm\u00b2<\/td>\n<td style=\"border: 1px solid #ddd; padding: 8px;\">100<\/td>\n<\/tr>\n<tr>\n<td style=\"border: 1px solid #ddd; padding: 8px;\">FLRY-Y 4&#215;1.50 mm\u00b2<\/td>\n<td style=\"border: 1px solid #ddd; padding: 8px;\">100<\/td>\n<\/tr>\n<tr>\n<td style=\"border: 1px solid #ddd; padding: 8px;\">FLRY-Y 5&#215;1.50 mm\u00b2<\/td>\n<td style=\"border: 1px solid #ddd; padding: 8px;\">100<\/td>\n<\/tr>\n<tr>\n<td style=\"border: 1px solid #ddd; padding: 8px;\">FLRY-Y 7&#215;1.50 mm\u00b2<\/td>\n<td style=\"border: 1px solid #ddd; padding: 8px;\">100<\/td>\n<\/tr>\n<tr>\n<td style=\"border: 1px solid #ddd; padding: 8px;\">FLRY-Y 2&#215;2.50 mm\u00b2<\/td>\n<td style=\"border: 1px solid #ddd; padding: 8px;\">100<\/td>\n<\/tr>\n<tr>\n<td style=\"border: 1px solid #ddd; padding: 8px;\">FLRY-Y 3&#215;2.50 mm\u00b2<\/td>\n<td style=\"border: 1px solid #ddd; padding: 8px;\">100<\/td>\n<\/tr>\n<tr>\n<td style=\"border: 1px solid #ddd; padding: 8px;\">FLRY-Y 4&#215;2.50 mm\u00b2<\/td>\n<td style=\"border: 1px solid #ddd; padding: 8px;\">100<\/td>\n<\/tr>\n<tr>\n<td style=\"border: 1px solid #ddd; padding: 8px;\">FLRY-Y 5&#215;2.50 mm\u00b2<\/td>\n<td style=\"border: 1px solid #ddd; padding: 8px;\">100<\/td>\n<\/tr>\n<tr>\n<td style=\"border: 1px solid #ddd; padding: 8px;\">FLRY-Y 7&#215;2.50 mm\u00b2<\/td>\n<td style=\"border: 1px solid #ddd; padding: 8px;\">100<\/td>\n<\/tr>\n<\/tbody>\n<\/table>\n<p><strong>Ji bo agah\u00ee \u00fb sipar\u00ee\u015f\u00ea, ji <a href=\"https:\/\/sulekablo.com.tr\/ku\/tekili\/\">r\u00fbpela t\u00eakiliy\u00ea<\/a> an j\u00ee <a href=\"https:\/\/wa.me\/905078314535\" target=\"_blank\" rel=\"noopener\">ser Whatsapp\u00ea<\/a> bigih\u00eejin me.<\/strong>[\/vc_column_text][\/vc_accordion_tab][\/vc_accordion][\/vc_column][\/vc_row][vc_row full_width=&#8221;stretch_row&#8221; css=&#8221;.vc_custom_1665013000003{padding-top: 50px !important;padding-bottom: 50px !important;background-color: #f7f7f7 !important;}&#8221;][vc_column][vc_cta h2=&#8221;Ma We Ya Ku H\u00fbn L\u00ea Digerin Ned\u00eet?&#8221; h4=&#8221;An j\u00ee ji bo projeya we \u00e7areseriyek taybet hewce ye?&#8221; txt_align=&#8221;center&#8221; add_button=&#8221;bottom&#8221; btn_title=&#8221;Bi Me Re T\u00eakevin T\u00eakiliy\u00ea&#8221; btn_style=&#8221;classic&#8221; btn_shape=&#8221;round&#8221; btn_color=&#8221;primary&#8221; btn_align=&#8221;center&#8221; btn_link=&#8221;url:https%3A%2F%2Fsulekablo.com.tr%2Fku%2Ftekili%2F|title:T\u00eakil\u00ee&#8221;][\/vc_cta][\/vc_column][\/vc_row]<\/p>\n","protected":false},"excerpt":{"rendered":"<p>[vc_row full_width=&#8221;stretch_row&#8221; css=&#8221;.vc_custom_1665011000001{padding-top: 60px !important;padding-bottom: 60px !important;background-color: #2c3e50 !important;}&#8221;][vc_column][vc_custom_heading text=&#8221;Kabloy\u00ean Otomot\u00eev\u00ea&#8221; font_container=&#8221;tag:h2|text_align:center|color:%23ffffff&#8221; use_theme_fonts=&#8221;yes&#8221;][vc_column_text] Kabloy\u00ean me y\u00ean saz\u00fbmana wesay\u00eetan \u00ean li gor\u00ee standard\u00ean p\u00ee\u015fesaziya otomot\u00eev\u00ea, li hember germa z\u00eade berxwed\u00ear, d\u00eewar\u00ea wan tenik \u00fb xwed\u00ee avahiyeke nerm in, bikolin. [\/vc_column_text][\/vc_column][\/vc_row][vc_row][vc_column css=&#8221;.vc_custom_1665012000002{padding-top: 50px !important;padding-bottom: 50px !important;}&#8221;][vc_accordion style=&#8221;modern&#8221; c_icon=&#8221;chevron&#8221; c_position=&#8221;right&#8221; css_animation=&#8221;fadeInUp&#8221; active_tab=&#8221;false&#8221;][vc_accordion_tab title=&#8221;Kabloy\u00ean Otomot\u00eev\u00ea FLRY-A (Yek Tamar)&#8221;][vc_column_text el_class=&#8221;&#8221;] [&hellip;]<\/p>\n","protected":false},"author":1,"featured_media":0,"parent":0,"menu_order":0,"comment_status":"closed","ping_status":"closed","template":"","meta":{"_acf_changed":false,"footnotes":""},"class_list":["post-3285","page","type-page","status-publish","hentry"],"acf":[],"yoast_head":"<!-- This site is optimized with the Yoast SEO plugin v27.0 - https:\/\/yoast.com\/product\/yoast-seo-wordpress\/ -->\n<title>Kabloy\u00ean Otomot\u00eev\u00ea - \u015eule Kablo - Kurd\u00ee<\/title>\n<meta name=\"description\" content=\"Kabloy\u00ean otomot\u00eev\u00ea y\u00ean \u015eule Kablo; model\u00ean FLRY-A, FLRY-B \u00fb FLRY-Y. Ji bo saz\u00fbmana wesay\u00eetan \u00e7areseriy\u00ean li hember germahiy\u00ea berxwed\u00ear...\" \/>\n<meta name=\"robots\" content=\"index, follow, max-snippet:-1, max-image-preview:large, max-video-preview:-1\" \/>\n<link rel=\"canonical\" href=\"https:\/\/sulekablo.com.tr\/ku\/kabloyen-otomotive\/\" \/>\n<meta property=\"og:locale\" content=\"tr_TR\" \/>\n<meta property=\"og:type\" content=\"article\" \/>\n<meta property=\"og:title\" content=\"Kabloy\u00ean Otomot\u00eev\u00ea - \u015eule Kablo - Kurd\u00ee\" \/>\n<meta property=\"og:description\" content=\"Kabloy\u00ean otomot\u00eev\u00ea y\u00ean \u015eule Kablo; model\u00ean FLRY-A, FLRY-B \u00fb FLRY-Y. Ji bo saz\u00fbmana wesay\u00eetan \u00e7areseriy\u00ean li hember germahiy\u00ea berxwed\u00ear...\" \/>\n<meta property=\"og:url\" content=\"https:\/\/sulekablo.com.tr\/ku\/kabloyen-otomotive\/\" \/>\n<meta property=\"og:site_name\" content=\"\u015eule Kablo - Kurd\u00ee\" \/>\n<meta property=\"article:modified_time\" content=\"2026-02-06T10:15:02+00:00\" \/>\n<meta property=\"og:image\" content=\"https:\/\/sulekablo.com.tr\/wp-content\/uploads\/2025\/12\/Automotive-Cable-FLRY-A-FLRY-B.jpg\" \/>\n<meta name=\"twitter:card\" content=\"summary_large_image\" \/>\n<meta name=\"twitter:label1\" content=\"Tahmini okuma s\u00fcresi\" \/>\n\t<meta name=\"twitter:data1\" content=\"4 dakika\" \/>\n<script type=\"application\/ld+json\" class=\"yoast-schema-graph\">{\"@context\":\"https:\/\/schema.org\",\"@graph\":[{\"@type\":\"WebPage\",\"@id\":\"https:\/\/sulekablo.com.tr\/ku\/kabloyen-otomotive\/\",\"url\":\"https:\/\/sulekablo.com.tr\/ku\/kabloyen-otomotive\/\",\"name\":\"Kabloy\u00ean Otomot\u00eev\u00ea - \u015eule Kablo - Kurd\u00ee\",\"isPartOf\":{\"@id\":\"https:\/\/sulekablo.com.tr\/ku\/#website\"},\"primaryImageOfPage\":{\"@id\":\"https:\/\/sulekablo.com.tr\/ku\/kabloyen-otomotive\/#primaryimage\"},\"image\":{\"@id\":\"https:\/\/sulekablo.com.tr\/ku\/kabloyen-otomotive\/#primaryimage\"},\"thumbnailUrl\":\"https:\/\/sulekablo.com.tr\/wp-content\/uploads\/2025\/12\/Automotive-Cable-FLRY-A-FLRY-B.jpg\",\"datePublished\":\"2026-01-25T20:07:59+00:00\",\"dateModified\":\"2026-02-06T10:15:02+00:00\",\"description\":\"Kabloy\u00ean otomot\u00eev\u00ea y\u00ean \u015eule Kablo; model\u00ean FLRY-A, FLRY-B \u00fb FLRY-Y. Ji bo saz\u00fbmana wesay\u00eetan \u00e7areseriy\u00ean li hember germahiy\u00ea berxwed\u00ear...\",\"breadcrumb\":{\"@id\":\"https:\/\/sulekablo.com.tr\/ku\/kabloyen-otomotive\/#breadcrumb\"},\"inLanguage\":\"tr\",\"potentialAction\":[{\"@type\":\"ReadAction\",\"target\":[\"https:\/\/sulekablo.com.tr\/ku\/kabloyen-otomotive\/\"]}]},{\"@type\":\"ImageObject\",\"inLanguage\":\"tr\",\"@id\":\"https:\/\/sulekablo.com.tr\/ku\/kabloyen-otomotive\/#primaryimage\",\"url\":\"https:\/\/sulekablo.com.tr\/wp-content\/uploads\/2025\/12\/Automotive-Cable-FLRY-A-FLRY-B.jpg\",\"contentUrl\":\"https:\/\/sulekablo.com.tr\/wp-content\/uploads\/2025\/12\/Automotive-Cable-FLRY-A-FLRY-B.jpg\"},{\"@type\":\"BreadcrumbList\",\"@id\":\"https:\/\/sulekablo.com.tr\/ku\/kabloyen-otomotive\/#breadcrumb\",\"itemListElement\":[{\"@type\":\"ListItem\",\"position\":1,\"name\":\"Home\",\"item\":\"https:\/\/sulekablo.com.tr\/ku\/\"},{\"@type\":\"ListItem\",\"position\":2,\"name\":\"Kabloy\u00ean Otomot\u00eev\u00ea\"}]},{\"@type\":\"WebSite\",\"@id\":\"https:\/\/sulekablo.com.tr\/ku\/#website\",\"url\":\"https:\/\/sulekablo.com.tr\/ku\/\",\"name\":\"\u015eule Kablo - Kurd\u00ee\",\"description\":\"Teknolojiya Daw\u00een di \u00c7\u00eakirina Kabloyan de\",\"potentialAction\":[{\"@type\":\"SearchAction\",\"target\":{\"@type\":\"EntryPoint\",\"urlTemplate\":\"https:\/\/sulekablo.com.tr\/ku\/?s={search_term_string}\"},\"query-input\":{\"@type\":\"PropertyValueSpecification\",\"valueRequired\":true,\"valueName\":\"search_term_string\"}}],\"inLanguage\":\"tr\"}]}<\/script>\n<!-- \/ Yoast SEO plugin. -->","yoast_head_json":{"title":"Kabloy\u00ean Otomot\u00eev\u00ea - \u015eule Kablo - Kurd\u00ee","description":"Kabloy\u00ean otomot\u00eev\u00ea y\u00ean \u015eule Kablo; model\u00ean FLRY-A, FLRY-B \u00fb FLRY-Y. Ji bo saz\u00fbmana wesay\u00eetan \u00e7areseriy\u00ean li hember germahiy\u00ea berxwed\u00ear...","robots":{"index":"index","follow":"follow","max-snippet":"max-snippet:-1","max-image-preview":"max-image-preview:large","max-video-preview":"max-video-preview:-1"},"canonical":"https:\/\/sulekablo.com.tr\/ku\/kabloyen-otomotive\/","og_locale":"tr_TR","og_type":"article","og_title":"Kabloy\u00ean Otomot\u00eev\u00ea - \u015eule Kablo - Kurd\u00ee","og_description":"Kabloy\u00ean otomot\u00eev\u00ea y\u00ean \u015eule Kablo; model\u00ean FLRY-A, FLRY-B \u00fb FLRY-Y. Ji bo saz\u00fbmana wesay\u00eetan \u00e7areseriy\u00ean li hember germahiy\u00ea berxwed\u00ear...","og_url":"https:\/\/sulekablo.com.tr\/ku\/kabloyen-otomotive\/","og_site_name":"\u015eule Kablo - Kurd\u00ee","article_modified_time":"2026-02-06T10:15:02+00:00","og_image":[{"url":"https:\/\/sulekablo.com.tr\/wp-content\/uploads\/2025\/12\/Automotive-Cable-FLRY-A-FLRY-B.jpg","type":"","width":"","height":""}],"twitter_card":"summary_large_image","twitter_misc":{"Tahmini okuma s\u00fcresi":"4 dakika"},"schema":{"@context":"https:\/\/schema.org","@graph":[{"@type":"WebPage","@id":"https:\/\/sulekablo.com.tr\/ku\/kabloyen-otomotive\/","url":"https:\/\/sulekablo.com.tr\/ku\/kabloyen-otomotive\/","name":"Kabloy\u00ean Otomot\u00eev\u00ea - \u015eule Kablo - Kurd\u00ee","isPartOf":{"@id":"https:\/\/sulekablo.com.tr\/ku\/#website"},"primaryImageOfPage":{"@id":"https:\/\/sulekablo.com.tr\/ku\/kabloyen-otomotive\/#primaryimage"},"image":{"@id":"https:\/\/sulekablo.com.tr\/ku\/kabloyen-otomotive\/#primaryimage"},"thumbnailUrl":"https:\/\/sulekablo.com.tr\/wp-content\/uploads\/2025\/12\/Automotive-Cable-FLRY-A-FLRY-B.jpg","datePublished":"2026-01-25T20:07:59+00:00","dateModified":"2026-02-06T10:15:02+00:00","description":"Kabloy\u00ean otomot\u00eev\u00ea y\u00ean \u015eule Kablo; model\u00ean FLRY-A, FLRY-B \u00fb FLRY-Y. Ji bo saz\u00fbmana wesay\u00eetan \u00e7areseriy\u00ean li hember germahiy\u00ea berxwed\u00ear...","breadcrumb":{"@id":"https:\/\/sulekablo.com.tr\/ku\/kabloyen-otomotive\/#breadcrumb"},"inLanguage":"tr","potentialAction":[{"@type":"ReadAction","target":["https:\/\/sulekablo.com.tr\/ku\/kabloyen-otomotive\/"]}]},{"@type":"ImageObject","inLanguage":"tr","@id":"https:\/\/sulekablo.com.tr\/ku\/kabloyen-otomotive\/#primaryimage","url":"https:\/\/sulekablo.com.tr\/wp-content\/uploads\/2025\/12\/Automotive-Cable-FLRY-A-FLRY-B.jpg","contentUrl":"https:\/\/sulekablo.com.tr\/wp-content\/uploads\/2025\/12\/Automotive-Cable-FLRY-A-FLRY-B.jpg"},{"@type":"BreadcrumbList","@id":"https:\/\/sulekablo.com.tr\/ku\/kabloyen-otomotive\/#breadcrumb","itemListElement":[{"@type":"ListItem","position":1,"name":"Home","item":"https:\/\/sulekablo.com.tr\/ku\/"},{"@type":"ListItem","position":2,"name":"Kabloy\u00ean Otomot\u00eev\u00ea"}]},{"@type":"WebSite","@id":"https:\/\/sulekablo.com.tr\/ku\/#website","url":"https:\/\/sulekablo.com.tr\/ku\/","name":"\u015eule Kablo - Kurd\u00ee","description":"Teknolojiya Daw\u00een di \u00c7\u00eakirina Kabloyan de","potentialAction":[{"@type":"SearchAction","target":{"@type":"EntryPoint","urlTemplate":"https:\/\/sulekablo.com.tr\/ku\/?s={search_term_string}"},"query-input":{"@type":"PropertyValueSpecification","valueRequired":true,"valueName":"search_term_string"}}],"inLanguage":"tr"}]}},"_links":{"self":[{"href":"https:\/\/sulekablo.com.tr\/ku\/wp-json\/wp\/v2\/pages\/3285","targetHints":{"allow":["GET"]}}],"collection":[{"href":"https:\/\/sulekablo.com.tr\/ku\/wp-json\/wp\/v2\/pages"}],"about":[{"href":"https:\/\/sulekablo.com.tr\/ku\/wp-json\/wp\/v2\/types\/page"}],"author":[{"embeddable":true,"href":"https:\/\/sulekablo.com.tr\/ku\/wp-json\/wp\/v2\/users\/1"}],"replies":[{"embeddable":true,"href":"https:\/\/sulekablo.com.tr\/ku\/wp-json\/wp\/v2\/comments?post=3285"}],"version-history":[{"count":4,"href":"https:\/\/sulekablo.com.tr\/ku\/wp-json\/wp\/v2\/pages\/3285\/revisions"}],"predecessor-version":[{"id":3443,"href":"https:\/\/sulekablo.com.tr\/ku\/wp-json\/wp\/v2\/pages\/3285\/revisions\/3443"}],"wp:attachment":[{"href":"https:\/\/sulekablo.com.tr\/ku\/wp-json\/wp\/v2\/media?parent=3285"}],"curies":[{"name":"wp","href":"https:\/\/api.w.org\/{rel}","templated":true}]}}