{"id":3272,"date":"2026-01-22T23:13:15","date_gmt":"2026-01-22T20:13:15","guid":{"rendered":"https:\/\/sulekablo.com.tr\/ku\/?page_id=3272"},"modified":"2026-01-26T02:00:03","modified_gmt":"2026-01-25T23:00:03","slug":"hemu-berhem","status":"publish","type":"page","link":"https:\/\/sulekablo.com.tr\/ku\/hemu-berhem\/","title":{"rendered":"Hem\u00fb Berhem"},"content":{"rendered":"<p>[vc_row full_width=&#8221;stretch_row&#8221; css=&#8221;.vc_custom_1665015000001{padding-top: 60px !important;padding-bottom: 60px !important;background-color: #2c3e50 !important;}&#8221;][vc_column][vc_custom_heading text=&#8221;Hem\u00fb Kategoriy\u00ean Berhem\u00ean Me&#8221; font_container=&#8221;tag:h2|text_align:center|color:%23ffffff&#8221; use_theme_fonts=&#8221;yes&#8221;][vc_column_text]<\/p>\n<p style=\"text-align: center; color: #ffffff; max-width: 700px; margin: auto;\">H\u00fbn dikarin li j\u00ear hem\u00fb \u00e7areseriy\u00ean me y\u00ean kabloyan \u00ean ku me li gor\u00ee hewcedariy\u00ean we hilberandine, bib\u00eenin. Bi tikandina ser kategoriya ku h\u00fbn p\u00ea re eleqedar dibin, h\u00fbn dikarin kom\u00ean berhem\u00ean me bi h\u00fbrgul\u00ee bikolin.<\/p>\n<p>[\/vc_column_text][\/vc_column][\/vc_row][vc_row equal_height=&#8221;yes&#8221; content_placement=&#8221;top&#8221; full_width=&#8221;stretch_row&#8221; css=&#8221;.vc_custom_1665016000002{padding-top: 60px !important;padding-bottom: 30px !important;background-color: #f7f7f7 !important;}&#8221;][vc_column width=&#8221;1\/4&#8243;][gsf_icon_box icon_font=&#8221;fa fa-bolt&#8221; title=&#8221;KABLOY\u00caN ENERJIY\u00ca&#8221; description=&#8221;\u00c7areseriy\u00ean kabloy\u00ean enerjiya voltaja bilind \u00fb nizm.&#8221; box_shadow_hover=&#8221;true&#8221; link=&#8221;url:https%3A%2F%2Fsulekablo.com.tr%2Fku%2Fkabloyen-enerjiye%2F&#8221; css_animation=&#8221;fadeInUp&#8221; el_class=&#8221;tamami-tiklanabilir-kutu&#8221;][\/vc_column][vc_column width=&#8221;1\/4&#8243;][gsf_icon_box icon_font=&#8221;fa fa-phone&#8221; title=&#8221;KABLOY\u00caN T\u00caKILIY\u00ca&#8221; description=&#8221;Ji bo telefon, diyafon \u00fb tor\u00ean ragihandin\u00ea kablo.&#8221; box_shadow_hover=&#8221;true&#8221; link=&#8221;url:https%3A%2F%2Fsulekablo.com.tr%2Fku%2Fkabloyen-tekiliye%2F&#8221; css_animation=&#8221;fadeInUp&#8221; el_class=&#8221;tamami-tiklanabilir-kutu&#8221; css_animation_delay=&#8221;200&#8243;][\/vc_column][vc_column width=&#8221;1\/4&#8243;][gsf_icon_box icon_font=&#8221;fa fa-video-camera&#8221; title=&#8221;KABLOY\u00caN KAMERA \u00db CCTV&#8221; description=&#8221;Ji bo pergal\u00ean ewlehiy\u00ea veguhestina d\u00eemen \u00fb h\u00eaz\u00ea.&#8221; box_shadow_hover=&#8221;true&#8221; link=&#8221;url:https%3A%2F%2Fsulekablo.com.tr%2Fku%2Fkabloyen-kamera-u-cctv%2F&#8221; css_animation=&#8221;fadeInUp&#8221; el_class=&#8221;tamami-tiklanabilir-kutu&#8221; css_animation_delay=&#8221;400&#8243;][\/vc_column][vc_column width=&#8221;1\/4&#8243;][gsf_icon_box icon_font=&#8221;fa fa-feed&#8221; title=&#8221;KABLOY\u00caN KOAKSIYEL&#8221; description=&#8221;Veguhestina s\u00eenyal\u00ean frekansa bilind \u00fb pergal\u00ean satelayt\u00ea.&#8221; box_shadow_hover=&#8221;true&#8221; link=&#8221;url:https%3A%2F%2Fsulekablo.com.tr%2Fku%2Fkabloyen-koaksiyel%2F&#8221; css_animation=&#8221;fadeInUp&#8221; el_class=&#8221;tamami-tiklanabilir-kutu&#8221; css_animation_delay=&#8221;600&#8243;][\/vc_column][\/vc_row][vc_row equal_height=&#8221;yes&#8221; content_placement=&#8221;top&#8221; full_width=&#8221;stretch_row&#8221; css=&#8221;.vc_custom_1665017000003{padding-top: 0px !important;padding-bottom: 30px !important;background-color: #f7f7f7 !important;}&#8221;][vc_column width=&#8221;1\/4&#8243;][gsf_icon_box icon_font=&#8221;fa fa-plug&#8221; title=&#8221;KABLOY\u00caN KORDON\u00ca&#8221; description=&#8221;Ji bo ronah\u00eekirin \u00fb alav\u00ean mal\u00ea y\u00ean pi\u00e7\u00fbk kabloy\u00ean pan.&#8221; box_shadow_hover=&#8221;true&#8221; link=&#8221;url:https%3A%2F%2Fsulekablo.com.tr%2Fku%2Fkabloyen-kordone%2F&#8221; css_animation=&#8221;fadeInUp&#8221; el_class=&#8221;tamami-tiklanabilir-kutu&#8221;][\/vc_column][vc_column width=&#8221;1\/4&#8243;][gsf_icon_box icon_font=&#8221;fa fa-gamepad&#8221; title=&#8221;KABLOY\u00caN KUMANDAY\u00ca&#8221; description=&#8221;Ji bo kontrolkirina pergal\u00ean mekan\u00eek kabloy\u00ean nerm.&#8221; box_shadow_hover=&#8221;true&#8221; link=&#8221;url:https%3A%2F%2Fsulekablo.com.tr%2Fku%2Fkabloyen-kumandaye%2F&#8221; css_animation=&#8221;fadeInUp&#8221; el_class=&#8221;tamami-tiklanabilir-kutu&#8221; css_animation_delay=&#8221;200&#8243;][\/vc_column][vc_column width=&#8221;1\/4&#8243;][gsf_icon_box icon_font=&#8221;fa fa-microphone&#8221; title=&#8221;KABLOY\u00caN M\u00ceKROFON \u00db DENG&#8221; description=&#8221;Ji bo pergal\u00ean deng\u00ee y\u00ean profesyonel veguhestina b\u00eaparaz\u00eet.&#8221; box_shadow_hover=&#8221;true&#8221; link=&#8221;url:https%3A%2F%2Fsulekablo.com.tr%2Fku%2Fkabloyen-mikrofon-u-deng%2F&#8221; css_animation=&#8221;fadeInUp&#8221; el_class=&#8221;tamami-tiklanabilir-kutu&#8221; css_animation_delay=&#8221;400&#8243;][\/vc_column][vc_column width=&#8221;1\/4&#8243;][gsf_icon_box icon_font=&#8221;fa fa-car&#8221; title=&#8221;KABLOY\u00caN OTOMOT\u00ceV\u00ca&#8221; description=&#8221;Ji bo saziy\u00ean elektr\u00eek\u00ea y\u00ean wesay\u00eetan kabloy\u00ean berxwed\u00ear\u00ea germ\u00ea.&#8221; box_shadow_hover=&#8221;true&#8221; link=&#8221;url:https%3A%2F%2Fsulekablo.com.tr%2Fku%2Fkabloyen-otomotive%2F&#8221; css_animation=&#8221;fadeInUp&#8221; el_class=&#8221;tamami-tiklanabilir-kutu&#8221; css_animation_delay=&#8221;600&#8243;][\/vc_column][\/vc_row][vc_row equal_height=&#8221;yes&#8221; content_placement=&#8221;top&#8221; full_width=&#8221;stretch_row&#8221; css=&#8221;.vc_custom_1665018000004{padding-top: 0px !important;padding-bottom: 60px !important;background-color: #f7f7f7 !important;}&#8221;][vc_column width=&#8221;1\/4&#8243;][gsf_icon_box icon_font=&#8221;fa fa-cogs&#8221; title=&#8221;KABLOY\u00caN MOTOR\u00ca SERVO&#8221; description=&#8221;Ji bo ajoker\u00ean motor\u00ea servo kabloy\u00ean bi parastina EMC.&#8221; box_shadow_hover=&#8221;true&#8221; link=&#8221;url:https%3A%2F%2Fsulekablo.com.tr%2Fku%2Fkabloyen-motore-servo%2F&#8221; css_animation=&#8221;fadeInUp&#8221; el_class=&#8221;tamami-tiklanabilir-kutu&#8221;][\/vc_column][vc_column width=&#8221;1\/4&#8243;][gsf_icon_box icon_font=&#8221;fa fa-signal&#8221; title=&#8221;KABLOY\u00caN S\u00ceNYAL \u00db KONTROL\u00ca&#8221; description=&#8221;Ji bo otomasyon \u00fb veguhestina daneyan kabloy\u00ean hesas.&#8221; box_shadow_hover=&#8221;true&#8221; link=&#8221;url:https%3A%2F%2Fsulekablo.com.tr%2Fku%2Fkabloyen-sinyal-kontrole%2F&#8221; css_animation=&#8221;fadeInUp&#8221; el_class=&#8221;tamami-tiklanabilir-kutu&#8221; css_animation_delay=&#8221;200&#8243;][\/vc_column][vc_column width=&#8221;1\/4&#8243;][gsf_icon_box icon_font=&#8221;fa fa-undo&#8221; title=&#8221;KABLOY\u00caN SP\u00ceRAL&#8221; description=&#8221;Kabloy\u00ean bi b\u00eervekir\u00ee (memory), xwed\u00ee avahiya nerm \u00fb komker.&#8221; box_shadow_hover=&#8221;true&#8221; link=&#8221;url:https%3A%2F%2Fsulekablo.com.tr%2Fku%2Fkabloyen-spiral%2F&#8221; css_animation=&#8221;fadeInUp&#8221; el_class=&#8221;tamami-tiklanabilir-kutu&#8221; css_animation_delay=&#8221;400&#8243;][\/vc_column][vc_column width=&#8221;1\/4&#8243;][gsf_icon_box icon_font=&#8221;fa fa-fire-extinguisher&#8221; title=&#8221;KABLOY\u00caN ALARMA AGIR\u00ce&#8221; description=&#8221;Ji bo pergal\u00ean tesp\u00eetkirina agir veguhestina ewle.&#8221; box_shadow_hover=&#8221;true&#8221; link=&#8221;url:https%3A%2F%2Fsulekablo.com.tr%2Fku%2Fkabloyen-alarma-agiri%2F&#8221; css_animation=&#8221;fadeInUp&#8221; el_class=&#8221;tamami-tiklanabilir-kutu&#8221; css_animation_delay=&#8221;600&#8243;][\/vc_column][\/vc_row][vc_row full_width=&#8221;stretch_row&#8221; css=&#8221;.vc_custom_1665019000005{padding-top: 50px !important;padding-bottom: 50px !important;background-color: #ffffff !important;}&#8221;][vc_column][vc_cta h2=&#8221;Ma we ya ku h\u00fbn l\u00ea digerin ned\u00eet?&#8221; h4=&#8221;An j\u00ee ji bo projeya we \u00e7areseriyek taybet hewce ye?&#8221; txt_align=&#8221;center&#8221; add_button=&#8221;bottom&#8221; btn_title=&#8221;Bi Me Re T\u00eakevin T\u00eakiliy\u00ea&#8221; btn_style=&#8221;classic&#8221; btn_shape=&#8221;round&#8221; btn_color=&#8221;primary&#8221; btn_align=&#8221;center&#8221; btn_el_class=&#8221;&#8221; el_class=&#8221;&#8221; btn_link=&#8221;url:https%3A%2F%2Fsulekablo.com.tr%2Fku%2Ftekili%2F|title:T%C3%AAkil%C3%AE&#8221;][\/vc_cta][\/vc_column][\/vc_row]<\/p>\n","protected":false},"excerpt":{"rendered":"<p>[vc_row full_width=&#8221;stretch_row&#8221; css=&#8221;.vc_custom_1665015000001{padding-top: 60px !important;padding-bottom: 60px !important;background-color: #2c3e50 !important;}&#8221;][vc_column][vc_custom_heading text=&#8221;Hem\u00fb Kategoriy\u00ean Berhem\u00ean Me&#8221; font_container=&#8221;tag:h2|text_align:center|color:%23ffffff&#8221; use_theme_fonts=&#8221;yes&#8221;][vc_column_text] H\u00fbn dikarin li j\u00ear hem\u00fb \u00e7areseriy\u00ean me y\u00ean kabloyan \u00ean ku me li gor\u00ee hewcedariy\u00ean we hilberandine, bib\u00eenin. Bi tikandina ser kategoriya ku h\u00fbn p\u00ea re eleqedar dibin, h\u00fbn dikarin kom\u00ean berhem\u00ean me bi h\u00fbrgul\u00ee bikolin. [\/vc_column_text][\/vc_column][\/vc_row][vc_row equal_height=&#8221;yes&#8221; content_placement=&#8221;top&#8221; full_width=&#8221;stretch_row&#8221; [&hellip;]<\/p>\n","protected":false},"author":1,"featured_media":0,"parent":0,"menu_order":0,"comment_status":"closed","ping_status":"closed","template":"","meta":{"_acf_changed":false,"footnotes":""},"class_list":["post-3272","page","type-page","status-publish","hentry"],"acf":[],"yoast_head":"<!-- This site is optimized with the Yoast SEO plugin v27.0 - https:\/\/yoast.com\/product\/yoast-seo-wordpress\/ -->\n<title>Hem\u00fb Berhem - \u015eule Kablo - Kurd\u00ee<\/title>\n<meta name=\"description\" content=\"Hem\u00fb kategoriy\u00ean berhem\u00ean \u015eule Kablo bib\u00eenin: Kabloy\u00ean enerj\u00ee, ragihandin, CCTV, otomot\u00eev \u00fb z\u00eadetir. Ji bo hewcedariy\u00ean we \u00e7areseriy\u00ean...\" \/>\n<meta name=\"robots\" content=\"index, follow, max-snippet:-1, max-image-preview:large, max-video-preview:-1\" \/>\n<link rel=\"canonical\" href=\"https:\/\/sulekablo.com.tr\/ku\/hemu-berhem\/\" \/>\n<meta property=\"og:locale\" content=\"tr_TR\" \/>\n<meta property=\"og:type\" content=\"article\" \/>\n<meta property=\"og:title\" content=\"Hem\u00fb Berhem - \u015eule Kablo - Kurd\u00ee\" \/>\n<meta property=\"og:description\" content=\"Hem\u00fb kategoriy\u00ean berhem\u00ean \u015eule Kablo bib\u00eenin: Kabloy\u00ean enerj\u00ee, ragihandin, CCTV, otomot\u00eev \u00fb z\u00eadetir. Ji bo hewcedariy\u00ean we \u00e7areseriy\u00ean...\" \/>\n<meta property=\"og:url\" content=\"https:\/\/sulekablo.com.tr\/ku\/hemu-berhem\/\" \/>\n<meta property=\"og:site_name\" content=\"\u015eule Kablo - Kurd\u00ee\" \/>\n<meta property=\"article:modified_time\" content=\"2026-01-25T23:00:03+00:00\" \/>\n<meta name=\"twitter:card\" content=\"summary_large_image\" \/>\n<meta name=\"twitter:label1\" content=\"Tahmini okuma s\u00fcresi\" \/>\n\t<meta name=\"twitter:data1\" content=\"3 dakika\" \/>\n<script type=\"application\/ld+json\" class=\"yoast-schema-graph\">{\"@context\":\"https:\/\/schema.org\",\"@graph\":[{\"@type\":\"WebPage\",\"@id\":\"https:\/\/sulekablo.com.tr\/ku\/hemu-berhem\/\",\"url\":\"https:\/\/sulekablo.com.tr\/ku\/hemu-berhem\/\",\"name\":\"Hem\u00fb Berhem - \u015eule Kablo - Kurd\u00ee\",\"isPartOf\":{\"@id\":\"https:\/\/sulekablo.com.tr\/ku\/#website\"},\"datePublished\":\"2026-01-22T20:13:15+00:00\",\"dateModified\":\"2026-01-25T23:00:03+00:00\",\"description\":\"Hem\u00fb kategoriy\u00ean berhem\u00ean \u015eule Kablo bib\u00eenin: Kabloy\u00ean enerj\u00ee, ragihandin, CCTV, otomot\u00eev \u00fb z\u00eadetir. Ji bo hewcedariy\u00ean we \u00e7areseriy\u00ean...\",\"breadcrumb\":{\"@id\":\"https:\/\/sulekablo.com.tr\/ku\/hemu-berhem\/#breadcrumb\"},\"inLanguage\":\"tr\",\"potentialAction\":[{\"@type\":\"ReadAction\",\"target\":[\"https:\/\/sulekablo.com.tr\/ku\/hemu-berhem\/\"]}]},{\"@type\":\"BreadcrumbList\",\"@id\":\"https:\/\/sulekablo.com.tr\/ku\/hemu-berhem\/#breadcrumb\",\"itemListElement\":[{\"@type\":\"ListItem\",\"position\":1,\"name\":\"Home\",\"item\":\"https:\/\/sulekablo.com.tr\/ku\/\"},{\"@type\":\"ListItem\",\"position\":2,\"name\":\"Hem\u00fb Berhem\"}]},{\"@type\":\"WebSite\",\"@id\":\"https:\/\/sulekablo.com.tr\/ku\/#website\",\"url\":\"https:\/\/sulekablo.com.tr\/ku\/\",\"name\":\"\u015eule Kablo - Kurd\u00ee\",\"description\":\"Teknolojiya Daw\u00een di \u00c7\u00eakirina Kabloyan de\",\"potentialAction\":[{\"@type\":\"SearchAction\",\"target\":{\"@type\":\"EntryPoint\",\"urlTemplate\":\"https:\/\/sulekablo.com.tr\/ku\/?s={search_term_string}\"},\"query-input\":{\"@type\":\"PropertyValueSpecification\",\"valueRequired\":true,\"valueName\":\"search_term_string\"}}],\"inLanguage\":\"tr\"}]}<\/script>\n<!-- \/ Yoast SEO plugin. -->","yoast_head_json":{"title":"Hem\u00fb Berhem - \u015eule Kablo - Kurd\u00ee","description":"Hem\u00fb kategoriy\u00ean berhem\u00ean \u015eule Kablo bib\u00eenin: Kabloy\u00ean enerj\u00ee, ragihandin, CCTV, otomot\u00eev \u00fb z\u00eadetir. Ji bo hewcedariy\u00ean we \u00e7areseriy\u00ean...","robots":{"index":"index","follow":"follow","max-snippet":"max-snippet:-1","max-image-preview":"max-image-preview:large","max-video-preview":"max-video-preview:-1"},"canonical":"https:\/\/sulekablo.com.tr\/ku\/hemu-berhem\/","og_locale":"tr_TR","og_type":"article","og_title":"Hem\u00fb Berhem - \u015eule Kablo - Kurd\u00ee","og_description":"Hem\u00fb kategoriy\u00ean berhem\u00ean \u015eule Kablo bib\u00eenin: Kabloy\u00ean enerj\u00ee, ragihandin, CCTV, otomot\u00eev \u00fb z\u00eadetir. Ji bo hewcedariy\u00ean we \u00e7areseriy\u00ean...","og_url":"https:\/\/sulekablo.com.tr\/ku\/hemu-berhem\/","og_site_name":"\u015eule Kablo - Kurd\u00ee","article_modified_time":"2026-01-25T23:00:03+00:00","twitter_card":"summary_large_image","twitter_misc":{"Tahmini okuma s\u00fcresi":"3 dakika"},"schema":{"@context":"https:\/\/schema.org","@graph":[{"@type":"WebPage","@id":"https:\/\/sulekablo.com.tr\/ku\/hemu-berhem\/","url":"https:\/\/sulekablo.com.tr\/ku\/hemu-berhem\/","name":"Hem\u00fb Berhem - \u015eule Kablo - Kurd\u00ee","isPartOf":{"@id":"https:\/\/sulekablo.com.tr\/ku\/#website"},"datePublished":"2026-01-22T20:13:15+00:00","dateModified":"2026-01-25T23:00:03+00:00","description":"Hem\u00fb kategoriy\u00ean berhem\u00ean \u015eule Kablo bib\u00eenin: Kabloy\u00ean enerj\u00ee, ragihandin, CCTV, otomot\u00eev \u00fb z\u00eadetir. Ji bo hewcedariy\u00ean we \u00e7areseriy\u00ean...","breadcrumb":{"@id":"https:\/\/sulekablo.com.tr\/ku\/hemu-berhem\/#breadcrumb"},"inLanguage":"tr","potentialAction":[{"@type":"ReadAction","target":["https:\/\/sulekablo.com.tr\/ku\/hemu-berhem\/"]}]},{"@type":"BreadcrumbList","@id":"https:\/\/sulekablo.com.tr\/ku\/hemu-berhem\/#breadcrumb","itemListElement":[{"@type":"ListItem","position":1,"name":"Home","item":"https:\/\/sulekablo.com.tr\/ku\/"},{"@type":"ListItem","position":2,"name":"Hem\u00fb Berhem"}]},{"@type":"WebSite","@id":"https:\/\/sulekablo.com.tr\/ku\/#website","url":"https:\/\/sulekablo.com.tr\/ku\/","name":"\u015eule Kablo - Kurd\u00ee","description":"Teknolojiya Daw\u00een di \u00c7\u00eakirina Kabloyan de","potentialAction":[{"@type":"SearchAction","target":{"@type":"EntryPoint","urlTemplate":"https:\/\/sulekablo.com.tr\/ku\/?s={search_term_string}"},"query-input":{"@type":"PropertyValueSpecification","valueRequired":true,"valueName":"search_term_string"}}],"inLanguage":"tr"}]}},"_links":{"self":[{"href":"https:\/\/sulekablo.com.tr\/ku\/wp-json\/wp\/v2\/pages\/3272","targetHints":{"allow":["GET"]}}],"collection":[{"href":"https:\/\/sulekablo.com.tr\/ku\/wp-json\/wp\/v2\/pages"}],"about":[{"href":"https:\/\/sulekablo.com.tr\/ku\/wp-json\/wp\/v2\/types\/page"}],"author":[{"embeddable":true,"href":"https:\/\/sulekablo.com.tr\/ku\/wp-json\/wp\/v2\/users\/1"}],"replies":[{"embeddable":true,"href":"https:\/\/sulekablo.com.tr\/ku\/wp-json\/wp\/v2\/comments?post=3272"}],"version-history":[{"count":6,"href":"https:\/\/sulekablo.com.tr\/ku\/wp-json\/wp\/v2\/pages\/3272\/revisions"}],"predecessor-version":[{"id":3434,"href":"https:\/\/sulekablo.com.tr\/ku\/wp-json\/wp\/v2\/pages\/3272\/revisions\/3434"}],"wp:attachment":[{"href":"https:\/\/sulekablo.com.tr\/ku\/wp-json\/wp\/v2\/media?parent=3272"}],"curies":[{"name":"wp","href":"https:\/\/api.w.org\/{rel}","templated":true}]}}