{"id":309,"date":"2017-07-31T07:12:10","date_gmt":"2017-07-31T07:12:10","guid":{"rendered":"http:\/\/themes.g5plus.net\/ruby-build\/?page_id=309"},"modified":"2026-02-07T02:00:24","modified_gmt":"2026-02-06T23:00:24","slug":"ana-sayfa","status":"publish","type":"page","link":"https:\/\/sulekablo.com.tr\/ku\/","title":{"rendered":"Destp\u00eak"},"content":{"rendered":"<p>[vc_row full_width=&#8221;stretch_row_content_no_spaces&#8221; content_placement=&#8221;middle&#8221; bg_overlay_mode=&#8221;color&#8221; bg_overlay_color=&#8221;rgba(0,0,0,0.5)&#8221; css=&#8221;.vc_custom_1707252000001{padding-top: 80px !important;padding-bottom: 80px !important;background-image: url(https:\/\/sulekablo.com.tr\/wp-content\/uploads\/2026\/02\/Slider-2-1.jpg?id=3564) !important;background-position: center !important;background-repeat: no-repeat !important;background-size: cover !important;}&#8221;][vc_column width=&#8221;1\/6&#8243; offset=&#8221;vc_hidden-sm vc_hidden-xs&#8221;][\/vc_column][vc_column width=&#8221;2\/3&#8243; offset=&#8221;vc_col-lg-8 vc_col-md-10&#8243;][vc_column_text css=&#8221;.vc_custom_1707252000002{background-color: #ffffff !important;padding-top: 50px !important;padding-right: 50px !important;padding-bottom: 50px !important;padding-left: 50px !important;box-shadow: 0px 20px 40px rgba(0,0,0,0.4) !important;border-top-width: 6px !important;border-top-color: #ffb600 !important;border-top-style: solid !important;}&#8221;]<\/p>\n<div style=\"text-align: center;\">\n<h5 style=\"color: #ffb600; font-size: 13px; font-weight: 800; text-transform: uppercase; letter-spacing: 2px; margin-bottom: 15px;\">46 SALIN BAWER\u00ce \u00db EZM\u00dbN<\/h5>\n<h2 style=\"color: #222222; font-size: 44px; line-height: 1.1; font-weight: 800; margin-bottom: 20px; letter-spacing: -0.5px;\">\u015eULE KABLO<\/h2>\n<p style=\"color: #555555; font-size: 17px; line-height: 1.6; margin-bottom: 35px; max-width: 85%; margin-left: auto; margin-right: auto;\">Bi h\u00eaza xwe ya hilber\u00een\u00ea \u00fb binesaziya teknoloj\u00eek, em enerjiy\u00ea bi ewleh\u00ee digih\u00eenin p\u00ea\u015feroj\u00ea. Em hevkar\u00ea \u00e7areseriy\u00ea y\u00ea sektor\u00ea ne.<\/p>\n<div style=\"display: flex; justify-content: center; gap: 20px; flex-wrap: wrap;\">\n<a href=\"https:\/\/sulekablo.com.tr\/ku\/hemu-berhem\/\" style=\"display: inline-block; padding: 14px 40px; background-color: #ffb600; color: #000000; font-weight: 800; font-size: 14px; text-decoration: none; border-radius: 3px; border: 2px solid #ffb600; transition: all 0.3s;\">HEM\u00db BERHEM<\/a><br \/>\n<a href=\"https:\/\/sulekablo.com.tr\/ku\/tekili\/\" style=\"display: inline-block; padding: 14px 40px; background-color: transparent; color: #333333; font-weight: 800; font-size: 14px; text-decoration: none; border: 2px solid #333333; border-radius: 3px; transition: all 0.3s;\">T\u00caKIL\u00ce<\/a>\n<\/div>\n<\/div>\n<p>[\/vc_column_text][\/vc_column][vc_column width=&#8221;1\/6&#8243;][\/vc_column][\/vc_row][vc_row bg_overlay_mode=&#8221;color&#8221; bg_overlay_color=&#8221;rgba(252,252,252,0.95)&#8221; css=&#8221;.vc_custom_1623414164297{background-image: url(https:\/\/sulekablo.com.tr\/ku\/wp-content\/uploads\/sites\/5\/2021\/06\/bg-counter-1.jpg?id=2445) !important;background-position: center !important;background-repeat: no-repeat !important;background-size: cover !important;}&#8221;][vc_column][gsf_space desktop=&#8221;100&#8243; tablet=&#8221;80&#8243; tablet_portrait=&#8221;70&#8243; mobile_landscape=&#8221;60&#8243; mobile=&#8221;60&#8243;][\/vc_column][vc_column width=&#8221;1\/3&#8243; offset=&#8221;vc_col-md-offset-1&#8243;][vc_column_text]<\/p>\n<h1 class=\"gsf-accent-text fs-60 mg-top-0 mg-bottom-0\" style=\"line-height: 1;\">46<\/h1>\n<h5 class=\"gsf-accent-text fs-16 fw-normal mg-top-0 mg-bottom-0\">Bi Tecr\u00fbbeya Salan<\/h5>\n<h4 class=\"primary-font fs-40\" style=\"line-height: 1.125; margin-top: 13px; letter-spacing: 0.02em;\">Xizmeta bi Kal\u00eete<\/h4>\n<p>[\/vc_column_text][\/vc_column][vc_column width=&#8221;7\/12&#8243; offset=&#8221;vc_col-md-6&#8243;][vc_column_text css=&#8221;.vc_custom_1760901144874{margin-bottom: 45px !important;}&#8221;]Em agah\u00ee \u00fb serp\u00eahatiy\u00ean xwe di war\u00ea hilber\u00eena kabloyan de bi kar t\u00eenin \u00fb ezm\u00fbna xwe ya di sektor\u00ea de bih\u00eaztir dikin. \u015eule Kablo Elektrik Sanayi Ticaret Ltd. \u015eti. ku di war\u00ea hilber\u00eena kabloy\u00ean voltaja nizm \u00fb herika lawaz de kar dike, armanc dike ku bibe yek ji f\u00eermay\u00ean p\u00ea\u015feng \u00ean sektor\u00ea \u00fb xizmet\u00ea p\u00ea\u015fk\u00ea\u015f\u00ee mi\u015fteriy\u00ean me y\u00ean h\u00eaja bike.<\/p>\n<p>Bi saya xet\u00ean hilber\u00een\u00ea y\u00ean n\u00fbjen \u00fb teknoloj\u00eek \u00fb personela me ya tekn\u00eek\u00ee ya bi ezm\u00fbn, armanca me ya bingeh\u00een peydakirina hewcedar\u00ee \u00fb daxwaz\u00ean mi\u015fteriyan di asta her\u00ee bilind de ye. Berhem\u00ean me di bazar\u00ean navxwey\u00ee \u00fb dervey\u00ee de, bi taybet\u00ee ji bo sektora elektr\u00eek \u00fb elektron\u00eek\u00ea, x\u00eetab\u00ee gelek sektor\u00ean cuda dikin.<\/p>\n<p>Berhem\u00ean ku di kargeha me de t\u00ean hilberandin, standard\u00ean sektor\u00ea bi temam\u00ee p\u00eak t\u00eenin \u00fb ji bo dab\u00eenkirina berdewamiya kal\u00eeteya berhem\u00ea, xwed\u00ee belgey\u00ean kal\u00eetey\u00ea y\u00ean navnetewey\u00ee y\u00ean wek\u00ee TSE, CE \u00fb ISO 9001-2008 in. F\u00eermaya me ku memn\u00fbniyeta mi\u015fteriyan di r\u00eaza p\u00ea\u015f\u00een de digire, bi veberh\u00eanan\u00ean n\u00fb potansiyela mi\u015fteriy\u00ean xwe y\u00ean navxwey\u00ee \u00fb dervey\u00ee welat z\u00eade dike \u00fb bi bawer\u00ee \u00fb t\u00eagih\u00ee\u015ftina kal\u00eetey\u00ea bi gav\u00ean saxlem di riya xwe de berdewam dike.[\/vc_column_text][gsf_button title=&#8221;Der bar\u00ea Me de&#8221; color=&#8221;black&#8221; size=&#8221;md&#8221; align=&#8221;left&#8221; link=&#8221;url:https%3A%2F%2Fsulekablo.com.tr\/ku%2Fder-bare-me-de%2F|||&#8221;][\/vc_column][vc_column][gsf_space desktop=&#8221;71&#8243; tablet=&#8221;50&#8243; tablet_portrait=&#8221;40&#8243; mobile_landscape=&#8221;30&#8243; mobile=&#8221;30&#8243;][\/vc_column][vc_column][vc_row_inner][vc_column_inner width=&#8221;1\/2&#8243; offset=&#8221;vc_col-md-3&#8243;][gsf_counter icon_font=&#8221;flaticon-broker&#8221; start=&#8221;1000&#8243; decimals=&#8221;&#8221; separator=&#8221;&#8221; decimal=&#8221;&#8221; suffix=&#8221;+&#8221; title=&#8221;Mi\u015fteriy\u00ean Raz\u00ee&#8221;][\/vc_column_inner][vc_column_inner el_class=&#8221;xs-mg-top-20&#8243; width=&#8221;1\/2&#8243; offset=&#8221;vc_col-md-3&#8243;][gsf_counter icon_font=&#8221;flaticon-house-10&#8243; end=&#8221;46&#8243; separator=&#8221;&#8221; decimal=&#8221;&#8221; title=&#8221;Tecr\u00fbbeya Salan&#8221;][\/vc_column_inner][vc_column_inner el_class=&#8221;xs-mg-top-20,sm-mg-top-30&#8243; width=&#8221;1\/2&#8243; offset=&#8221;vc_col-md-3&#8243;][gsf_counter icon_font=&#8221;flaticon-engineer-1&#8243; start=&#8221;25&#8243; end=&#8221;25&#8243; separator=&#8221;&#8221; decimal=&#8221;&#8221; suffix=&#8221;+&#8221; title=&#8221;T\u00eema Profesyonel&#8221;][\/vc_column_inner][vc_column_inner el_class=&#8221;xs-mg-top-20,sm-mg-top-30&#8243; width=&#8221;1\/2&#8243; offset=&#8221;vc_col-md-3&#8243;][gsf_counter icon_font=&#8221;flaticon-helmet-1&#8243; start=&#8221;300&#8243; end=&#8221;500&#8243; separator=&#8221;&#8221; decimal=&#8221;&#8221; suffix=&#8221;+&#8221; title=&#8221;Projey\u00ean Temamkir\u00ee&#8221;][\/vc_column_inner][\/vc_row_inner][\/vc_column][vc_column][gsf_space desktop=&#8221;100&#8243; tablet=&#8221;80&#8243; tablet_portrait=&#8221;70&#8243; mobile_landscape=&#8221;60&#8243; mobile=&#8221;60&#8243;][\/vc_column][\/vc_row][vc_row][vc_column][gsf_space desktop=&#8221;100&#8243; tablet=&#8221;80&#8243; tablet_portrait=&#8221;70&#8243; mobile_landscape=&#8221;60&#8243; mobile=&#8221;60&#8243;][\/vc_column][vc_column css=&#8221;.vc_custom_1501814696756{margin-bottom: 40px !important;}&#8221;][gsf_heading sub_title=&#8221;Di Hilber\u00eena Kabloyan de P\u00ea\u015feng&#8221; local_subtitle=&#8221;subtitle-bottom&#8221; text_align=&#8221;text-center&#8221;]<strong class=\"uppercase\">\u00c7ima<\/strong> \u015eule<span class=\"accent-color\">Kablo<\/span>[\/gsf_heading][\/vc_column][vc_column][gsf_slider_container nav=&#8221;&#8221; autoplay=&#8221;on&#8221; columns=&#8221;3&#8243; columns_md=&#8221;3&#8243; columns_sm=&#8221;2&#8243; columns_xs=&#8221;1&#8243; columns_mb=&#8221;1&#8243;][gsf_feature_box image=&#8221;2407&#8243; text_align=&#8221;text-left&#8221; link=&#8221;url:%23&#8243; el_class=&#8221;&#8221; feature_images=&#8221;108&#8243; title=&#8221;T\u00eema bi Ezm\u00fbn&#8221;]Wek\u00ee \u015eule Kablo, em bi t\u00eema xwe ya firotin\u00ea \u00fb tekn\u00eek\u00ee ya bi ezm\u00fbn, hewcedariy\u00ean kabloyan \u00ean taybet ji bo projeya we li \u015f\u00fbn\u00ea tesp\u00eet dikin \u00fb \u00e7areseriy\u00ean her\u00ee bilez, rast \u00fb n\u00fbjen p\u00ea\u015fk\u00ea\u015f\u00ee we dikin.[\/gsf_feature_box][gsf_feature_box image=&#8221;2408&#8243; text_align=&#8221;text-left&#8221; el_class=&#8221;&#8221; layout_outline=&#8221;true&#8221; feature_images=&#8221;127&#8243; title=&#8221;Hilber\u00eena bi Kal\u00eete&#8221;]Bi gama me ya fireh a berheman, h\u00fbn dikarin kabloy\u00ean ji bo hewcedariy\u00ean sektor\u00ean cuda, bi dir\u00eajiya ku h\u00fbn dixwazin bi j\u00eakir\u00ee an j\u00ee bi temam\u00ee ji yek dest\u00ee peyda bikin.[\/gsf_feature_box][gsf_feature_box image=&#8221;2409&#8243; text_align=&#8221;text-left&#8221; el_class=&#8221;&#8221; layout_outline=&#8221;true&#8221; feature_images=&#8221;417&#8243; title=&#8221;Stoka Bih\u00eaz&#8221;]Wek\u00ee \u015eule Kablo, bi saya struktur\u00ea me y\u00ea stoka bih\u00eaz, em tavil\u00ea bersiv\u00ea didin hem\u00fb daxwaz\u00ean we y\u00ean kabloyan \u00fb al\u00eekariya projey\u00ean we dikin ku b\u00ea navber \u00fb bi lez bi p\u00ea\u015f bikevin.[\/gsf_feature_box][\/gsf_slider_container][gsf_slider_container nav=&#8221;&#8221; autoplay=&#8221;on&#8221; columns=&#8221;3&#8243; columns_md=&#8221;3&#8243; columns_sm=&#8221;2&#8243; columns_xs=&#8221;1&#8243; columns_mb=&#8221;1&#8243;][gsf_feature_box image=&#8221;2410&#8243; text_align=&#8221;text-left&#8221; el_class=&#8221;&#8221; layout_outline=&#8221;true&#8221; feature_images=&#8221;417&#8243; title=&#8221;Radestkirina di Wext\u00ea de&#8221;]Em bi pergala xwe ya stok \u00fb loj\u00eest\u00eek\u00ea ya bih\u00eaz, bi lez bersiv\u00ea didin daxwaz\u00ean we; b\u00eay\u00ee ku em taw\u00eez\u00ea ji kal\u00eeteya xwe bidin, em li gor\u00ee d\u00eerok\u00ean radestkirin\u00ea y\u00ean ku we diyar kirine dixebitin.[\/gsf_feature_box][gsf_feature_box image=&#8221;2411&#8243; text_align=&#8221;text-left&#8221; el_class=&#8221;&#8221; layout_outline=&#8221;true&#8221; feature_images=&#8221;417&#8243; title=&#8221;Pi\u015ftgiriya Pi\u015ft\u00ee Firotin\u00ea&#8221;]Em memn\u00fbniyeta mi\u015fteriyan wek\u00ee bingeha pi\u015ftgiriya xwe ya pi\u015ft\u00ee firotin\u00ea dib\u00eenin \u00fb her c\u00fbre xizmet\u00ean tekn\u00eek\u00ee y\u00ean ku h\u00fbn hewce dikin, bi standard\u00ean her\u00ee bilind \u00fb bi temam\u00ee peyda dikin.[\/gsf_feature_box][gsf_feature_box image=&#8221;2412&#8243; text_align=&#8221;text-left&#8221; el_class=&#8221;&#8221; layout_outline=&#8221;true&#8221; feature_images=&#8221;417&#8243; title=&#8221;Bihay\u00ea Gunca&#8221;]Li gor\u00ee kal\u00eeteya xwe, em berhem\u00ean her\u00ee bi kal\u00eete y\u00ean li bazar\u00ea bi bihay\u00ean her\u00ee guncav p\u00ea\u015fk\u00ea\u015f\u00ee we dikin. H\u00fbn dikarin bi serdana kargeha me, kal\u00eeteya hilber\u00eena me bi \u00e7av\u00ean xwe bib\u00eenin.[\/gsf_feature_box][\/gsf_slider_container][gsf_space desktop=&#8221;92&#8243; tablet=&#8221;70&#8243; tablet_portrait=&#8221;60&#8243; mobile_landscape=&#8221;50&#8243; mobile=&#8221;50&#8243;][\/vc_column][\/vc_row][vc_row color_skin=&#8221;skin-dark&#8221; parallax=&#8221;content-moving&#8221; bg_overlay_mode=&#8221;color&#8221; bg_overlay_color=&#8221;rgba(0,0,0,0.8)&#8221; css=&#8221;.vc_custom_1623414217195{background-image: url(https:\/\/sulekablo.com.tr\/ku\/wp-content\/uploads\/sites\/5\/2021\/06\/bg-iconbox-1.jpg?id=2447) !important;background-position: 0 0;background-repeat:-repeat;}&#8221;][vc_column][gsf_space desktop=&#8221;90&#8243; tablet=&#8221;70&#8243; tablet_portrait=&#8221;60&#8243; mobile_landscape=&#8221;60&#8243; mobile=&#8221;60&#8243;][gsf_heading sub_title=&#8221;Di Hilber\u00eena Kabloyan de P\u00ea\u015feng&#8221; local_subtitle=&#8221;subtitle-bottom&#8221; text_align=&#8221;text-center&#8221; title=&#8221;Certificates of RubyBuild&#8221;]Sert\u00eef\u00eekay\u00ean<span class=\"accent-color\"> \u015eule Kablo<\/span>[\/gsf_heading][gsf_slider_container nav=&#8221;&#8221; columns=&#8221;4&#8243; columns_md=&#8221;3&#8243; columns_sm=&#8221;2&#8243; columns_xs=&#8221;1&#8243; columns_mb=&#8221;1&#8243; css=&#8221;.vc_custom_1507520963637{margin-top: 50px !important;}&#8221;][gsf_icon_box icon_font=&#8221;fa fa-certificate&#8221; title=&#8221;ISO 9001:2008&#8243; description=&#8221;Ev belge ji bo pesendkirina sazkirin \u00fb sepandina pergalek r\u00eaveberiy\u00ea ya li gor\u00ee merc\u00ean Standarda Pergala R\u00eaveberiya Kal\u00eetey\u00ea ISO 9001:2008 hatiye day\u00een.&#8221; box_shadow_hover=&#8221;true&#8221; link=&#8221;url:%23|||&#8221; el_class=&#8221;&#8221;][gsf_icon_box icon_font=&#8221;fa fa-certificate&#8221; title=&#8221;Enst\u00eetuya Standard\u00ean Tirkiyey\u00ea&#8221; description=&#8221;Kabloy\u00ean b\u00ea kinc \u00ean yek-t\u00eal ji bo gir\u00eadan\u00ean navxwey\u00ee &#8211; TS EN 50525-2-31:2011 \/ Kabloy\u00ean Elektr\u00eek\u00ea &#8211; Kabloy\u00ean enerjiy\u00ea y\u00ean voltaja nizm \u00ean ku voltaja wan a binavkir\u00ee her\u00ee z\u00eade 450\/750V e &#8211; Be\u015f 2-31: Kabloy\u00ean ji bo sepan\u00ean gi\u015ft\u00ee &#8211; Kabloy\u00ean b\u00ea kinc \u00ean yek-t\u00eal \u00ean bi \u00eezolasyona Thermoplast\u00eek PVC \/ 22.11.2011&#8243; box_shadow_hover=&#8221;true&#8221; link=&#8221;url:%23|||&#8221; el_class=&#8221;&#8221;][gsf_icon_box icon_font=&#8221;fa fa-certificate&#8221; title=&#8221;Enst\u00eetuya Standard\u00ean Tirkiyey\u00ea&#8221; description=&#8221;Kabloy\u00ean b\u00ea kinc \u00ean yek-t\u00eal ji bo armanc\u00ean gi\u015ft\u00ee &#8211; TS EN 50525-2-31:2011 \/ Kabloy\u00ean Elektr\u00eek\u00ea &#8211; Kabloy\u00ean enerjiy\u00ea y\u00ean voltaja nizm \u00ean ku voltaja wan a binavkir\u00ee her\u00ee z\u00eade 450\/750V e &#8211; Be\u015f 2-31: Kabloy\u00ean ji bo sepan\u00ean gi\u015ft\u00ee &#8211; Kabloy\u00ean b\u00ea kinc \u00ean yek-t\u00eal \u00ean bi \u00eezolasyona Thermoplast\u00eek PVC \/ 22.11.2011&#8243; box_shadow_hover=&#8221;true&#8221; link=&#8221;url:%23|||&#8221; el_class=&#8221;&#8221;][gsf_icon_box icon_font=&#8221;fa fa-certificate&#8221; title=&#8221;Enst\u00eetuya Standard\u00ean Tirkiyey\u00ea&#8221; description=&#8221;Kabloy\u00ean bi kinc \u00ean PVC y\u00ean asay\u00ee (Kordon) &#8211; TS EN 50525-2-11:2011 \/ Kabloy\u00ean Elektr\u00eek\u00ea &#8211; Kabloy\u00ean enerjiy\u00ea y\u00ean voltaja nizm \u00ean ku voltaja wan a binavkir\u00ee her\u00ee z\u00eade 450\/750V e &#8211; Be\u015f 2-11: Kabloy\u00ean ji bo sepan\u00ean gi\u015ft\u00ee &#8211; Kabloy\u00ean qatqat\u00ee y\u00ean bi \u00eezolasyona Thermoplast\u00eek PVC (Kordon)&#8221; box_shadow_hover=&#8221;true&#8221; link=&#8221;url:%23|||&#8221; el_class=&#8221;&#8221;][gsf_icon_box icon_font=&#8221;flaticon-house&#8221; title=&#8221;Belgeya Qeydkirin\u00ea&#8221; description=&#8221;ISO 9001:2008 &#8211; Ji bo pesendkirina ku Pergala R\u00eaveberiya Kal\u00eetey\u00ea li gor\u00ee bend\u00ean standard\u00ea hat\u00ee sazkirin \u00fb sepandin.&#8221; box_shadow_hover=&#8221;true&#8221; link=&#8221;url:%23|||&#8221;][\/gsf_slider_container][gsf_space desktop=&#8221;80&#8243; tablet=&#8221;70&#8243; tablet_portrait=&#8221;60&#8243; mobile_landscape=&#8221;50&#8243; mobile=&#8221;50&#8243;][gsf_button title=&#8221;Hem\u00fb Sert\u00eef\u00eeka&#8221; size=&#8221;md&#8221; align=&#8221;center&#8221; link=&#8221;url:https%3A%2F%2Fwww.sulekablo.com.tr\/ku%2Fsertifika%2F|||&#8221;][gsf_space desktop=&#8221;100&#8243; tablet=&#8221;70&#8243; tablet_portrait=&#8221;60&#8243; mobile_landscape=&#8221;60&#8243; mobile=&#8221;60&#8243;][\/vc_column][\/vc_row][vc_row][vc_column][\/vc_column][\/vc_row][vc_row el_class=&#8221;position-relative,top-neg-60&#8243;][vc_column][gsf_space desktop=&#8221;100&#8243; tablet=&#8221;70&#8243; tablet_portrait=&#8221;60&#8243; mobile_landscape=&#8221;60&#8243; mobile=&#8221;60&#8243;][gsf_heading sub_title=&#8221;Di Hilber\u00eena Kabloyan de P\u00ea\u015feng&#8221; local_subtitle=&#8221;subtitle-bottom&#8221; text_align=&#8221;text-center&#8221; css=&#8221;.vc_custom_1615379944769{margin-bottom: 45px !important;}&#8221;]P\u00ea\u015fketin\u00ean<span class=\"accent-color\"> \u015eule Kablo<\/span>[\/gsf_heading][gsf_posts posts_per_page=&#8221;9&#8243; show_cate_filter=&#8221;&#8221; is_slider=&#8221;on&#8221; nav=&#8221;&#8221; autoplay=&#8221;on&#8221; post_animation=&#8221;&#8221; include_heading=&#8221;&#8221; ids=&#8221;&#8221;][gsf_space desktop=&#8221;73&#8243; tablet=&#8221;60&#8243; tablet_portrait=&#8221;60&#8243; mobile_landscape=&#8221;50&#8243; mobile=&#8221;50&#8243;][gsf_button title=&#8221;Hem\u00fb P\u00ea\u015fketin&#8221; color=&#8221;black&#8221; size=&#8221;md&#8221; align=&#8221;center&#8221; link=&#8221;url:https%3A%2F%2Fwww.sulekablo.com.tr\/ku%2Fblog|||&#8221;][gsf_space desktop=&#8221;40&#8243; tablet=&#8221;40&#8243; tablet_portrait=&#8221;30&#8243; mobile_landscape=&#8221;30&#8243; mobile=&#8221;30&#8243;][\/vc_column][\/vc_row]<\/p>\n","protected":false},"excerpt":{"rendered":"<p>[vc_row full_width=&#8221;stretch_row_content_no_spaces&#8221; content_placement=&#8221;middle&#8221; bg_overlay_mode=&#8221;color&#8221; bg_overlay_color=&#8221;rgba(0,0,0,0.5)&#8221; css=&#8221;.vc_custom_1707252000001{padding-top: 80px !important;padding-bottom: 80px !important;background-image: url(https:\/\/sulekablo.com.tr\/wp-content\/uploads\/2026\/02\/Slider-2-1.jpg?id=3564) !important;background-position: center !important;background-repeat: no-repeat !important;background-size: cover !important;}&#8221;][vc_column width=&#8221;1\/6&#8243; offset=&#8221;vc_hidden-sm vc_hidden-xs&#8221;][\/vc_column][vc_column width=&#8221;2\/3&#8243; offset=&#8221;vc_col-lg-8 vc_col-md-10&#8243;][vc_column_text css=&#8221;.vc_custom_1707252000002{background-color: #ffffff !important;padding-top: 50px !important;padding-right: 50px !important;padding-bottom: 50px !important;padding-left: 50px !important;box-shadow: 0px 20px 40px rgba(0,0,0,0.4) !important;border-top-width: 6px !important;border-top-color: #ffb600 !important;border-top-style: solid !important;}&#8221;] 46 SALIN BAWER\u00ce \u00db EZM\u00dbN \u015eULE KABLO Bi h\u00eaza [&hellip;]<\/p>\n","protected":false},"author":1,"featured_media":0,"parent":0,"menu_order":0,"comment_status":"closed","ping_status":"closed","template":"","meta":{"_acf_changed":false,"footnotes":""},"class_list":["post-309","page","type-page","status-publish","hentry"],"acf":[],"yoast_head":"<!-- This site is optimized with the Yoast SEO plugin v27.0 - https:\/\/yoast.com\/product\/yoast-seo-wordpress\/ -->\n<title>Malper - \u015eule Kablo - Teknolojiya Her\u00ee N\u00fb ya Hilber\u00eena Kabloyan<\/title>\n<meta name=\"description\" content=\"\u015eule Kablo di hilber\u00eena kabloy\u00ean voltaja nizm \u00fb herika lawaz de f\u00eermayeke p\u00ea\u015feng e. Bi tecr\u00fbbeya 46 salan, hilber\u00eena bi kal\u00eete \u00fb standard\u00ean..\" \/>\n<meta name=\"robots\" content=\"index, follow, max-snippet:-1, max-image-preview:large, max-video-preview:-1\" \/>\n<link rel=\"canonical\" href=\"https:\/\/sulekablo.com.tr\/ku\/\" \/>\n<meta property=\"og:locale\" content=\"tr_TR\" \/>\n<meta property=\"og:type\" content=\"article\" \/>\n<meta property=\"og:title\" content=\"Malper - \u015eule Kablo - Teknolojiya Her\u00ee N\u00fb ya Hilber\u00eena Kabloyan\" \/>\n<meta property=\"og:description\" content=\"\u015eule Kablo di hilber\u00eena kabloy\u00ean voltaja nizm \u00fb herika lawaz de f\u00eermayeke p\u00ea\u015feng e. Bi tecr\u00fbbeya 46 salan, hilber\u00eena bi kal\u00eete \u00fb standard\u00ean..\" \/>\n<meta property=\"og:url\" content=\"https:\/\/sulekablo.com.tr\/ku\/\" \/>\n<meta property=\"og:site_name\" content=\"\u015eule Kablo - Kurd\u00ee\" \/>\n<meta property=\"article:modified_time\" content=\"2026-02-06T23:00:24+00:00\" \/>\n<meta name=\"twitter:card\" content=\"summary_large_image\" \/>\n<meta name=\"twitter:label1\" content=\"Tahmini okuma s\u00fcresi\" \/>\n\t<meta name=\"twitter:data1\" content=\"6 dakika\" \/>\n<script type=\"application\/ld+json\" class=\"yoast-schema-graph\">{\"@context\":\"https:\/\/schema.org\",\"@graph\":[{\"@type\":\"WebPage\",\"@id\":\"https:\/\/sulekablo.com.tr\/ku\/\",\"url\":\"https:\/\/sulekablo.com.tr\/ku\/\",\"name\":\"Malper - \u015eule Kablo - Teknolojiya Her\u00ee N\u00fb ya Hilber\u00eena Kabloyan\",\"isPartOf\":{\"@id\":\"https:\/\/sulekablo.com.tr\/ku\/#website\"},\"datePublished\":\"2017-07-31T07:12:10+00:00\",\"dateModified\":\"2026-02-06T23:00:24+00:00\",\"description\":\"\u015eule Kablo di hilber\u00eena kabloy\u00ean voltaja nizm \u00fb herika lawaz de f\u00eermayeke p\u00ea\u015feng e. Bi tecr\u00fbbeya 46 salan, hilber\u00eena bi kal\u00eete \u00fb standard\u00ean..\",\"breadcrumb\":{\"@id\":\"https:\/\/sulekablo.com.tr\/ku\/#breadcrumb\"},\"inLanguage\":\"tr\",\"potentialAction\":[{\"@type\":\"ReadAction\",\"target\":[\"https:\/\/sulekablo.com.tr\/ku\/\"]}]},{\"@type\":\"BreadcrumbList\",\"@id\":\"https:\/\/sulekablo.com.tr\/ku\/#breadcrumb\",\"itemListElement\":[{\"@type\":\"ListItem\",\"position\":1,\"name\":\"Home\",\"item\":\"https:\/\/sulekablo.com.tr\/ku\/\"},{\"@type\":\"ListItem\",\"position\":2,\"name\":\"Destp\u00eak\"}]},{\"@type\":\"WebSite\",\"@id\":\"https:\/\/sulekablo.com.tr\/ku\/#website\",\"url\":\"https:\/\/sulekablo.com.tr\/ku\/\",\"name\":\"\u015eule Kablo - Kurd\u00ee\",\"description\":\"Teknolojiya Daw\u00een di \u00c7\u00eakirina Kabloyan de\",\"potentialAction\":[{\"@type\":\"SearchAction\",\"target\":{\"@type\":\"EntryPoint\",\"urlTemplate\":\"https:\/\/sulekablo.com.tr\/ku\/?s={search_term_string}\"},\"query-input\":{\"@type\":\"PropertyValueSpecification\",\"valueRequired\":true,\"valueName\":\"search_term_string\"}}],\"inLanguage\":\"tr\"}]}<\/script>\n<!-- \/ Yoast SEO plugin. -->","yoast_head_json":{"title":"Malper - \u015eule Kablo - Teknolojiya Her\u00ee N\u00fb ya Hilber\u00eena Kabloyan","description":"\u015eule Kablo di hilber\u00eena kabloy\u00ean voltaja nizm \u00fb herika lawaz de f\u00eermayeke p\u00ea\u015feng e. Bi tecr\u00fbbeya 46 salan, hilber\u00eena bi kal\u00eete \u00fb standard\u00ean..","robots":{"index":"index","follow":"follow","max-snippet":"max-snippet:-1","max-image-preview":"max-image-preview:large","max-video-preview":"max-video-preview:-1"},"canonical":"https:\/\/sulekablo.com.tr\/ku\/","og_locale":"tr_TR","og_type":"article","og_title":"Malper - \u015eule Kablo - Teknolojiya Her\u00ee N\u00fb ya Hilber\u00eena Kabloyan","og_description":"\u015eule Kablo di hilber\u00eena kabloy\u00ean voltaja nizm \u00fb herika lawaz de f\u00eermayeke p\u00ea\u015feng e. Bi tecr\u00fbbeya 46 salan, hilber\u00eena bi kal\u00eete \u00fb standard\u00ean..","og_url":"https:\/\/sulekablo.com.tr\/ku\/","og_site_name":"\u015eule Kablo - Kurd\u00ee","article_modified_time":"2026-02-06T23:00:24+00:00","twitter_card":"summary_large_image","twitter_misc":{"Tahmini okuma s\u00fcresi":"6 dakika"},"schema":{"@context":"https:\/\/schema.org","@graph":[{"@type":"WebPage","@id":"https:\/\/sulekablo.com.tr\/ku\/","url":"https:\/\/sulekablo.com.tr\/ku\/","name":"Malper - \u015eule Kablo - Teknolojiya Her\u00ee N\u00fb ya Hilber\u00eena Kabloyan","isPartOf":{"@id":"https:\/\/sulekablo.com.tr\/ku\/#website"},"datePublished":"2017-07-31T07:12:10+00:00","dateModified":"2026-02-06T23:00:24+00:00","description":"\u015eule Kablo di hilber\u00eena kabloy\u00ean voltaja nizm \u00fb herika lawaz de f\u00eermayeke p\u00ea\u015feng e. Bi tecr\u00fbbeya 46 salan, hilber\u00eena bi kal\u00eete \u00fb standard\u00ean..","breadcrumb":{"@id":"https:\/\/sulekablo.com.tr\/ku\/#breadcrumb"},"inLanguage":"tr","potentialAction":[{"@type":"ReadAction","target":["https:\/\/sulekablo.com.tr\/ku\/"]}]},{"@type":"BreadcrumbList","@id":"https:\/\/sulekablo.com.tr\/ku\/#breadcrumb","itemListElement":[{"@type":"ListItem","position":1,"name":"Home","item":"https:\/\/sulekablo.com.tr\/ku\/"},{"@type":"ListItem","position":2,"name":"Destp\u00eak"}]},{"@type":"WebSite","@id":"https:\/\/sulekablo.com.tr\/ku\/#website","url":"https:\/\/sulekablo.com.tr\/ku\/","name":"\u015eule Kablo - Kurd\u00ee","description":"Teknolojiya Daw\u00een di \u00c7\u00eakirina Kabloyan de","potentialAction":[{"@type":"SearchAction","target":{"@type":"EntryPoint","urlTemplate":"https:\/\/sulekablo.com.tr\/ku\/?s={search_term_string}"},"query-input":{"@type":"PropertyValueSpecification","valueRequired":true,"valueName":"search_term_string"}}],"inLanguage":"tr"}]}},"_links":{"self":[{"href":"https:\/\/sulekablo.com.tr\/ku\/wp-json\/wp\/v2\/pages\/309","targetHints":{"allow":["GET"]}}],"collection":[{"href":"https:\/\/sulekablo.com.tr\/ku\/wp-json\/wp\/v2\/pages"}],"about":[{"href":"https:\/\/sulekablo.com.tr\/ku\/wp-json\/wp\/v2\/types\/page"}],"author":[{"embeddable":true,"href":"https:\/\/sulekablo.com.tr\/ku\/wp-json\/wp\/v2\/users\/1"}],"replies":[{"embeddable":true,"href":"https:\/\/sulekablo.com.tr\/ku\/wp-json\/wp\/v2\/comments?post=309"}],"version-history":[{"count":53,"href":"https:\/\/sulekablo.com.tr\/ku\/wp-json\/wp\/v2\/pages\/309\/revisions"}],"predecessor-version":[{"id":3448,"href":"https:\/\/sulekablo.com.tr\/ku\/wp-json\/wp\/v2\/pages\/309\/revisions\/3448"}],"wp:attachment":[{"href":"https:\/\/sulekablo.com.tr\/ku\/wp-json\/wp\/v2\/media?parent=309"}],"curies":[{"name":"wp","href":"https:\/\/api.w.org\/{rel}","templated":true}]}}