{"id":254,"date":"2017-07-27T06:27:48","date_gmt":"2017-07-27T06:27:48","guid":{"rendered":"http:\/\/themes.g5plus.net\/ruby-build\/?page_id=254"},"modified":"2026-01-26T01:38:13","modified_gmt":"2026-01-25T22:38:13","slug":"tekili","status":"publish","type":"page","link":"https:\/\/sulekablo.com.tr\/ku\/tekili\/","title":{"rendered":"T\u00eakil\u00ee"},"content":{"rendered":"<p>[vc_row][vc_column][\/vc_column][vc_column width=&#8221;5\/12&#8243; offset=&#8221;vc_col-md-3&#8243;][vc_column_text el_class=&#8221;&#8221;]<\/p>\n<h5 class=\"fs-13 fw-normal gsf-accent-text mg-top-0 mg-bottom-10\">\u015eule Kablo<\/h5>\n<h4 class=\"fs-22 mg-top-0 mg-bottom-10\">Agahiy\u00ean <span class=\"gsf-accent-text\">T\u00eakiliy\u00ea<\/span><\/h4>\n<p><strong>Navn\u00ee\u015fana Of\u00ees\u00ea:<\/strong> Kavakl\u0131 Mah. Farabi Sk. No:9\/2<br \/>\nBeylikd\u00fcz\u00fc\/\u0130STANBUL<br \/>\n<strong>Telefona Of\u00ees\u00ea:<\/strong> +905320675142<\/p>\n<p class=\"text-italic mg-bottom-0\"><strong>Navn\u00ee\u015fana Fabr\u00eekay\u00ea:<\/strong> Celaliye K\u00f6y\u00fc Burgaz Yolu No:8 L\u00fcleburgaz\/K\u0131rklareli<br \/>\n<strong>Telefon:<\/strong> +905320675142<br \/>\n<strong>E-Peyam:<\/strong> info@sulekablo.com.tr<\/p>\n<p>[\/vc_column_text][vc_widget_sidebar sidebar_id=&#8221;infocontactus&#8221;][\/vc_column][vc_column width=&#8221;7\/12&#8243; offset=&#8221;vc_col-md-9&#8243;][vc_column_text]<\/p>\n<h5 class=\"fs-13 fw-normal gsf-accent-text mg-top-0 mg-bottom-10\">Bi Me Re<\/h5>\n<h4 class=\"fs-24 mg-top-0 mg-bottom-10 uppercase\">H\u00fbn Dikarin Bi <span class=\"gsf-accent-text \">Rayedar\u00ea Me Re<\/span> T\u00eakevin T\u00eakiliy\u00ea<\/h4>\n<p>[\/vc_column_text]\n<div class=\"wpcf7 no-js\" id=\"wpcf7-f957-o1\" lang=\"en-US\" dir=\"ltr\" data-wpcf7-id=\"957\">\n<div class=\"screen-reader-response\"><p role=\"status\" aria-live=\"polite\" aria-atomic=\"true\"><\/p> <ul><\/ul><\/div>\n<form action=\"\/ku\/wp-json\/wp\/v2\/pages\/254#wpcf7-f957-o1\" method=\"post\" class=\"wpcf7-form init\" aria-label=\"Contact form\" novalidate=\"novalidate\" data-status=\"init\">\n<fieldset class=\"hidden-fields-container\"><input type=\"hidden\" name=\"_wpcf7\" value=\"957\" \/><input type=\"hidden\" name=\"_wpcf7_version\" value=\"6.1.5\" \/><input type=\"hidden\" name=\"_wpcf7_locale\" value=\"en_US\" \/><input type=\"hidden\" name=\"_wpcf7_unit_tag\" value=\"wpcf7-f957-o1\" \/><input type=\"hidden\" name=\"_wpcf7_container_post\" value=\"0\" \/><input type=\"hidden\" name=\"_wpcf7_posted_data_hash\" value=\"\" \/>\n<\/fieldset>\n<div class=\"g5plus-contact-form clearfix\">\n\t<div class= \"column-2\">\n\t\t<div class=\"ct-name ct-left\">\n\t\t\t<p><span class=\"wpcf7-form-control-wrap\" data-name=\"your-name\"><input size=\"40\" maxlength=\"400\" class=\"wpcf7-form-control wpcf7-text wpcf7-validates-as-required\" aria-required=\"true\" aria-invalid=\"false\" placeholder=\"Ad Soyad\" value=\"\" type=\"text\" name=\"your-name\" \/><\/span>\n\t\t\t<\/p>\n\t\t<\/div>\n\t\t<div class=\"ct-email ct-right\">\n\t\t\t<p><span class=\"wpcf7-form-control-wrap\" data-name=\"your-email\"><input size=\"40\" maxlength=\"400\" class=\"wpcf7-form-control wpcf7-email wpcf7-validates-as-required wpcf7-text wpcf7-validates-as-email\" aria-required=\"true\" aria-invalid=\"false\" placeholder=\"E-Posta Adresi\" value=\"\" type=\"email\" name=\"your-email\" \/><\/span>\n\t\t\t<\/p>\n\t\t<\/div>\n\t<\/div>\n\t<div class=\"ct-subject\">\n\t\t<p><span class=\"wpcf7-form-control-wrap\" data-name=\"your-website\"><input size=\"40\" maxlength=\"400\" class=\"wpcf7-form-control wpcf7-text\" aria-invalid=\"false\" placeholder=\"Konu\" value=\"\" type=\"text\" name=\"your-website\" \/><\/span>\n\t\t<\/p>\n\t<\/div>\n\t<div>\n\t\t<p><span class=\"wpcf7-form-control-wrap\" data-name=\"your-message\"><textarea cols=\"40\" rows=\"10\" maxlength=\"2000\" class=\"wpcf7-form-control wpcf7-textarea wpcf7-validates-as-required\" aria-required=\"true\" aria-invalid=\"false\" placeholder=\"Mesaj\u0131n\u0131z\" name=\"your-message\"><\/textarea><\/span>\n\t\t<\/p>\n\t<\/div>\n\t<div class=\"btn-submit\">\n\t\t<p><input class=\"wpcf7-form-control wpcf7-submit has-spinner btn btn-black\" type=\"submit\" value=\"G\u00f6nder\" \/>\n\t\t<\/p>\n\t<\/div>\n<\/div><p style=\"display: none !important;\" class=\"akismet-fields-container\" data-prefix=\"_wpcf7_ak_\"><label>&#916;<textarea name=\"_wpcf7_ak_hp_textarea\" cols=\"45\" rows=\"8\" maxlength=\"100\"><\/textarea><\/label><input type=\"hidden\" id=\"ak_js_1\" name=\"_wpcf7_ak_js\" value=\"10\"\/><script>document.getElementById( \"ak_js_1\" ).setAttribute( \"value\", ( new Date() ).getTime() );<\/script><\/p><div class=\"wpcf7-response-output\" aria-hidden=\"true\"><\/div>\n<\/form>\n<\/div>\n[gsf_space desktop=&#8221;75&#8243; tablet=&#8221;70&#8243; tablet_portrait=&#8221;60&#8243; mobile_landscape=&#8221;50&#8243; mobile=&#8221;40&#8243;][vc_gmaps link=&#8221;#E-8_&#8230;MAP_LINK_HERE&#8230;&#8221;][\/vc_column][\/vc_row]<\/p>\n","protected":false},"excerpt":{"rendered":"<p>[vc_row][vc_column][\/vc_column][vc_column width=&#8221;5\/12&#8243; offset=&#8221;vc_col-md-3&#8243;][vc_column_text el_class=&#8221;&#8221;] \u015eule Kablo Agahiy\u00ean T\u00eakiliy\u00ea Navn\u00ee\u015fana Of\u00ees\u00ea: Kavakl\u0131 Mah. Farabi Sk. No:9\/2 Beylikd\u00fcz\u00fc\/\u0130STANBUL Telefona Of\u00ees\u00ea: +905320675142 Navn\u00ee\u015fana Fabr\u00eekay\u00ea: Celaliye K\u00f6y\u00fc Burgaz Yolu No:8 L\u00fcleburgaz\/K\u0131rklareli Telefon: +905320675142 E-Peyam: info@sulekablo.com.tr [\/vc_column_text][vc_widget_sidebar sidebar_id=&#8221;infocontactus&#8221;][\/vc_column][vc_column width=&#8221;7\/12&#8243; offset=&#8221;vc_col-md-9&#8243;][vc_column_text] Bi Me Re H\u00fbn Dikarin Bi Rayedar\u00ea Me Re T\u00eakevin T\u00eakiliy\u00ea [\/vc_column_text][gsf_space desktop=&#8221;75&#8243; tablet=&#8221;70&#8243; tablet_portrait=&#8221;60&#8243; mobile_landscape=&#8221;50&#8243; mobile=&#8221;40&#8243;][vc_gmaps link=&#8221;#E-8_&#8230;MAP_LINK_HERE&#8230;&#8221;][\/vc_column][\/vc_row]<\/p>\n","protected":false},"author":1,"featured_media":0,"parent":0,"menu_order":0,"comment_status":"closed","ping_status":"closed","template":"","meta":{"_acf_changed":false,"footnotes":""},"class_list":["post-254","page","type-page","status-publish","hentry"],"acf":[],"yoast_head":"<!-- This site is optimized with the Yoast SEO plugin v27.0 - https:\/\/yoast.com\/product\/yoast-seo-wordpress\/ -->\n<title>T\u00eakil\u00ee - \u015eule Kablo - Kurd\u00ee<\/title>\n<meta name=\"description\" content=\"Bi \u015eule Kablo re t\u00eakevin t\u00eakiliy\u00ea. Serdana of\u00eesa me ya Stenbol\u00ea an fabr\u00eekaya me ya Kirklareliy\u00ea bikin. Ji bo \u00e7areseriy\u00ean kablo y\u00ean biqal\u00eete..\" \/>\n<meta name=\"robots\" content=\"index, follow, max-snippet:-1, max-image-preview:large, max-video-preview:-1\" \/>\n<link rel=\"canonical\" href=\"https:\/\/sulekablo.com.tr\/ku\/tekili\/\" \/>\n<meta property=\"og:locale\" content=\"tr_TR\" \/>\n<meta property=\"og:type\" content=\"article\" \/>\n<meta property=\"og:title\" content=\"T\u00eakil\u00ee - \u015eule Kablo - Kurd\u00ee\" \/>\n<meta property=\"og:description\" content=\"Bi \u015eule Kablo re t\u00eakevin t\u00eakiliy\u00ea. Serdana of\u00eesa me ya Stenbol\u00ea an fabr\u00eekaya me ya Kirklareliy\u00ea bikin. Ji bo \u00e7areseriy\u00ean kablo y\u00ean biqal\u00eete..\" \/>\n<meta property=\"og:url\" content=\"https:\/\/sulekablo.com.tr\/ku\/tekili\/\" \/>\n<meta property=\"og:site_name\" content=\"\u015eule Kablo - Kurd\u00ee\" \/>\n<meta property=\"article:modified_time\" content=\"2026-01-25T22:38:13+00:00\" \/>\n<meta name=\"twitter:card\" content=\"summary_large_image\" \/>\n<meta name=\"twitter:label1\" content=\"Tahmini okuma s\u00fcresi\" \/>\n\t<meta name=\"twitter:data1\" content=\"1 dakika\" \/>\n<script type=\"application\/ld+json\" class=\"yoast-schema-graph\">{\"@context\":\"https:\/\/schema.org\",\"@graph\":[{\"@type\":\"WebPage\",\"@id\":\"https:\/\/sulekablo.com.tr\/ku\/tekili\/\",\"url\":\"https:\/\/sulekablo.com.tr\/ku\/tekili\/\",\"name\":\"T\u00eakil\u00ee - \u015eule Kablo - Kurd\u00ee\",\"isPartOf\":{\"@id\":\"https:\/\/sulekablo.com.tr\/ku\/#website\"},\"datePublished\":\"2017-07-27T06:27:48+00:00\",\"dateModified\":\"2026-01-25T22:38:13+00:00\",\"description\":\"Bi \u015eule Kablo re t\u00eakevin t\u00eakiliy\u00ea. Serdana of\u00eesa me ya Stenbol\u00ea an fabr\u00eekaya me ya Kirklareliy\u00ea bikin. Ji bo \u00e7areseriy\u00ean kablo y\u00ean biqal\u00eete..\",\"breadcrumb\":{\"@id\":\"https:\/\/sulekablo.com.tr\/ku\/tekili\/#breadcrumb\"},\"inLanguage\":\"tr\",\"potentialAction\":[{\"@type\":\"ReadAction\",\"target\":[\"https:\/\/sulekablo.com.tr\/ku\/tekili\/\"]}]},{\"@type\":\"BreadcrumbList\",\"@id\":\"https:\/\/sulekablo.com.tr\/ku\/tekili\/#breadcrumb\",\"itemListElement\":[{\"@type\":\"ListItem\",\"position\":1,\"name\":\"Home\",\"item\":\"https:\/\/sulekablo.com.tr\/ku\/\"},{\"@type\":\"ListItem\",\"position\":2,\"name\":\"T\u00eakil\u00ee\"}]},{\"@type\":\"WebSite\",\"@id\":\"https:\/\/sulekablo.com.tr\/ku\/#website\",\"url\":\"https:\/\/sulekablo.com.tr\/ku\/\",\"name\":\"\u015eule Kablo - Kurd\u00ee\",\"description\":\"Teknolojiya Daw\u00een di \u00c7\u00eakirina Kabloyan de\",\"potentialAction\":[{\"@type\":\"SearchAction\",\"target\":{\"@type\":\"EntryPoint\",\"urlTemplate\":\"https:\/\/sulekablo.com.tr\/ku\/?s={search_term_string}\"},\"query-input\":{\"@type\":\"PropertyValueSpecification\",\"valueRequired\":true,\"valueName\":\"search_term_string\"}}],\"inLanguage\":\"tr\"}]}<\/script>\n<!-- \/ Yoast SEO plugin. -->","yoast_head_json":{"title":"T\u00eakil\u00ee - \u015eule Kablo - Kurd\u00ee","description":"Bi \u015eule Kablo re t\u00eakevin t\u00eakiliy\u00ea. Serdana of\u00eesa me ya Stenbol\u00ea an fabr\u00eekaya me ya Kirklareliy\u00ea bikin. Ji bo \u00e7areseriy\u00ean kablo y\u00ean biqal\u00eete..","robots":{"index":"index","follow":"follow","max-snippet":"max-snippet:-1","max-image-preview":"max-image-preview:large","max-video-preview":"max-video-preview:-1"},"canonical":"https:\/\/sulekablo.com.tr\/ku\/tekili\/","og_locale":"tr_TR","og_type":"article","og_title":"T\u00eakil\u00ee - \u015eule Kablo - Kurd\u00ee","og_description":"Bi \u015eule Kablo re t\u00eakevin t\u00eakiliy\u00ea. Serdana of\u00eesa me ya Stenbol\u00ea an fabr\u00eekaya me ya Kirklareliy\u00ea bikin. Ji bo \u00e7areseriy\u00ean kablo y\u00ean biqal\u00eete..","og_url":"https:\/\/sulekablo.com.tr\/ku\/tekili\/","og_site_name":"\u015eule Kablo - Kurd\u00ee","article_modified_time":"2026-01-25T22:38:13+00:00","twitter_card":"summary_large_image","twitter_misc":{"Tahmini okuma s\u00fcresi":"1 dakika"},"schema":{"@context":"https:\/\/schema.org","@graph":[{"@type":"WebPage","@id":"https:\/\/sulekablo.com.tr\/ku\/tekili\/","url":"https:\/\/sulekablo.com.tr\/ku\/tekili\/","name":"T\u00eakil\u00ee - \u015eule Kablo - Kurd\u00ee","isPartOf":{"@id":"https:\/\/sulekablo.com.tr\/ku\/#website"},"datePublished":"2017-07-27T06:27:48+00:00","dateModified":"2026-01-25T22:38:13+00:00","description":"Bi \u015eule Kablo re t\u00eakevin t\u00eakiliy\u00ea. Serdana of\u00eesa me ya Stenbol\u00ea an fabr\u00eekaya me ya Kirklareliy\u00ea bikin. Ji bo \u00e7areseriy\u00ean kablo y\u00ean biqal\u00eete..","breadcrumb":{"@id":"https:\/\/sulekablo.com.tr\/ku\/tekili\/#breadcrumb"},"inLanguage":"tr","potentialAction":[{"@type":"ReadAction","target":["https:\/\/sulekablo.com.tr\/ku\/tekili\/"]}]},{"@type":"BreadcrumbList","@id":"https:\/\/sulekablo.com.tr\/ku\/tekili\/#breadcrumb","itemListElement":[{"@type":"ListItem","position":1,"name":"Home","item":"https:\/\/sulekablo.com.tr\/ku\/"},{"@type":"ListItem","position":2,"name":"T\u00eakil\u00ee"}]},{"@type":"WebSite","@id":"https:\/\/sulekablo.com.tr\/ku\/#website","url":"https:\/\/sulekablo.com.tr\/ku\/","name":"\u015eule Kablo - Kurd\u00ee","description":"Teknolojiya Daw\u00een di \u00c7\u00eakirina Kabloyan de","potentialAction":[{"@type":"SearchAction","target":{"@type":"EntryPoint","urlTemplate":"https:\/\/sulekablo.com.tr\/ku\/?s={search_term_string}"},"query-input":{"@type":"PropertyValueSpecification","valueRequired":true,"valueName":"search_term_string"}}],"inLanguage":"tr"}]}},"_links":{"self":[{"href":"https:\/\/sulekablo.com.tr\/ku\/wp-json\/wp\/v2\/pages\/254","targetHints":{"allow":["GET"]}}],"collection":[{"href":"https:\/\/sulekablo.com.tr\/ku\/wp-json\/wp\/v2\/pages"}],"about":[{"href":"https:\/\/sulekablo.com.tr\/ku\/wp-json\/wp\/v2\/types\/page"}],"author":[{"embeddable":true,"href":"https:\/\/sulekablo.com.tr\/ku\/wp-json\/wp\/v2\/users\/1"}],"replies":[{"embeddable":true,"href":"https:\/\/sulekablo.com.tr\/ku\/wp-json\/wp\/v2\/comments?post=254"}],"version-history":[{"count":21,"href":"https:\/\/sulekablo.com.tr\/ku\/wp-json\/wp\/v2\/pages\/254\/revisions"}],"predecessor-version":[{"id":3419,"href":"https:\/\/sulekablo.com.tr\/ku\/wp-json\/wp\/v2\/pages\/254\/revisions\/3419"}],"wp:attachment":[{"href":"https:\/\/sulekablo.com.tr\/ku\/wp-json\/wp\/v2\/media?parent=254"}],"curies":[{"name":"wp","href":"https:\/\/api.w.org\/{rel}","templated":true}]}}