{"id":2195,"date":"2021-03-23T09:22:01","date_gmt":"2021-03-23T09:22:01","guid":{"rendered":"https:\/\/wp.omercantalu.com\/?page_id=2195"},"modified":"2026-01-22T22:47:40","modified_gmt":"2026-01-22T19:47:40","slug":"nirxen-borseye","status":"publish","type":"page","link":"https:\/\/sulekablo.com.tr\/ku\/nirxen-borseye\/","title":{"rendered":"Nirx\u00ean Borsey\u00ea"},"content":{"rendered":"<p>[vc_row][vc_column][vc_column_text el_class=&#8221;&#8221;]<iframe loading=\"lazy\" src=\"https:\/\/tr.widgets.investing.com\/live-commodities?theme=lightTheme&amp;cols=month,last,high,low,change&amp;pairs=8830,8831,8836,8910\" width=\"100%\" height=\"300px\" frameborder=\"0\" marginwidth=\"0\" marginheight=\"0\"><\/iframe><\/p>\n<p><iframe loading=\"lazy\" src=\"https:\/\/tr.widgets.investing.com\/live-currency-cross-rates?theme=lightTheme&amp;pairs=10254,10290,66,18,1,3,2,4,7,5,8,6\" width=\"100%\" height=\"550px\" frameborder=\"0\" marginwidth=\"0\" marginheight=\"0\"><\/iframe><\/p>\n<p><iframe loading=\"lazy\" src=\"https:\/\/ssltools.investing.com\/technical_summary.php?pairs=8830,8831,8836,959208,959211&amp;curr-name-color=%230059B0&amp;fields=5m,15m,1h,1d&amp;force_lang=10\" width=\"505\" height=\"253\" frameborder=\"0\" marginwidth=\"0\" marginheight=\"0\" scrolling=\"no\"><\/iframe><\/p>\n<div style=\"width: 505px;\"><span style=\"float: left;\"><span style=\"font-size: 11px; color: #333333; text-decoration: none;\">Anal\u00eeza Tekn\u00eek\u00ee ji h\u00eala <a class=\"underline_link\" style=\"font-size: 11px; color: #06529d; font-weight: bold;\" href=\"https:\/\/tr.investing.com\/\" target=\"_blank\" rel=\"nofollow noopener\">Investing.com Tirkiye<\/a> ve t\u00ea peydakirin.<\/span><\/span><\/div>\n<p>[\/vc_column_text][\/vc_column][\/vc_row]<\/p>\n","protected":false},"excerpt":{"rendered":"<p>[vc_row][vc_column][vc_column_text el_class=&#8221;&#8221;] Anal\u00eeza Tekn\u00eek\u00ee ji h\u00eala Investing.com Tirkiye ve t\u00ea peydakirin. [\/vc_column_text][\/vc_column][\/vc_row]<\/p>\n","protected":false},"author":1,"featured_media":0,"parent":0,"menu_order":0,"comment_status":"closed","ping_status":"closed","template":"","meta":{"_acf_changed":false,"footnotes":""},"class_list":["post-2195","page","type-page","status-publish","hentry"],"acf":[],"yoast_head":"<!-- This site is optimized with the Yoast SEO plugin v27.0 - https:\/\/yoast.com\/product\/yoast-seo-wordpress\/ -->\n<title>Nirx\u00ean Borsey\u00ea - \u015eule Kablo - Kurd\u00ee<\/title>\n<meta name=\"description\" content=\"Nirx\u00ean zind\u00ee y\u00ean dow\u00eez, z\u00ear, sifir \u00fb b\u00eer metalan bi\u015fop\u00eenin. Ji bo sektora kabloyan agahiy\u00ean borsey\u00ea y\u00ean her\u00ee daw\u00ee \u00fb anal\u00eez\u00ean tekn\u00eek\u00ee li ser..\" \/>\n<meta name=\"robots\" content=\"index, follow, max-snippet:-1, max-image-preview:large, max-video-preview:-1\" \/>\n<link rel=\"canonical\" href=\"https:\/\/sulekablo.com.tr\/ku\/nirxen-borseye\/\" \/>\n<meta property=\"og:locale\" content=\"tr_TR\" \/>\n<meta property=\"og:type\" content=\"article\" \/>\n<meta property=\"og:title\" content=\"Nirx\u00ean Borsey\u00ea - \u015eule Kablo - Kurd\u00ee\" \/>\n<meta property=\"og:description\" content=\"Nirx\u00ean zind\u00ee y\u00ean dow\u00eez, z\u00ear, sifir \u00fb b\u00eer metalan bi\u015fop\u00eenin. Ji bo sektora kabloyan agahiy\u00ean borsey\u00ea y\u00ean her\u00ee daw\u00ee \u00fb anal\u00eez\u00ean tekn\u00eek\u00ee li ser..\" \/>\n<meta property=\"og:url\" content=\"https:\/\/sulekablo.com.tr\/ku\/nirxen-borseye\/\" \/>\n<meta property=\"og:site_name\" content=\"\u015eule Kablo - Kurd\u00ee\" \/>\n<meta property=\"article:modified_time\" content=\"2026-01-22T19:47:40+00:00\" \/>\n<meta name=\"twitter:card\" content=\"summary_large_image\" \/>\n<meta name=\"twitter:label1\" content=\"Tahmini okuma s\u00fcresi\" \/>\n\t<meta name=\"twitter:data1\" content=\"1 dakika\" \/>\n<script type=\"application\/ld+json\" class=\"yoast-schema-graph\">{\"@context\":\"https:\/\/schema.org\",\"@graph\":[{\"@type\":\"WebPage\",\"@id\":\"https:\/\/sulekablo.com.tr\/ku\/nirxen-borseye\/\",\"url\":\"https:\/\/sulekablo.com.tr\/ku\/nirxen-borseye\/\",\"name\":\"Nirx\u00ean Borsey\u00ea - \u015eule Kablo - Kurd\u00ee\",\"isPartOf\":{\"@id\":\"https:\/\/sulekablo.com.tr\/ku\/#website\"},\"datePublished\":\"2021-03-23T09:22:01+00:00\",\"dateModified\":\"2026-01-22T19:47:40+00:00\",\"description\":\"Nirx\u00ean zind\u00ee y\u00ean dow\u00eez, z\u00ear, sifir \u00fb b\u00eer metalan bi\u015fop\u00eenin. Ji bo sektora kabloyan agahiy\u00ean borsey\u00ea y\u00ean her\u00ee daw\u00ee \u00fb anal\u00eez\u00ean tekn\u00eek\u00ee li ser..\",\"breadcrumb\":{\"@id\":\"https:\/\/sulekablo.com.tr\/ku\/nirxen-borseye\/#breadcrumb\"},\"inLanguage\":\"tr\",\"potentialAction\":[{\"@type\":\"ReadAction\",\"target\":[\"https:\/\/sulekablo.com.tr\/ku\/nirxen-borseye\/\"]}]},{\"@type\":\"BreadcrumbList\",\"@id\":\"https:\/\/sulekablo.com.tr\/ku\/nirxen-borseye\/#breadcrumb\",\"itemListElement\":[{\"@type\":\"ListItem\",\"position\":1,\"name\":\"Home\",\"item\":\"https:\/\/sulekablo.com.tr\/ku\/\"},{\"@type\":\"ListItem\",\"position\":2,\"name\":\"Nirx\u00ean Borsey\u00ea\"}]},{\"@type\":\"WebSite\",\"@id\":\"https:\/\/sulekablo.com.tr\/ku\/#website\",\"url\":\"https:\/\/sulekablo.com.tr\/ku\/\",\"name\":\"\u015eule Kablo - Kurd\u00ee\",\"description\":\"Teknolojiya Daw\u00een di \u00c7\u00eakirina Kabloyan de\",\"potentialAction\":[{\"@type\":\"SearchAction\",\"target\":{\"@type\":\"EntryPoint\",\"urlTemplate\":\"https:\/\/sulekablo.com.tr\/ku\/?s={search_term_string}\"},\"query-input\":{\"@type\":\"PropertyValueSpecification\",\"valueRequired\":true,\"valueName\":\"search_term_string\"}}],\"inLanguage\":\"tr\"}]}<\/script>\n<!-- \/ Yoast SEO plugin. -->","yoast_head_json":{"title":"Nirx\u00ean Borsey\u00ea - \u015eule Kablo - Kurd\u00ee","description":"Nirx\u00ean zind\u00ee y\u00ean dow\u00eez, z\u00ear, sifir \u00fb b\u00eer metalan bi\u015fop\u00eenin. Ji bo sektora kabloyan agahiy\u00ean borsey\u00ea y\u00ean her\u00ee daw\u00ee \u00fb anal\u00eez\u00ean tekn\u00eek\u00ee li ser..","robots":{"index":"index","follow":"follow","max-snippet":"max-snippet:-1","max-image-preview":"max-image-preview:large","max-video-preview":"max-video-preview:-1"},"canonical":"https:\/\/sulekablo.com.tr\/ku\/nirxen-borseye\/","og_locale":"tr_TR","og_type":"article","og_title":"Nirx\u00ean Borsey\u00ea - \u015eule Kablo - Kurd\u00ee","og_description":"Nirx\u00ean zind\u00ee y\u00ean dow\u00eez, z\u00ear, sifir \u00fb b\u00eer metalan bi\u015fop\u00eenin. Ji bo sektora kabloyan agahiy\u00ean borsey\u00ea y\u00ean her\u00ee daw\u00ee \u00fb anal\u00eez\u00ean tekn\u00eek\u00ee li ser..","og_url":"https:\/\/sulekablo.com.tr\/ku\/nirxen-borseye\/","og_site_name":"\u015eule Kablo - Kurd\u00ee","article_modified_time":"2026-01-22T19:47:40+00:00","twitter_card":"summary_large_image","twitter_misc":{"Tahmini okuma s\u00fcresi":"1 dakika"},"schema":{"@context":"https:\/\/schema.org","@graph":[{"@type":"WebPage","@id":"https:\/\/sulekablo.com.tr\/ku\/nirxen-borseye\/","url":"https:\/\/sulekablo.com.tr\/ku\/nirxen-borseye\/","name":"Nirx\u00ean Borsey\u00ea - \u015eule Kablo - Kurd\u00ee","isPartOf":{"@id":"https:\/\/sulekablo.com.tr\/ku\/#website"},"datePublished":"2021-03-23T09:22:01+00:00","dateModified":"2026-01-22T19:47:40+00:00","description":"Nirx\u00ean zind\u00ee y\u00ean dow\u00eez, z\u00ear, sifir \u00fb b\u00eer metalan bi\u015fop\u00eenin. Ji bo sektora kabloyan agahiy\u00ean borsey\u00ea y\u00ean her\u00ee daw\u00ee \u00fb anal\u00eez\u00ean tekn\u00eek\u00ee li ser..","breadcrumb":{"@id":"https:\/\/sulekablo.com.tr\/ku\/nirxen-borseye\/#breadcrumb"},"inLanguage":"tr","potentialAction":[{"@type":"ReadAction","target":["https:\/\/sulekablo.com.tr\/ku\/nirxen-borseye\/"]}]},{"@type":"BreadcrumbList","@id":"https:\/\/sulekablo.com.tr\/ku\/nirxen-borseye\/#breadcrumb","itemListElement":[{"@type":"ListItem","position":1,"name":"Home","item":"https:\/\/sulekablo.com.tr\/ku\/"},{"@type":"ListItem","position":2,"name":"Nirx\u00ean Borsey\u00ea"}]},{"@type":"WebSite","@id":"https:\/\/sulekablo.com.tr\/ku\/#website","url":"https:\/\/sulekablo.com.tr\/ku\/","name":"\u015eule Kablo - Kurd\u00ee","description":"Teknolojiya Daw\u00een di \u00c7\u00eakirina Kabloyan de","potentialAction":[{"@type":"SearchAction","target":{"@type":"EntryPoint","urlTemplate":"https:\/\/sulekablo.com.tr\/ku\/?s={search_term_string}"},"query-input":{"@type":"PropertyValueSpecification","valueRequired":true,"valueName":"search_term_string"}}],"inLanguage":"tr"}]}},"_links":{"self":[{"href":"https:\/\/sulekablo.com.tr\/ku\/wp-json\/wp\/v2\/pages\/2195","targetHints":{"allow":["GET"]}}],"collection":[{"href":"https:\/\/sulekablo.com.tr\/ku\/wp-json\/wp\/v2\/pages"}],"about":[{"href":"https:\/\/sulekablo.com.tr\/ku\/wp-json\/wp\/v2\/types\/page"}],"author":[{"embeddable":true,"href":"https:\/\/sulekablo.com.tr\/ku\/wp-json\/wp\/v2\/users\/1"}],"replies":[{"embeddable":true,"href":"https:\/\/sulekablo.com.tr\/ku\/wp-json\/wp\/v2\/comments?post=2195"}],"version-history":[{"count":4,"href":"https:\/\/sulekablo.com.tr\/ku\/wp-json\/wp\/v2\/pages\/2195\/revisions"}],"predecessor-version":[{"id":3367,"href":"https:\/\/sulekablo.com.tr\/ku\/wp-json\/wp\/v2\/pages\/2195\/revisions\/3367"}],"wp:attachment":[{"href":"https:\/\/sulekablo.com.tr\/ku\/wp-json\/wp\/v2\/media?parent=2195"}],"curies":[{"name":"wp","href":"https:\/\/api.w.org\/{rel}","templated":true}]}}