{"id":1259,"date":"2017-09-08T09:20:18","date_gmt":"2017-09-08T09:20:18","guid":{"rendered":"http:\/\/themes.g5plus.net\/ruby-build\/?page_id=1259"},"modified":"2026-01-22T22:43:07","modified_gmt":"2026-01-22T19:43:07","slug":"cavkaniyen-mirovi","status":"publish","type":"page","link":"https:\/\/sulekablo.com.tr\/ku\/cavkaniyen-mirovi\/","title":{"rendered":"\u00c7avkaniy\u00ean Mirov\u00ee"},"content":{"rendered":"<p>[vc_row][vc_column offset=&#8221;vc_col-md-offset-1 vc_col-md-10&#8243;][vc_column_text el_class=&#8221;&#8221;]Taybetmendiya hevpar a ku di berbijar\u00ean ji h\u00eala \u015eule Kablo ve t\u00eane girtin de t\u00ea xwestin; ligel zanyariy\u00ean tekn\u00eek\u00ee, perwerde \u00fb j\u00eahat\u00eeb\u00fbn\u00ean ku poz\u00eesyon hewce dike, xwed\u00eeb\u00fbna taybetmendiy\u00ean kesayetiy\u00ea y\u00ean ku bi nirx\u00ean \u015eule Kablo re lihevhat\u00ee ne. Di tempoyek xebat\u00ea ya dijwar de karkirina afir\u00eener, hilberandina raman\u00ean n\u00fbjen di \u00e7ar\u00e7oveya ba\u015ftirkirina domdar de, dilsoziya bi saz\u00ee \u00fb heval\u00ean xebat\u00ea re, taybetmendiy\u00ean gir\u00eeng in ku di ser\u00ee de t\u00eane nirxandin.<\/p>\n<p>H\u00fbn dikarin serl\u00eadan\u00ean xwe rasterast bi l\u00eaz\u00eadekirina CV&#8217;y\u00ea ji navn\u00ee\u015fana <a href=\"mailto:ik@sulekablo.com.tr\">ik@sulekablo.com.tr<\/a> re bi\u015f\u00eenin.[\/vc_column_text][gsf_job_position values=&#8221;%5B%7B%22job_position%22%3A%22Daxuyaniyeke \u00e7alak tune%22%2C%22text_department%22%3A%22-%22%2C%22time%22%3A%22-%22%7D%5D&#8221; el_class=&#8221;&#8221; th_job_position=&#8221;Sernav\u00ea Daxuyaniya Kar&#8221; th_text_department=&#8221;Be\u015f&#8221; th_date=&#8221;D\u00eerok&#8221;][\/vc_column][\/vc_row]<\/p>\n","protected":false},"excerpt":{"rendered":"<p>[vc_row][vc_column offset=&#8221;vc_col-md-offset-1 vc_col-md-10&#8243;][vc_column_text el_class=&#8221;&#8221;]Taybetmendiya hevpar a ku di berbijar\u00ean ji h\u00eala \u015eule Kablo ve t\u00eane girtin de t\u00ea xwestin; ligel zanyariy\u00ean tekn\u00eek\u00ee, perwerde \u00fb j\u00eahat\u00eeb\u00fbn\u00ean ku poz\u00eesyon hewce dike, xwed\u00eeb\u00fbna taybetmendiy\u00ean kesayetiy\u00ea y\u00ean ku bi nirx\u00ean \u015eule Kablo re lihevhat\u00ee ne. Di tempoyek xebat\u00ea ya dijwar de karkirina afir\u00eener, hilberandina raman\u00ean n\u00fbjen di \u00e7ar\u00e7oveya ba\u015ftirkirina [&hellip;]<\/p>\n","protected":false},"author":1,"featured_media":0,"parent":0,"menu_order":0,"comment_status":"closed","ping_status":"closed","template":"","meta":{"_acf_changed":false,"footnotes":""},"class_list":["post-1259","page","type-page","status-publish","hentry"],"acf":[],"yoast_head":"<!-- This site is optimized with the Yoast SEO plugin v27.0 - https:\/\/yoast.com\/product\/yoast-seo-wordpress\/ -->\n<title>\u00c7avkaniy\u00ean Mirov\u00ee - \u015eule Kablo - Kurd\u00ee<\/title>\n<meta name=\"description\" content=\"Di \u015eule Kablo de bibin xwed\u00ee kariyer. Ji bo daxuyaniy\u00ean kar \u00fb serl\u00eadan\u00ean CV, r\u00fbpela me ya \u00e7avkaniy\u00ean mirov\u00ee bi\u015fop\u00eenin. Tevl\u00ee t\u00eema me ya...\" \/>\n<meta name=\"robots\" content=\"index, follow, max-snippet:-1, max-image-preview:large, max-video-preview:-1\" \/>\n<link rel=\"canonical\" href=\"https:\/\/sulekablo.com.tr\/ku\/cavkaniyen-mirovi\/\" \/>\n<meta property=\"og:locale\" content=\"tr_TR\" \/>\n<meta property=\"og:type\" content=\"article\" \/>\n<meta property=\"og:title\" content=\"\u00c7avkaniy\u00ean Mirov\u00ee - \u015eule Kablo - Kurd\u00ee\" \/>\n<meta property=\"og:description\" content=\"Di \u015eule Kablo de bibin xwed\u00ee kariyer. Ji bo daxuyaniy\u00ean kar \u00fb serl\u00eadan\u00ean CV, r\u00fbpela me ya \u00e7avkaniy\u00ean mirov\u00ee bi\u015fop\u00eenin. Tevl\u00ee t\u00eema me ya...\" \/>\n<meta property=\"og:url\" content=\"https:\/\/sulekablo.com.tr\/ku\/cavkaniyen-mirovi\/\" \/>\n<meta property=\"og:site_name\" content=\"\u015eule Kablo - Kurd\u00ee\" \/>\n<meta property=\"article:modified_time\" content=\"2026-01-22T19:43:07+00:00\" \/>\n<meta name=\"twitter:card\" content=\"summary_large_image\" \/>\n<meta name=\"twitter:label1\" content=\"Tahmini okuma s\u00fcresi\" \/>\n\t<meta name=\"twitter:data1\" content=\"1 dakika\" \/>\n<script type=\"application\/ld+json\" class=\"yoast-schema-graph\">{\"@context\":\"https:\/\/schema.org\",\"@graph\":[{\"@type\":\"WebPage\",\"@id\":\"https:\/\/sulekablo.com.tr\/ku\/cavkaniyen-mirovi\/\",\"url\":\"https:\/\/sulekablo.com.tr\/ku\/cavkaniyen-mirovi\/\",\"name\":\"\u00c7avkaniy\u00ean Mirov\u00ee - \u015eule Kablo - Kurd\u00ee\",\"isPartOf\":{\"@id\":\"https:\/\/sulekablo.com.tr\/ku\/#website\"},\"datePublished\":\"2017-09-08T09:20:18+00:00\",\"dateModified\":\"2026-01-22T19:43:07+00:00\",\"description\":\"Di \u015eule Kablo de bibin xwed\u00ee kariyer. Ji bo daxuyaniy\u00ean kar \u00fb serl\u00eadan\u00ean CV, r\u00fbpela me ya \u00e7avkaniy\u00ean mirov\u00ee bi\u015fop\u00eenin. Tevl\u00ee t\u00eema me ya...\",\"breadcrumb\":{\"@id\":\"https:\/\/sulekablo.com.tr\/ku\/cavkaniyen-mirovi\/#breadcrumb\"},\"inLanguage\":\"tr\",\"potentialAction\":[{\"@type\":\"ReadAction\",\"target\":[\"https:\/\/sulekablo.com.tr\/ku\/cavkaniyen-mirovi\/\"]}]},{\"@type\":\"BreadcrumbList\",\"@id\":\"https:\/\/sulekablo.com.tr\/ku\/cavkaniyen-mirovi\/#breadcrumb\",\"itemListElement\":[{\"@type\":\"ListItem\",\"position\":1,\"name\":\"Home\",\"item\":\"https:\/\/sulekablo.com.tr\/ku\/\"},{\"@type\":\"ListItem\",\"position\":2,\"name\":\"\u00c7avkaniy\u00ean Mirov\u00ee\"}]},{\"@type\":\"WebSite\",\"@id\":\"https:\/\/sulekablo.com.tr\/ku\/#website\",\"url\":\"https:\/\/sulekablo.com.tr\/ku\/\",\"name\":\"\u015eule Kablo - Kurd\u00ee\",\"description\":\"Teknolojiya Daw\u00een di \u00c7\u00eakirina Kabloyan de\",\"potentialAction\":[{\"@type\":\"SearchAction\",\"target\":{\"@type\":\"EntryPoint\",\"urlTemplate\":\"https:\/\/sulekablo.com.tr\/ku\/?s={search_term_string}\"},\"query-input\":{\"@type\":\"PropertyValueSpecification\",\"valueRequired\":true,\"valueName\":\"search_term_string\"}}],\"inLanguage\":\"tr\"}]}<\/script>\n<!-- \/ Yoast SEO plugin. -->","yoast_head_json":{"title":"\u00c7avkaniy\u00ean Mirov\u00ee - \u015eule Kablo - Kurd\u00ee","description":"Di \u015eule Kablo de bibin xwed\u00ee kariyer. Ji bo daxuyaniy\u00ean kar \u00fb serl\u00eadan\u00ean CV, r\u00fbpela me ya \u00e7avkaniy\u00ean mirov\u00ee bi\u015fop\u00eenin. Tevl\u00ee t\u00eema me ya...","robots":{"index":"index","follow":"follow","max-snippet":"max-snippet:-1","max-image-preview":"max-image-preview:large","max-video-preview":"max-video-preview:-1"},"canonical":"https:\/\/sulekablo.com.tr\/ku\/cavkaniyen-mirovi\/","og_locale":"tr_TR","og_type":"article","og_title":"\u00c7avkaniy\u00ean Mirov\u00ee - \u015eule Kablo - Kurd\u00ee","og_description":"Di \u015eule Kablo de bibin xwed\u00ee kariyer. Ji bo daxuyaniy\u00ean kar \u00fb serl\u00eadan\u00ean CV, r\u00fbpela me ya \u00e7avkaniy\u00ean mirov\u00ee bi\u015fop\u00eenin. Tevl\u00ee t\u00eema me ya...","og_url":"https:\/\/sulekablo.com.tr\/ku\/cavkaniyen-mirovi\/","og_site_name":"\u015eule Kablo - Kurd\u00ee","article_modified_time":"2026-01-22T19:43:07+00:00","twitter_card":"summary_large_image","twitter_misc":{"Tahmini okuma s\u00fcresi":"1 dakika"},"schema":{"@context":"https:\/\/schema.org","@graph":[{"@type":"WebPage","@id":"https:\/\/sulekablo.com.tr\/ku\/cavkaniyen-mirovi\/","url":"https:\/\/sulekablo.com.tr\/ku\/cavkaniyen-mirovi\/","name":"\u00c7avkaniy\u00ean Mirov\u00ee - \u015eule Kablo - Kurd\u00ee","isPartOf":{"@id":"https:\/\/sulekablo.com.tr\/ku\/#website"},"datePublished":"2017-09-08T09:20:18+00:00","dateModified":"2026-01-22T19:43:07+00:00","description":"Di \u015eule Kablo de bibin xwed\u00ee kariyer. Ji bo daxuyaniy\u00ean kar \u00fb serl\u00eadan\u00ean CV, r\u00fbpela me ya \u00e7avkaniy\u00ean mirov\u00ee bi\u015fop\u00eenin. Tevl\u00ee t\u00eema me ya...","breadcrumb":{"@id":"https:\/\/sulekablo.com.tr\/ku\/cavkaniyen-mirovi\/#breadcrumb"},"inLanguage":"tr","potentialAction":[{"@type":"ReadAction","target":["https:\/\/sulekablo.com.tr\/ku\/cavkaniyen-mirovi\/"]}]},{"@type":"BreadcrumbList","@id":"https:\/\/sulekablo.com.tr\/ku\/cavkaniyen-mirovi\/#breadcrumb","itemListElement":[{"@type":"ListItem","position":1,"name":"Home","item":"https:\/\/sulekablo.com.tr\/ku\/"},{"@type":"ListItem","position":2,"name":"\u00c7avkaniy\u00ean Mirov\u00ee"}]},{"@type":"WebSite","@id":"https:\/\/sulekablo.com.tr\/ku\/#website","url":"https:\/\/sulekablo.com.tr\/ku\/","name":"\u015eule Kablo - Kurd\u00ee","description":"Teknolojiya Daw\u00een di \u00c7\u00eakirina Kabloyan de","potentialAction":[{"@type":"SearchAction","target":{"@type":"EntryPoint","urlTemplate":"https:\/\/sulekablo.com.tr\/ku\/?s={search_term_string}"},"query-input":{"@type":"PropertyValueSpecification","valueRequired":true,"valueName":"search_term_string"}}],"inLanguage":"tr"}]}},"_links":{"self":[{"href":"https:\/\/sulekablo.com.tr\/ku\/wp-json\/wp\/v2\/pages\/1259","targetHints":{"allow":["GET"]}}],"collection":[{"href":"https:\/\/sulekablo.com.tr\/ku\/wp-json\/wp\/v2\/pages"}],"about":[{"href":"https:\/\/sulekablo.com.tr\/ku\/wp-json\/wp\/v2\/types\/page"}],"author":[{"embeddable":true,"href":"https:\/\/sulekablo.com.tr\/ku\/wp-json\/wp\/v2\/users\/1"}],"replies":[{"embeddable":true,"href":"https:\/\/sulekablo.com.tr\/ku\/wp-json\/wp\/v2\/comments?post=1259"}],"version-history":[{"count":7,"href":"https:\/\/sulekablo.com.tr\/ku\/wp-json\/wp\/v2\/pages\/1259\/revisions"}],"predecessor-version":[{"id":3363,"href":"https:\/\/sulekablo.com.tr\/ku\/wp-json\/wp\/v2\/pages\/1259\/revisions\/3363"}],"wp:attachment":[{"href":"https:\/\/sulekablo.com.tr\/ku\/wp-json\/wp\/v2\/media?parent=1259"}],"curies":[{"name":"wp","href":"https:\/\/api.w.org\/{rel}","templated":true}]}}