{"id":254,"date":"2017-07-27T06:27:48","date_gmt":"2017-07-27T06:27:48","guid":{"rendered":"http:\/\/themes.g5plus.net\/ruby-build\/?page_id=254"},"modified":"2026-02-06T11:22:46","modified_gmt":"2026-02-06T11:22:46","slug":"contact","status":"publish","type":"page","link":"https:\/\/sulekablo.com.tr\/en\/contact\/","title":{"rendered":"Contact"},"content":{"rendered":"<p>[vc_row][vc_column][\/vc_column][vc_column width=&#8221;5\/12&#8243; offset=&#8221;vc_col-md-3&#8243;][vc_column_text el_class=&#8221;&#8221;]<\/p>\n<h5 class=\"fs-13 fw-normal gsf-accent-text mg-top-0 mg-bottom-10\">Sule Cable<\/h5>\n<h4 class=\"fs-22 mg-top-0 mg-bottom-10\">Contact <span class=\"gsf-accent-text\">Information<\/span><\/h4>\n<p><strong>Office Address:<\/strong> Kavakl\u0131 Mahallesi Farabi Street No:9\/2 Beylikd\u00fcz\u00fc\/\u0130STANBUL<br \/>\n<strong>Phone:<\/strong> +90\u00a0(532)\u00a0067\u00a051\u00a042<br \/>\n<strong>E-Mail:<\/strong> info@sulekablo.com.tr<\/p>\n<p class=\"text-italic mg-bottom-0\"><strong>Address:<\/strong> Celaliye K\u00f6y\u00fc Burgaz Yolu No:8 L\u00fcleburgaz\/K\u0131rklareli<br \/>\n<strong>Phone:<\/strong> +90\u00a0(532)\u00a0067\u00a051\u00a042<br \/>\n<strong>E-Mail:<\/strong> info@sulekablo.com.tr<\/p>\n<p>[\/vc_column_text][vc_widget_sidebar sidebar_id=&#8221;infocontactus&#8221;][\/vc_column][vc_column width=&#8221;7\/12&#8243; offset=&#8221;vc_col-md-9&#8243;][vc_column_text]<\/p>\n<h5 class=\"fs-13 fw-normal gsf-accent-text mg-top-0 mg-bottom-10\">With Our Official<\/h5>\n<h4 class=\"fs-24 mg-top-0 mg-bottom-10 uppercase\"><span class=\"gsf-accent-text \">You Can<\/span> CommunIcate<\/h4>\n<p>[\/vc_column_text]\n<div class=\"wpcf7 no-js\" id=\"wpcf7-f957-o1\" lang=\"en-US\" dir=\"ltr\" data-wpcf7-id=\"957\">\n<div class=\"screen-reader-response\"><p role=\"status\" aria-live=\"polite\" aria-atomic=\"true\"><\/p> <ul><\/ul><\/div>\n<form action=\"\/en\/wp-json\/wp\/v2\/pages\/254#wpcf7-f957-o1\" method=\"post\" class=\"wpcf7-form init\" aria-label=\"Contact form\" novalidate=\"novalidate\" data-status=\"init\">\n<fieldset class=\"hidden-fields-container\"><input type=\"hidden\" name=\"_wpcf7\" value=\"957\" \/><input type=\"hidden\" name=\"_wpcf7_version\" value=\"6.1.5\" \/><input type=\"hidden\" name=\"_wpcf7_locale\" value=\"en_US\" \/><input type=\"hidden\" name=\"_wpcf7_unit_tag\" value=\"wpcf7-f957-o1\" \/><input type=\"hidden\" name=\"_wpcf7_container_post\" value=\"0\" \/><input type=\"hidden\" name=\"_wpcf7_posted_data_hash\" value=\"\" \/>\n<\/fieldset>\n<div class=\"g5plus-contact-form clearfix\">\n\t<div class= \"column-2\">\n\t\t<div class=\"ct-name ct-left\">\n\t\t\t<p><span class=\"wpcf7-form-control-wrap\" data-name=\"your-name\"><input size=\"40\" maxlength=\"400\" class=\"wpcf7-form-control wpcf7-text wpcf7-validates-as-required\" aria-required=\"true\" aria-invalid=\"false\" placeholder=\"Full Name\" value=\"\" type=\"text\" name=\"your-name\" \/><\/span>\n\t\t\t<\/p>\n\t\t<\/div>\n\t\t<div class=\"ct-email ct-right\">\n\t\t\t<p><span class=\"wpcf7-form-control-wrap\" data-name=\"your-email\"><input size=\"40\" maxlength=\"400\" class=\"wpcf7-form-control wpcf7-email wpcf7-validates-as-required wpcf7-text wpcf7-validates-as-email\" aria-required=\"true\" aria-invalid=\"false\" placeholder=\"Email Address\" value=\"\" type=\"email\" name=\"your-email\" \/><\/span>\n\t\t\t<\/p>\n\t\t<\/div>\n\t<\/div>\n\t<div class=\"ct-subject\">\n\t\t<p><span class=\"wpcf7-form-control-wrap\" data-name=\"your-website\"><input size=\"40\" maxlength=\"400\" class=\"wpcf7-form-control wpcf7-text\" aria-invalid=\"false\" placeholder=\"Subject\" value=\"\" type=\"text\" name=\"your-website\" \/><\/span>\n\t\t<\/p>\n\t<\/div>\n\t<div>\n\t\t<p><span class=\"wpcf7-form-control-wrap\" data-name=\"your-message\"><textarea cols=\"40\" rows=\"10\" maxlength=\"2000\" class=\"wpcf7-form-control wpcf7-textarea wpcf7-validates-as-required\" aria-required=\"true\" aria-invalid=\"false\" placeholder=\"Detail\" name=\"your-message\"><\/textarea><\/span>\n\t\t<\/p>\n\t<\/div>\n\t<div class=\"btn-submit\">\n\t\t<p><input class=\"wpcf7-form-control wpcf7-submit has-spinner btn btn-black\" type=\"submit\" value=\"Contact us Now\" \/>\n\t\t<\/p>\n\t<\/div>\n<\/div><p style=\"display: none !important;\" class=\"akismet-fields-container\" data-prefix=\"_wpcf7_ak_\"><label>&#916;<textarea name=\"_wpcf7_ak_hp_textarea\" cols=\"45\" rows=\"8\" maxlength=\"100\"><\/textarea><\/label><input type=\"hidden\" id=\"ak_js_1\" name=\"_wpcf7_ak_js\" value=\"68\"\/><script>document.getElementById( \"ak_js_1\" ).setAttribute( \"value\", ( new Date() ).getTime() );<\/script><\/p><div class=\"wpcf7-response-output\" aria-hidden=\"true\"><\/div>\n<\/form>\n<\/div>\n[gsf_space desktop=&#8221;75&#8243; tablet=&#8221;70&#8243; tablet_portrait=&#8221;60&#8243; mobile_landscape=&#8221;50&#8243; mobile=&#8221;40&#8243;][vc_gmaps link=&#8221;#E-8_JTNDaWZyYW1lJTIwc3JjJTNEJTIyaHR0cHMlM0ElMkYlMkZ3d3cuZ29vZ2xlLmNvbSUyRm1hcHMlMkZlbWJlZCUzRnBiJTNEJTIxMW0xOCUyMTFtMTIlMjExbTMlMjExZDI5ODcuNTMyNjcyODY1ODU4MyUyMTJkMjcuMzYyNzM0OTUxNDY1MjIlMjEzZDQxLjUxNDQwMDk5NTk3MTgyNiUyMTJtMyUyMTFmMCUyMTJmMCUyMTNmMCUyMTNtMiUyMTFpMTAyNCUyMTJpNzY4JTIxNGYxMy4xJTIxM20zJTIxMW0yJTIxMXMweDAlMjUzQTB4NGRkNGRlYzc3MDI1ZTUzZCUyMTJ6TkRIQ3NETXdKelV4TGpnaVRpQXlOOEt3TWpFbk5UTXVOeUpGJTIxNWUwJTIxM20yJTIxMXN0ciUyMTJzdHIlMjE0djE2NDY4MTY2Nzk2MzMlMjE1bTIlMjExc3RyJTIxMnN0ciUyMiUyMHdpZHRoJTNEJTIyNjAwJTIyJTIwaGVpZ2h0JTNEJTIyNDUwJTIyJTIwc3R5bGUlM0QlMjJib3JkZXIlM0EwJTNCJTIyJTIwYWxsb3dmdWxsc2NyZWVuJTNEJTIyJTIyJTIwbG9hZGluZyUzRCUyMmxhenklMjIlM0UlM0MlMkZpZnJhbWUlM0U=&#8221;][\/vc_column][\/vc_row]<\/p>\n","protected":false},"excerpt":{"rendered":"<p>[vc_row][vc_column][\/vc_column][vc_column width=&#8221;5\/12&#8243; offset=&#8221;vc_col-md-3&#8243;][vc_column_text el_class=&#8221;&#8221;] Sule Cable Contact Information Office Address: Kavakl\u0131 Mahallesi Farabi Street No:9\/2 Beylikd\u00fcz\u00fc\/\u0130STANBUL Phone: +90\u00a0(532)\u00a0067\u00a051\u00a042 E-Mail: info@sulekablo.com.tr Address: Celaliye K\u00f6y\u00fc Burgaz Yolu No:8 L\u00fcleburgaz\/K\u0131rklareli Phone: +90\u00a0(532)\u00a0067\u00a051\u00a042 E-Mail: info@sulekablo.com.tr [\/vc_column_text][vc_widget_sidebar sidebar_id=&#8221;infocontactus&#8221;][\/vc_column][vc_column width=&#8221;7\/12&#8243; offset=&#8221;vc_col-md-9&#8243;][vc_column_text] With Our Official You Can CommunIcate [\/vc_column_text][gsf_space desktop=&#8221;75&#8243; tablet=&#8221;70&#8243; tablet_portrait=&#8221;60&#8243; mobile_landscape=&#8221;50&#8243; mobile=&#8221;40&#8243;][vc_gmaps link=&#8221;#E-8_JTNDaWZyYW1lJTIwc3JjJTNEJTIyaHR0cHMlM0ElMkYlMkZ3d3cuZ29vZ2xlLmNvbSUyRm1hcHMlMkZlbWJlZCUzRnBiJTNEJTIxMW0xOCUyMTFtMTIlMjExbTMlMjExZDI5ODcuNTMyNjcyODY1ODU4MyUyMTJkMjcuMzYyNzM0OTUxNDY1MjIlMjEzZDQxLjUxNDQwMDk5NTk3MTgyNiUyMTJtMyUyMTFmMCUyMTJmMCUyMTNmMCUyMTNtMiUyMTFpMTAyNCUyMTJpNzY4JTIxNGYxMy4xJTIxM20zJTIxMW0yJTIxMXMweDAlMjUzQTB4NGRkNGRlYzc3MDI1ZTUzZCUyMTJ6TkRIQ3NETXdKelV4TGpnaVRpQXlOOEt3TWpFbk5UTXVOeUpGJTIxNWUwJTIxM20yJTIxMXN0ciUyMTJzdHIlMjE0djE2NDY4MTY2Nzk2MzMlMjE1bTIlMjExc3RyJTIxMnN0ciUyMiUyMHdpZHRoJTNEJTIyNjAwJTIyJTIwaGVpZ2h0JTNEJTIyNDUwJTIyJTIwc3R5bGUlM0QlMjJib3JkZXIlM0EwJTNCJTIyJTIwYWxsb3dmdWxsc2NyZWVuJTNEJTIyJTIyJTIwbG9hZGluZyUzRCUyMmxhenklMjIlM0UlM0MlMkZpZnJhbWUlM0U=&#8221;][\/vc_column][\/vc_row]<\/p>\n","protected":false},"author":1,"featured_media":0,"parent":0,"menu_order":0,"comment_status":"closed","ping_status":"closed","template":"","meta":{"_acf_changed":false,"footnotes":""},"class_list":["post-254","page","type-page","status-publish","hentry"],"acf":[],"yoast_head":"<!-- This site is optimized with the Yoast SEO plugin v27.0 - https:\/\/yoast.com\/product\/yoast-seo-wordpress\/ -->\n<title>Contact - \u015eule Kablo - English<\/title>\n<meta name=\"robots\" content=\"index, follow, max-snippet:-1, max-image-preview:large, max-video-preview:-1\" \/>\n<link rel=\"canonical\" href=\"https:\/\/sulekablo.com.tr\/en\/contact\/\" \/>\n<meta property=\"og:locale\" content=\"tr_TR\" \/>\n<meta property=\"og:type\" content=\"article\" \/>\n<meta property=\"og:title\" content=\"Contact - \u015eule Kablo - English\" \/>\n<meta property=\"og:description\" content=\"[vc_row][vc_column][\/vc_column][vc_column width=&#8221;5\/12&#8243; offset=&#8221;vc_col-md-3&#8243;][vc_column_text el_class=&#8221;&#8221;] Sule Cable Contact Information Office Address: Kavakl\u0131 Mahallesi Farabi Street No:9\/2 Beylikd\u00fcz\u00fc\/\u0130STANBUL Phone: +90\u00a0(532)\u00a0067\u00a051\u00a042 E-Mail: info@sulekablo.com.tr Address: Celaliye K\u00f6y\u00fc Burgaz Yolu No:8 L\u00fcleburgaz\/K\u0131rklareli Phone: +90\u00a0(532)\u00a0067\u00a051\u00a042 E-Mail: info@sulekablo.com.tr [\/vc_column_text][vc_widget_sidebar sidebar_id=&#8221;infocontactus&#8221;][\/vc_column][vc_column width=&#8221;7\/12&#8243; offset=&#8221;vc_col-md-9&#8243;][vc_column_text] With Our Official You Can CommunIcate [\/vc_column_text][gsf_space desktop=&#8221;75&#8243; tablet=&#8221;70&#8243; tablet_portrait=&#8221;60&#8243; mobile_landscape=&#8221;50&#8243; mobile=&#8221;40&#8243;][vc_gmaps link=&#8221;#E-8_JTNDaWZyYW1lJTIwc3JjJTNEJTIyaHR0cHMlM0ElMkYlMkZ3d3cuZ29vZ2xlLmNvbSUyRm1hcHMlMkZlbWJlZCUzRnBiJTNEJTIxMW0xOCUyMTFtMTIlMjExbTMlMjExZDI5ODcuNTMyNjcyODY1ODU4MyUyMTJkMjcuMzYyNzM0OTUxNDY1MjIlMjEzZDQxLjUxNDQwMDk5NTk3MTgyNiUyMTJtMyUyMTFmMCUyMTJmMCUyMTNmMCUyMTNtMiUyMTFpMTAyNCUyMTJpNzY4JTIxNGYxMy4xJTIxM20zJTIxMW0yJTIxMXMweDAlMjUzQTB4NGRkNGRlYzc3MDI1ZTUzZCUyMTJ6TkRIQ3NETXdKelV4TGpnaVRpQXlOOEt3TWpFbk5UTXVOeUpGJTIxNWUwJTIxM20yJTIxMXN0ciUyMTJzdHIlMjE0djE2NDY4MTY2Nzk2MzMlMjE1bTIlMjExc3RyJTIxMnN0ciUyMiUyMHdpZHRoJTNEJTIyNjAwJTIyJTIwaGVpZ2h0JTNEJTIyNDUwJTIyJTIwc3R5bGUlM0QlMjJib3JkZXIlM0EwJTNCJTIyJTIwYWxsb3dmdWxsc2NyZWVuJTNEJTIyJTIyJTIwbG9hZGluZyUzRCUyMmxhenklMjIlM0UlM0MlMkZpZnJhbWUlM0U=&#8221;][\/vc_column][\/vc_row]\" \/>\n<meta property=\"og:url\" content=\"https:\/\/sulekablo.com.tr\/en\/contact\/\" \/>\n<meta property=\"og:site_name\" content=\"\u015eule Kablo - English\" \/>\n<meta property=\"article:modified_time\" content=\"2026-02-06T11:22:46+00:00\" \/>\n<meta name=\"twitter:card\" content=\"summary_large_image\" \/>\n<meta name=\"twitter:label1\" content=\"Tahmini okuma s\u00fcresi\" \/>\n\t<meta name=\"twitter:data1\" content=\"1 dakika\" \/>\n<script type=\"application\/ld+json\" class=\"yoast-schema-graph\">{\"@context\":\"https:\/\/schema.org\",\"@graph\":[{\"@type\":\"WebPage\",\"@id\":\"https:\/\/sulekablo.com.tr\/en\/contact\/\",\"url\":\"https:\/\/sulekablo.com.tr\/en\/contact\/\",\"name\":\"Contact - \u015eule Kablo - English\",\"isPartOf\":{\"@id\":\"https:\/\/sulekablo.com.tr\/en\/#website\"},\"datePublished\":\"2017-07-27T06:27:48+00:00\",\"dateModified\":\"2026-02-06T11:22:46+00:00\",\"breadcrumb\":{\"@id\":\"https:\/\/sulekablo.com.tr\/en\/contact\/#breadcrumb\"},\"inLanguage\":\"tr\",\"potentialAction\":[{\"@type\":\"ReadAction\",\"target\":[\"https:\/\/sulekablo.com.tr\/en\/contact\/\"]}]},{\"@type\":\"BreadcrumbList\",\"@id\":\"https:\/\/sulekablo.com.tr\/en\/contact\/#breadcrumb\",\"itemListElement\":[{\"@type\":\"ListItem\",\"position\":1,\"name\":\"Home\",\"item\":\"https:\/\/sulekablo.com.tr\/en\/\"},{\"@type\":\"ListItem\",\"position\":2,\"name\":\"Contact\"}]},{\"@type\":\"WebSite\",\"@id\":\"https:\/\/sulekablo.com.tr\/en\/#website\",\"url\":\"https:\/\/sulekablo.com.tr\/en\/\",\"name\":\"\u015eule Kablo - English\",\"description\":\"The Latest Technology in Cable Manufacturing\",\"potentialAction\":[{\"@type\":\"SearchAction\",\"target\":{\"@type\":\"EntryPoint\",\"urlTemplate\":\"https:\/\/sulekablo.com.tr\/en\/?s={search_term_string}\"},\"query-input\":{\"@type\":\"PropertyValueSpecification\",\"valueRequired\":true,\"valueName\":\"search_term_string\"}}],\"inLanguage\":\"tr\"}]}<\/script>\n<!-- \/ Yoast SEO plugin. -->","yoast_head_json":{"title":"Contact - \u015eule Kablo - English","robots":{"index":"index","follow":"follow","max-snippet":"max-snippet:-1","max-image-preview":"max-image-preview:large","max-video-preview":"max-video-preview:-1"},"canonical":"https:\/\/sulekablo.com.tr\/en\/contact\/","og_locale":"tr_TR","og_type":"article","og_title":"Contact - \u015eule Kablo - English","og_description":"[vc_row][vc_column][\/vc_column][vc_column width=&#8221;5\/12&#8243; offset=&#8221;vc_col-md-3&#8243;][vc_column_text el_class=&#8221;&#8221;] Sule Cable Contact Information Office Address: Kavakl\u0131 Mahallesi Farabi Street No:9\/2 Beylikd\u00fcz\u00fc\/\u0130STANBUL Phone: +90\u00a0(532)\u00a0067\u00a051\u00a042 E-Mail: info@sulekablo.com.tr Address: Celaliye K\u00f6y\u00fc Burgaz Yolu No:8 L\u00fcleburgaz\/K\u0131rklareli Phone: +90\u00a0(532)\u00a0067\u00a051\u00a042 E-Mail: info@sulekablo.com.tr [\/vc_column_text][vc_widget_sidebar sidebar_id=&#8221;infocontactus&#8221;][\/vc_column][vc_column width=&#8221;7\/12&#8243; offset=&#8221;vc_col-md-9&#8243;][vc_column_text] With Our Official You Can CommunIcate [\/vc_column_text][gsf_space desktop=&#8221;75&#8243; tablet=&#8221;70&#8243; tablet_portrait=&#8221;60&#8243; mobile_landscape=&#8221;50&#8243; mobile=&#8221;40&#8243;][vc_gmaps link=&#8221;#E-8_JTNDaWZyYW1lJTIwc3JjJTNEJTIyaHR0cHMlM0ElMkYlMkZ3d3cuZ29vZ2xlLmNvbSUyRm1hcHMlMkZlbWJlZCUzRnBiJTNEJTIxMW0xOCUyMTFtMTIlMjExbTMlMjExZDI5ODcuNTMyNjcyODY1ODU4MyUyMTJkMjcuMzYyNzM0OTUxNDY1MjIlMjEzZDQxLjUxNDQwMDk5NTk3MTgyNiUyMTJtMyUyMTFmMCUyMTJmMCUyMTNmMCUyMTNtMiUyMTFpMTAyNCUyMTJpNzY4JTIxNGYxMy4xJTIxM20zJTIxMW0yJTIxMXMweDAlMjUzQTB4NGRkNGRlYzc3MDI1ZTUzZCUyMTJ6TkRIQ3NETXdKelV4TGpnaVRpQXlOOEt3TWpFbk5UTXVOeUpGJTIxNWUwJTIxM20yJTIxMXN0ciUyMTJzdHIlMjE0djE2NDY4MTY2Nzk2MzMlMjE1bTIlMjExc3RyJTIxMnN0ciUyMiUyMHdpZHRoJTNEJTIyNjAwJTIyJTIwaGVpZ2h0JTNEJTIyNDUwJTIyJTIwc3R5bGUlM0QlMjJib3JkZXIlM0EwJTNCJTIyJTIwYWxsb3dmdWxsc2NyZWVuJTNEJTIyJTIyJTIwbG9hZGluZyUzRCUyMmxhenklMjIlM0UlM0MlMkZpZnJhbWUlM0U=&#8221;][\/vc_column][\/vc_row]","og_url":"https:\/\/sulekablo.com.tr\/en\/contact\/","og_site_name":"\u015eule Kablo - English","article_modified_time":"2026-02-06T11:22:46+00:00","twitter_card":"summary_large_image","twitter_misc":{"Tahmini okuma s\u00fcresi":"1 dakika"},"schema":{"@context":"https:\/\/schema.org","@graph":[{"@type":"WebPage","@id":"https:\/\/sulekablo.com.tr\/en\/contact\/","url":"https:\/\/sulekablo.com.tr\/en\/contact\/","name":"Contact - \u015eule Kablo - English","isPartOf":{"@id":"https:\/\/sulekablo.com.tr\/en\/#website"},"datePublished":"2017-07-27T06:27:48+00:00","dateModified":"2026-02-06T11:22:46+00:00","breadcrumb":{"@id":"https:\/\/sulekablo.com.tr\/en\/contact\/#breadcrumb"},"inLanguage":"tr","potentialAction":[{"@type":"ReadAction","target":["https:\/\/sulekablo.com.tr\/en\/contact\/"]}]},{"@type":"BreadcrumbList","@id":"https:\/\/sulekablo.com.tr\/en\/contact\/#breadcrumb","itemListElement":[{"@type":"ListItem","position":1,"name":"Home","item":"https:\/\/sulekablo.com.tr\/en\/"},{"@type":"ListItem","position":2,"name":"Contact"}]},{"@type":"WebSite","@id":"https:\/\/sulekablo.com.tr\/en\/#website","url":"https:\/\/sulekablo.com.tr\/en\/","name":"\u015eule Kablo - English","description":"The Latest Technology in Cable Manufacturing","potentialAction":[{"@type":"SearchAction","target":{"@type":"EntryPoint","urlTemplate":"https:\/\/sulekablo.com.tr\/en\/?s={search_term_string}"},"query-input":{"@type":"PropertyValueSpecification","valueRequired":true,"valueName":"search_term_string"}}],"inLanguage":"tr"}]}},"_links":{"self":[{"href":"https:\/\/sulekablo.com.tr\/en\/wp-json\/wp\/v2\/pages\/254","targetHints":{"allow":["GET"]}}],"collection":[{"href":"https:\/\/sulekablo.com.tr\/en\/wp-json\/wp\/v2\/pages"}],"about":[{"href":"https:\/\/sulekablo.com.tr\/en\/wp-json\/wp\/v2\/types\/page"}],"author":[{"embeddable":true,"href":"https:\/\/sulekablo.com.tr\/en\/wp-json\/wp\/v2\/users\/1"}],"replies":[{"embeddable":true,"href":"https:\/\/sulekablo.com.tr\/en\/wp-json\/wp\/v2\/comments?post=254"}],"version-history":[{"count":24,"href":"https:\/\/sulekablo.com.tr\/en\/wp-json\/wp\/v2\/pages\/254\/revisions"}],"predecessor-version":[{"id":2675,"href":"https:\/\/sulekablo.com.tr\/en\/wp-json\/wp\/v2\/pages\/254\/revisions\/2675"}],"wp:attachment":[{"href":"https:\/\/sulekablo.com.tr\/en\/wp-json\/wp\/v2\/media?parent=254"}],"curies":[{"name":"wp","href":"https:\/\/api.w.org\/{rel}","templated":true}]}}